{"id":2088,"date":"2022-12-11T16:45:27","date_gmt":"2022-12-11T16:45:27","guid":{"rendered":"https:\/\/www.minipak.net\/faq\/"},"modified":"2024-05-27T16:29:59","modified_gmt":"2024-05-27T16:29:59","slug":"faq","status":"publish","type":"page","link":"https:\/\/www.minipak.net\/sk\/faq\/","title":{"rendered":"FAQ"},"content":{"rendered":"<section class=\"l-section wpb_row us_custom_ea9b71e6 height_medium\"><div class=\"l-section-h i-cf\"><div class=\"g-cols vc_row via_grid cols_1-3 laptops-cols_inherit tablets-cols_inherit mobiles-cols_1 valign_top type_default stacking_default\"><div class=\"wpb_column vc_column_container\"><div class=\"vc_column-inner\"><\/div><\/div><div class=\"wpb_column vc_column_container\"><div class=\"vc_column-inner\"><div class=\"wpb_text_column us_custom_2aa4ebcf faq_title has_text_color\" id=\"general_title\"><div class=\"wpb_wrapper\"><h1>V\u0161eobecn\u00e9 ot\u00e1zky<\/h1>\n<\/div><\/div><div class=\"wpb_text_column us_custom_2aa4ebcf faq_title has_text_color\" id=\"eco_title\"><div class=\"wpb_wrapper\"><h1>Ekologicky zameran\u00e9 ot\u00e1zky<\/h1>\n<\/div><\/div><\/div><\/div><\/div><\/div><\/section><section class=\"l-section wpb_row us_custom_e4e75ebc faq height_medium\"><div class=\"l-section-h i-cf\"><div class=\"g-cols vc_row via_grid cols_1-3 laptops-cols_inherit tablets-cols_inherit mobiles-cols_1 valign_top type_default stacking_default\"><div class=\"wpb_column vc_column_container\"><div class=\"vc_column-inner\"><div class=\"w-vwrapper us_custom_3ecf6ddf align_none valign_top\" id=\"menu_faq\" style=\"--vwrapper-gap:16px\"><div class=\"w-text us_custom_cd7adb01 faq_menu menu_general active has_text_color\"><a href=\"#general\" class=\"w-text-h\"><span class=\"w-text-value\">V\u0161eobecn\u00e9 ot\u00e1zky<\/span><\/a><\/div><div class=\"w-text us_custom_cd7adb01 faq_menu menu_eco has_text_color\"><a href=\"#eco-sachet\" class=\"w-text-h\"><span class=\"w-text-value\">Ekologicky zameran\u00e9 ot\u00e1zky<\/span><\/a><\/div><\/div><\/div><\/div><div class=\"wpb_column vc_column_container\"><div class=\"vc_column-inner\"><div class=\"w-tabs faq_item style_default switch_click accordion\" style=\"--sections-title-size:inherit\"><div class=\"w-tabs-sections titles-align_none icon_chevron cpos_right\"><div class=\"w-tabs-section active\" id=\"n5b8\"><button class=\"w-tabs-section-header active\" aria-controls=\"content-n5b8\" aria-expanded=\"true\"><div class=\"w-tabs-section-title\">Ak\u00e9 met\u00f3dy tla\u010de pou\u017e\u00edvate?<\/div><div class=\"w-tabs-section-control\"><\/div><\/button><div  class=\"w-tabs-section-content\" id=\"content-n5b8\"><div class=\"w-tabs-section-content-h i-cf\"><div class=\"wpb_text_column us_custom_687a0b20 has_text_color\"><div class=\"wpb_wrapper\"><p>Na potla\u010d men\u0161\u00edch objedn\u00e1vok a objedn\u00e1vok s viacer\u00fdmi grafick\u00fdmi mot\u00edvmi pou\u017e\u00edvame digit\u00e1lnu tla\u010d.<\/p>\n<p>Pri v\u00e4\u010d\u0161\u00edch objedn\u00e1vkach pou\u017e\u00edvame UV ofsetov\u00fa alebo flexografick\u00fa tla\u010d.<\/p>\n<\/div><\/div><\/div><\/div><\/div><div class=\"w-tabs-section\" id=\"h76f\"><button class=\"w-tabs-section-header\" aria-controls=\"content-h76f\" aria-expanded=\"false\"><div class=\"w-tabs-section-title\">Ak\u00e9 produkty viete zabali\u0165?<\/div><div class=\"w-tabs-section-control\"><\/div><\/button><div  class=\"w-tabs-section-content\" id=\"content-h76f\"><div class=\"w-tabs-section-content-h i-cf\"><div class=\"wpb_text_column us_custom_687a0b20 has_text_color\"><div class=\"wpb_wrapper\"><p>Be\u017ene bal\u00edme tekut\u00e9 kozmetick\u00e9 produkty ako kr\u00e9m, g\u00e9l, olej, s\u00e9rum, \u0161amp\u00f3n, mas\u0165 a podobn\u00e9 produkty.<\/p>\n<p>\u010ealej sa venujeme baleniu niektor\u00fdch pr\u00e1\u0161kov ako aj tuh\u00fdch produktov ako kapsuly, tabletky, nikot\u00ednov\u00e9 vrec\u00fa\u0161ka a in\u00e9.<\/p>\n<\/div><\/div><\/div><\/div><\/div><div class=\"w-tabs-section\" id=\"a90e\"><button class=\"w-tabs-section-header\" aria-controls=\"content-a90e\" aria-expanded=\"false\"><div class=\"w-tabs-section-title\">Kde s\u00eddli va\u0161a baliare\u0148?<\/div><div class=\"w-tabs-section-control\"><\/div><\/button><div  class=\"w-tabs-section-content\" id=\"content-a90e\"><div class=\"w-tabs-section-content-h i-cf\"><div class=\"wpb_text_column us_custom_687a0b20 has_text_color\"><div class=\"wpb_wrapper\"><p>Na\u0161e v\u00fdrobn\u00e9 priestory a kancel\u00e1ria sa nach\u00e1dzaj\u00fa v hlavnom meste Slovenska v Bratislave.<\/p>\n<\/div><\/div><\/div><\/div><\/div><div class=\"w-tabs-section\" id=\"kab3\"><button class=\"w-tabs-section-header\" aria-controls=\"content-kab3\" aria-expanded=\"false\"><div class=\"w-tabs-section-title\">Pon\u00fakate baliarensk\u00e9 slu\u017eby aj medzin\u00e1rodn\u00fdm klientom?<\/div><div class=\"w-tabs-section-control\"><\/div><\/button><div  class=\"w-tabs-section-content\" id=\"content-kab3\"><div class=\"w-tabs-section-content-h i-cf\"><div class=\"wpb_text_column us_custom_687a0b20 has_text_color\"><div class=\"wpb_wrapper\"><p>\u00c1no, samozrejme! Hoci s\u00eddlime na Slovensku, v\u00e4\u010d\u0161ina na\u0161ich klientov s\u00fa medzin\u00e1rodn\u00ed v\u00fdrobcovia kozmetiky alebo zna\u010dky z eur\u00f3pskych kraj\u00edn, najm\u00e4 Rak\u00faska, Belgicka, \u010ceskej republiky, D\u00e1nska, F\u00ednska, Franc\u00fazska, Nemecka, Ma\u010farska, Talianska, Litvy, Holandska, Portugalska, Slovinska, a \u0160vaj\u010diarsko.<\/p>\n<p>Niektor\u00ed na\u0161i klienti s\u00fa mimo Eur\u00f3pskej \u00fanie, ako napr\u00edklad Spojen\u00e9 kr\u00e1\u013eovstvo, USA a Kanada.<\/p>\n<\/div><\/div><\/div><\/div><\/div><div class=\"w-tabs-section\" id=\"dc59\"><button class=\"w-tabs-section-header\" aria-controls=\"content-dc59\" aria-expanded=\"false\"><div class=\"w-tabs-section-title\">Ak\u00e9 rozmery vrec\u00fa\u0161ok pon\u00fakate?<\/div><div class=\"w-tabs-section-control\"><\/div><\/button><div  class=\"w-tabs-section-content\" id=\"content-dc59\"><div class=\"w-tabs-section-content-h i-cf\"><div class=\"wpb_text_column us_custom_687a0b20 has_text_color\"><div class=\"wpb_wrapper\"><p>V pr\u00edpade ploch\u00fdch 4-stranne zvaren\u00fdch vrec\u00fa\u0161ok pon\u00fakame rozmery od 50&#215;50 mm do 100&#215;120 mm.<\/p>\n<p>V pr\u00edpade stick pack s\u00e1\u010dkov pon\u00fakame rozmery od 30x50mm do 70x120mm.<\/p>\n<\/div><\/div><\/div><\/div><\/div><div class=\"w-tabs-section\" id=\"hdf2\"><button class=\"w-tabs-section-header\" aria-controls=\"content-hdf2\" aria-expanded=\"false\"><div class=\"w-tabs-section-title\">Ak\u00fd objem plnenia pon\u00fakate?<\/div><div class=\"w-tabs-section-control\"><\/div><\/button><div  class=\"w-tabs-section-content\" id=\"content-hdf2\"><div class=\"w-tabs-section-content-h i-cf\"><div class=\"wpb_text_column us_custom_687a0b20 has_text_color\"><div class=\"wpb_wrapper\"><p>\u0160tandardne v rozp\u00e4t\u00ed 0,5 \u2013 15ml alebo 1 \u2013 10g.<\/p>\n<\/div><\/div><\/div><\/div><\/div><\/div><\/div><div class=\"w-tabs faq_item style_default switch_click accordion\" style=\"--sections-title-size:inherit\"><div class=\"w-tabs-sections titles-align_none icon_chevron cpos_right\"><div class=\"w-tabs-section active\" id=\"i5ee\"><button class=\"w-tabs-section-header active\" aria-controls=\"content-i5ee\" aria-expanded=\"true\"><div class=\"w-tabs-section-title\">Viete predlo\u017ei\u0165 certifik\u00e1t, ktor\u00fd potvrdzuje, \u017ee je v\u00e1\u0161 obal ekologick\u00fd?<\/div><div class=\"w-tabs-section-control\"><\/div><\/button><div  class=\"w-tabs-section-content\" id=\"content-i5ee\"><div class=\"w-tabs-section-content-h i-cf\"><div class=\"wpb_text_column us_custom_687a0b20 has_text_color\"><div class=\"wpb_wrapper\"><p>Samozrejme, pros\u00edm kontaktujte n\u00e1s.<\/p>\n<\/div><\/div><\/div><\/div><\/div><div class=\"w-tabs-section\" id=\"p786\"><button class=\"w-tabs-section-header\" aria-controls=\"content-p786\" aria-expanded=\"false\"><div class=\"w-tabs-section-title\">Je v\u00e1\u0161 eko-obal recyklovate\u013en\u00fd?<\/div><div class=\"w-tabs-section-control\"><\/div><\/button><div  class=\"w-tabs-section-content\" id=\"content-p786\"><div class=\"w-tabs-section-content-h i-cf\"><div class=\"wpb_text_column us_custom_687a0b20 has_text_color\"><div class=\"wpb_wrapper\"><p>\u00c1no.<\/p>\n<\/div><\/div><\/div><\/div><\/div><div class=\"w-tabs-section\" id=\"a91a\"><button class=\"w-tabs-section-header\" aria-controls=\"content-a91a\" aria-expanded=\"false\"><div class=\"w-tabs-section-title\">Je v\u00e1\u0161 eko-obal biologicky rozlo\u017eite\u013en\u00fd \/ kompostovate\u013en\u00fd?<\/div><div class=\"w-tabs-section-control\"><\/div><\/button><div  class=\"w-tabs-section-content\" id=\"content-a91a\"><div class=\"w-tabs-section-content-h i-cf\"><div class=\"wpb_text_column us_custom_687a0b20 has_text_color\"><div class=\"wpb_wrapper\"><p>Nie, n\u00e1\u0161 eko-obal je v\u0161ak recyklovate\u013en\u00fd.<\/p>\n<\/div><\/div><\/div><\/div><\/div><div class=\"w-tabs-section\" id=\"rabd\"><button class=\"w-tabs-section-header\" aria-controls=\"content-rabd\" aria-expanded=\"false\"><div class=\"w-tabs-section-title\">Z \u010doho je v\u00e1\u0161 eko-obal vyroben\u00fd?<\/div><div class=\"w-tabs-section-control\"><\/div><\/button><div  class=\"w-tabs-section-content\" id=\"content-rabd\"><div class=\"w-tabs-section-content-h i-cf\"><div class=\"wpb_text_column us_custom_687a0b20 has_text_color\"><div class=\"wpb_wrapper\"><p>Je vyroben\u00fd z polypropyl\u00e9novej monof\u00f3lie.<\/p>\n<\/div><\/div><\/div><\/div><\/div><div class=\"w-tabs-section\" id=\"xc72\"><button class=\"w-tabs-section-header\" aria-controls=\"content-xc72\" aria-expanded=\"false\"><div class=\"w-tabs-section-title\">Ak\u00e1 je trvanlivos\u0165 produktov zabalen\u00fdch do v\u00e1\u0161ho ekologick\u00e9ho vrec\u00fa\u0161ka?<\/div><div class=\"w-tabs-section-control\"><\/div><\/button><div  class=\"w-tabs-section-content\" id=\"content-xc72\"><div class=\"w-tabs-section-content-h i-cf\"><div class=\"wpb_text_column us_custom_687a0b20 has_text_color\"><div class=\"wpb_wrapper\"><p>Vo v\u0161eobecnosti sa o\u010dak\u00e1va, \u017ee trvanlivos\u0165 zabalen\u00fdch produktov bude medzi 6 \u2013 12 mesiacmi. Je v\u0161ak potrebn\u00e9 vykona\u0165 testy kompatibility a stability, aby sa ur\u010dila presn\u00e1 trvanlivos\u0165 zabalen\u00e9ho produktu.<\/p>\n<\/div><\/div><\/div><\/div><\/div><\/div><\/div><\/div><\/div><\/div><\/div><\/section>\n","protected":false},"excerpt":{"rendered":"V\u0161eobecn\u00e9 ot\u00e1zky Ekologicky zameran\u00e9 ot\u00e1zky V\u0161eobecn\u00e9 ot\u00e1zkyEkologicky zameran\u00e9 ot\u00e1zkyAk\u00e9 met\u00f3dy tla\u010de pou\u017e\u00edvate?Na potla\u010d men\u0161\u00edch objedn\u00e1vok a objedn\u00e1vok s viacer\u00fdmi grafick\u00fdmi mot\u00edvmi pou\u017e\u00edvame digit\u00e1lnu tla\u010d. Pri v\u00e4\u010d\u0161\u00edch objedn\u00e1vkach pou\u017e\u00edvame UV ofsetov\u00fa alebo flexografick\u00fa tla\u010d. Ak\u00e9 produkty viete zabali\u0165?Be\u017ene bal\u00edme tekut\u00e9 kozmetick\u00e9 produkty ako kr\u00e9m, g\u00e9l, olej, s\u00e9rum, \u0161amp\u00f3n, mas\u0165 a podobn\u00e9 produkty. \u010ealej sa venujeme baleniu...","protected":false},"author":1,"featured_media":0,"parent":0,"menu_order":0,"comment_status":"closed","ping_status":"closed","template":"","meta":{"inline_featured_image":false,"footnotes":""},"class_list":["post-2088","page","type-page","status-publish","hentry"],"acf":[],"yoast_head":"<!-- This site is optimized with the Yoast SEO plugin v23.5 - https:\/\/yoast.com\/wordpress\/plugins\/seo\/ -->\n<title>FAQ - minipak<\/title>\n<meta name=\"robots\" content=\"index, follow, max-snippet:-1, max-image-preview:large, max-video-preview:-1\" \/>\n<link rel=\"canonical\" href=\"https:\/\/www.minipak.net\/sk\/faq\/\" \/>\n<meta property=\"og:locale\" content=\"sk_SK\" \/>\n<meta property=\"og:type\" content=\"article\" \/>\n<meta property=\"og:title\" content=\"FAQ - minipak\" \/>\n<meta property=\"og:url\" content=\"https:\/\/www.minipak.net\/sk\/faq\/\" \/>\n<meta property=\"og:site_name\" content=\"minipak\" \/>\n<meta property=\"article:modified_time\" content=\"2024-05-27T16:29:59+00:00\" \/>\n<meta name=\"twitter:card\" content=\"summary_large_image\" \/>\n<meta name=\"twitter:label1\" content=\"Predpokladan\u00fd \u010das \u010d\u00edtania\" \/>\n\t<meta name=\"twitter:data1\" content=\"8 min\u00fat\" \/>\n<script type=\"application\/ld+json\" class=\"yoast-schema-graph\">{\"@context\":\"https:\/\/schema.org\",\"@graph\":[{\"@type\":\"WebPage\",\"@id\":\"https:\/\/www.minipak.net\/sk\/faq\/\",\"url\":\"https:\/\/www.minipak.net\/sk\/faq\/\",\"name\":\"FAQ - minipak\",\"isPartOf\":{\"@id\":\"https:\/\/www.minipak.net\/sk\/#website\"},\"datePublished\":\"2022-12-11T16:45:27+00:00\",\"dateModified\":\"2024-05-27T16:29:59+00:00\",\"breadcrumb\":{\"@id\":\"https:\/\/www.minipak.net\/sk\/faq\/#breadcrumb\"},\"inLanguage\":\"sk-SK\",\"potentialAction\":[{\"@type\":\"ReadAction\",\"target\":[\"https:\/\/www.minipak.net\/sk\/faq\/\"]}]},{\"@type\":\"BreadcrumbList\",\"@id\":\"https:\/\/www.minipak.net\/sk\/faq\/#breadcrumb\",\"itemListElement\":[{\"@type\":\"ListItem\",\"position\":1,\"name\":\"Domovsk\u00e1 str\u00e1nka\",\"item\":\"https:\/\/www.minipak.net\/sk\/\"},{\"@type\":\"ListItem\",\"position\":2,\"name\":\"FAQ\"}]},{\"@type\":\"WebSite\",\"@id\":\"https:\/\/www.minipak.net\/sk\/#website\",\"url\":\"https:\/\/www.minipak.net\/sk\/\",\"name\":\"MINIPAK - Sachet sample packaging\",\"description\":\"\",\"publisher\":{\"@id\":\"https:\/\/www.minipak.net\/sk\/#organization\"},\"potentialAction\":[{\"@type\":\"SearchAction\",\"target\":{\"@type\":\"EntryPoint\",\"urlTemplate\":\"https:\/\/www.minipak.net\/sk\/?s={search_term_string}\"},\"query-input\":{\"@type\":\"PropertyValueSpecification\",\"valueRequired\":true,\"valueName\":\"search_term_string\"}}],\"inLanguage\":\"sk-SK\"},{\"@type\":\"Organization\",\"@id\":\"https:\/\/www.minipak.net\/sk\/#organization\",\"name\":\"MINIPAK\",\"url\":\"https:\/\/www.minipak.net\/sk\/\",\"logo\":{\"@type\":\"ImageObject\",\"inLanguage\":\"sk-SK\",\"@id\":\"https:\/\/www.minipak.net\/sk\/#\/schema\/logo\/image\/\",\"url\":\"https:\/\/www.minipak.net\/wp-content\/uploads\/2022\/12\/logo_minipak.svg\",\"contentUrl\":\"https:\/\/www.minipak.net\/wp-content\/uploads\/2022\/12\/logo_minipak.svg\",\"width\":119,\"height\":32,\"caption\":\"MINIPAK\"},\"image\":{\"@id\":\"https:\/\/www.minipak.net\/sk\/#\/schema\/logo\/image\/\"}}]}<\/script>\n<!-- \/ Yoast SEO plugin. -->","yoast_head_json":{"title":"FAQ - minipak","robots":{"index":"index","follow":"follow","max-snippet":"max-snippet:-1","max-image-preview":"max-image-preview:large","max-video-preview":"max-video-preview:-1"},"canonical":"https:\/\/www.minipak.net\/sk\/faq\/","og_locale":"sk_SK","og_type":"article","og_title":"FAQ - minipak","og_url":"https:\/\/www.minipak.net\/sk\/faq\/","og_site_name":"minipak","article_modified_time":"2024-05-27T16:29:59+00:00","twitter_card":"summary_large_image","twitter_misc":{"Predpokladan\u00fd \u010das \u010d\u00edtania":"8 min\u00fat"},"schema":{"@context":"https:\/\/schema.org","@graph":[{"@type":"WebPage","@id":"https:\/\/www.minipak.net\/sk\/faq\/","url":"https:\/\/www.minipak.net\/sk\/faq\/","name":"FAQ - minipak","isPartOf":{"@id":"https:\/\/www.minipak.net\/sk\/#website"},"datePublished":"2022-12-11T16:45:27+00:00","dateModified":"2024-05-27T16:29:59+00:00","breadcrumb":{"@id":"https:\/\/www.minipak.net\/sk\/faq\/#breadcrumb"},"inLanguage":"sk-SK","potentialAction":[{"@type":"ReadAction","target":["https:\/\/www.minipak.net\/sk\/faq\/"]}]},{"@type":"BreadcrumbList","@id":"https:\/\/www.minipak.net\/sk\/faq\/#breadcrumb","itemListElement":[{"@type":"ListItem","position":1,"name":"Domovsk\u00e1 str\u00e1nka","item":"https:\/\/www.minipak.net\/sk\/"},{"@type":"ListItem","position":2,"name":"FAQ"}]},{"@type":"WebSite","@id":"https:\/\/www.minipak.net\/sk\/#website","url":"https:\/\/www.minipak.net\/sk\/","name":"MINIPAK - Sachet sample packaging","description":"","publisher":{"@id":"https:\/\/www.minipak.net\/sk\/#organization"},"potentialAction":[{"@type":"SearchAction","target":{"@type":"EntryPoint","urlTemplate":"https:\/\/www.minipak.net\/sk\/?s={search_term_string}"},"query-input":{"@type":"PropertyValueSpecification","valueRequired":true,"valueName":"search_term_string"}}],"inLanguage":"sk-SK"},{"@type":"Organization","@id":"https:\/\/www.minipak.net\/sk\/#organization","name":"MINIPAK","url":"https:\/\/www.minipak.net\/sk\/","logo":{"@type":"ImageObject","inLanguage":"sk-SK","@id":"https:\/\/www.minipak.net\/sk\/#\/schema\/logo\/image\/","url":"https:\/\/www.minipak.net\/wp-content\/uploads\/2022\/12\/logo_minipak.svg","contentUrl":"https:\/\/www.minipak.net\/wp-content\/uploads\/2022\/12\/logo_minipak.svg","width":119,"height":32,"caption":"MINIPAK"},"image":{"@id":"https:\/\/www.minipak.net\/sk\/#\/schema\/logo\/image\/"}}]}},"_links":{"self":[{"href":"https:\/\/www.minipak.net\/sk\/wp-json\/wp\/v2\/pages\/2088","targetHints":{"allow":["GET"]}}],"collection":[{"href":"https:\/\/www.minipak.net\/sk\/wp-json\/wp\/v2\/pages"}],"about":[{"href":"https:\/\/www.minipak.net\/sk\/wp-json\/wp\/v2\/types\/page"}],"author":[{"embeddable":true,"href":"https:\/\/www.minipak.net\/sk\/wp-json\/wp\/v2\/users\/1"}],"replies":[{"embeddable":true,"href":"https:\/\/www.minipak.net\/sk\/wp-json\/wp\/v2\/comments?post=2088"}],"version-history":[{"count":2,"href":"https:\/\/www.minipak.net\/sk\/wp-json\/wp\/v2\/pages\/2088\/revisions"}],"predecessor-version":[{"id":2484,"href":"https:\/\/www.minipak.net\/sk\/wp-json\/wp\/v2\/pages\/2088\/revisions\/2484"}],"wp:attachment":[{"href":"https:\/\/www.minipak.net\/sk\/wp-json\/wp\/v2\/media?parent=2088"}],"curies":[{"name":"wp","href":"https:\/\/api.w.org\/{rel}","templated":true}]}}