{"id":2051,"date":"2023-02-04T22:11:27","date_gmt":"2023-02-04T22:11:27","guid":{"rendered":"https:\/\/www.minipak.net\/impressum\/"},"modified":"2024-05-14T16:49:22","modified_gmt":"2024-05-14T16:49:22","slug":"impressum","status":"publish","type":"page","link":"https:\/\/www.minipak.net\/sk\/impressum\/","title":{"rendered":"Impressum"},"content":{"rendered":"<section class=\"l-section wpb_row us_custom_e5142fcc height_medium\"><div class=\"l-section-h i-cf\"><div class=\"g-cols vc_row via_grid cols_1 laptops-cols_inherit tablets-cols_inherit mobiles-cols_1 valign_top type_default reversed stacking_default\"><div class=\"wpb_column vc_column_container\"><div class=\"vc_column-inner\"><div class=\"wpb_text_column us_custom_e469de7f has_text_color\"><div class=\"wpb_wrapper\"><h1>Impressum<\/h1>\n<\/div><\/div><div class=\"wpb_text_column\"><div class=\"wpb_wrapper\"><p>Obchodn\u00fd n\u00e1zov: MINIPAK s.r.o.<br \/>\nAdresa: J. Hagaru 9, 831 51 Bratislava &#8211; Ra\u010da, Slovakia<br \/>\nI\u010cO: 36673404<br \/>\nI\u010c DPH: SK2022240429<\/p>\n<p>Telef\u00f3nne \u010d\u00edslo: +421 948 033 286<br \/>\nEmail: info@minipak.net<\/p>\n<p>Spolo\u010dnos\u0165 je zap\u00edsan\u00e1 v Obchodnom registri Okresn\u00e9ho s\u00fadu Bratislava I, oddiel Sro, vlo\u017eka \u010d. 42222\/B.<\/p>\n<p><strong>Bankov\u00e9 spojenie:<\/strong><br \/>\nTatra banka, a. s.<br \/>\nIBAN: SK89 1100 0000 0026 2202 9376<br \/>\nSWIFT: TATRSKBX<\/p>\n<p><strong>Vyl\u00fa\u010denia zodpovednosti:<\/strong><br \/>\nV\u0161etky texty, obr\u00e1zky a referencie boli zostaven\u00e9 a overen\u00e9 spolo\u010dnos\u0165ou MINIPAK s.r.o. s maxim\u00e1lnou starostlivos\u0165ou. Chyby v\u0161ak nemo\u017eno \u00faplne vyl\u00fa\u010di\u0165. MINIPAK s.r.o. nem\u00f4\u017ee prevzia\u0165 \u017eiadnu pr\u00e1vnu ani in\u00fa zodpovednos\u0165 za chybn\u00e9 inform\u00e1cie alebo n\u00e1sledn\u00e9 straty vypl\u00fdvaj\u00face z pou\u017e\u00edvania tejto webovej str\u00e1nky.<\/p>\n<p><strong>Copyright:<\/strong><br \/>\n\u00a9 Copyright 2024. V\u0161etky pr\u00e1va vyhraden\u00e9.<\/p>\n<p>V\u0161etky texty, obr\u00e1zky a odkazy, ako aj dizajn tejto webovej str\u00e1nky podliehaj\u00fa autorsk\u00fdm pr\u00e1vam a v\u0161etk\u00fdm ostatn\u00fdm z\u00e1konom na ochranu du\u0161evn\u00e9ho vlastn\u00edctva. Ak\u00e9ko\u013evek pou\u017eitie, aj vo forme v\u00fdpisov, bez p\u00edsomn\u00e9ho s\u00fahlasu MINIPAK s.r.o. poru\u0161uje autorsk\u00e9 pr\u00e1va; je preto trestn\u00e9 a ur\u010dite povedie k trestn\u00e9mu st\u00edhaniu. To plat\u00ed pre ak\u00fako\u013evek formu spracovania, reprodukcie alebo distrib\u00facie vo v\u0161etk\u00fdch m\u00e9di\u00e1ch, bez oh\u013eadu na formu, ale najm\u00e4 s pou\u017eit\u00edm elektronick\u00fdch syst\u00e9mov.<\/p>\n<\/div><\/div><\/div><\/div><\/div><\/div><\/section>\n","protected":false},"excerpt":{"rendered":"Impressum Obchodn\u00fd n\u00e1zov: MINIPAK s.r.o. Adresa: J. Hagaru 9, 831 51 Bratislava &#8211; Ra\u010da, Slovakia I\u010cO: 36673404 I\u010c DPH: SK2022240429 Telef\u00f3nne \u010d\u00edslo: +421 948 033 286 Email: info@minipak.net Spolo\u010dnos\u0165 je zap\u00edsan\u00e1 v Obchodnom registri Okresn\u00e9ho s\u00fadu Bratislava I, oddiel Sro, vlo\u017eka \u010d. 42222\/B. Bankov\u00e9 spojenie: Tatra banka, a. s. IBAN: SK89 1100 0000 0026 2202...","protected":false},"author":1,"featured_media":0,"parent":0,"menu_order":0,"comment_status":"closed","ping_status":"closed","template":"","meta":{"inline_featured_image":false,"footnotes":""},"class_list":["post-2051","page","type-page","status-publish","hentry"],"acf":[],"yoast_head":"<!-- This site is optimized with the Yoast SEO plugin v23.5 - https:\/\/yoast.com\/wordpress\/plugins\/seo\/ -->\n<title>Impressum - minipak<\/title>\n<meta name=\"robots\" content=\"index, follow, max-snippet:-1, max-image-preview:large, max-video-preview:-1\" \/>\n<link rel=\"canonical\" href=\"https:\/\/www.minipak.net\/sk\/impressum\/\" \/>\n<meta property=\"og:locale\" content=\"sk_SK\" \/>\n<meta property=\"og:type\" content=\"article\" \/>\n<meta property=\"og:title\" content=\"Impressum - minipak\" \/>\n<meta property=\"og:url\" content=\"https:\/\/www.minipak.net\/sk\/impressum\/\" \/>\n<meta property=\"og:site_name\" content=\"minipak\" \/>\n<meta property=\"article:modified_time\" content=\"2024-05-14T16:49:22+00:00\" \/>\n<meta name=\"twitter:card\" content=\"summary_large_image\" \/>\n<meta name=\"twitter:label1\" content=\"Predpokladan\u00fd \u010das \u010d\u00edtania\" \/>\n\t<meta name=\"twitter:data1\" content=\"2 min\u00faty\" \/>\n<script type=\"application\/ld+json\" class=\"yoast-schema-graph\">{\"@context\":\"https:\/\/schema.org\",\"@graph\":[{\"@type\":\"WebPage\",\"@id\":\"https:\/\/www.minipak.net\/sk\/impressum\/\",\"url\":\"https:\/\/www.minipak.net\/sk\/impressum\/\",\"name\":\"Impressum - minipak\",\"isPartOf\":{\"@id\":\"https:\/\/www.minipak.net\/sk\/#website\"},\"datePublished\":\"2023-02-04T22:11:27+00:00\",\"dateModified\":\"2024-05-14T16:49:22+00:00\",\"breadcrumb\":{\"@id\":\"https:\/\/www.minipak.net\/sk\/impressum\/#breadcrumb\"},\"inLanguage\":\"sk-SK\",\"potentialAction\":[{\"@type\":\"ReadAction\",\"target\":[\"https:\/\/www.minipak.net\/sk\/impressum\/\"]}]},{\"@type\":\"BreadcrumbList\",\"@id\":\"https:\/\/www.minipak.net\/sk\/impressum\/#breadcrumb\",\"itemListElement\":[{\"@type\":\"ListItem\",\"position\":1,\"name\":\"Domovsk\u00e1 str\u00e1nka\",\"item\":\"https:\/\/www.minipak.net\/sk\/\"},{\"@type\":\"ListItem\",\"position\":2,\"name\":\"Impressum\"}]},{\"@type\":\"WebSite\",\"@id\":\"https:\/\/www.minipak.net\/sk\/#website\",\"url\":\"https:\/\/www.minipak.net\/sk\/\",\"name\":\"MINIPAK - Sachet sample packaging\",\"description\":\"\",\"publisher\":{\"@id\":\"https:\/\/www.minipak.net\/sk\/#organization\"},\"potentialAction\":[{\"@type\":\"SearchAction\",\"target\":{\"@type\":\"EntryPoint\",\"urlTemplate\":\"https:\/\/www.minipak.net\/sk\/?s={search_term_string}\"},\"query-input\":{\"@type\":\"PropertyValueSpecification\",\"valueRequired\":true,\"valueName\":\"search_term_string\"}}],\"inLanguage\":\"sk-SK\"},{\"@type\":\"Organization\",\"@id\":\"https:\/\/www.minipak.net\/sk\/#organization\",\"name\":\"MINIPAK\",\"url\":\"https:\/\/www.minipak.net\/sk\/\",\"logo\":{\"@type\":\"ImageObject\",\"inLanguage\":\"sk-SK\",\"@id\":\"https:\/\/www.minipak.net\/sk\/#\/schema\/logo\/image\/\",\"url\":\"https:\/\/www.minipak.net\/wp-content\/uploads\/2022\/12\/logo_minipak.svg\",\"contentUrl\":\"https:\/\/www.minipak.net\/wp-content\/uploads\/2022\/12\/logo_minipak.svg\",\"width\":119,\"height\":32,\"caption\":\"MINIPAK\"},\"image\":{\"@id\":\"https:\/\/www.minipak.net\/sk\/#\/schema\/logo\/image\/\"}}]}<\/script>\n<!-- \/ Yoast SEO plugin. -->","yoast_head_json":{"title":"Impressum - minipak","robots":{"index":"index","follow":"follow","max-snippet":"max-snippet:-1","max-image-preview":"max-image-preview:large","max-video-preview":"max-video-preview:-1"},"canonical":"https:\/\/www.minipak.net\/sk\/impressum\/","og_locale":"sk_SK","og_type":"article","og_title":"Impressum - minipak","og_url":"https:\/\/www.minipak.net\/sk\/impressum\/","og_site_name":"minipak","article_modified_time":"2024-05-14T16:49:22+00:00","twitter_card":"summary_large_image","twitter_misc":{"Predpokladan\u00fd \u010das \u010d\u00edtania":"2 min\u00faty"},"schema":{"@context":"https:\/\/schema.org","@graph":[{"@type":"WebPage","@id":"https:\/\/www.minipak.net\/sk\/impressum\/","url":"https:\/\/www.minipak.net\/sk\/impressum\/","name":"Impressum - minipak","isPartOf":{"@id":"https:\/\/www.minipak.net\/sk\/#website"},"datePublished":"2023-02-04T22:11:27+00:00","dateModified":"2024-05-14T16:49:22+00:00","breadcrumb":{"@id":"https:\/\/www.minipak.net\/sk\/impressum\/#breadcrumb"},"inLanguage":"sk-SK","potentialAction":[{"@type":"ReadAction","target":["https:\/\/www.minipak.net\/sk\/impressum\/"]}]},{"@type":"BreadcrumbList","@id":"https:\/\/www.minipak.net\/sk\/impressum\/#breadcrumb","itemListElement":[{"@type":"ListItem","position":1,"name":"Domovsk\u00e1 str\u00e1nka","item":"https:\/\/www.minipak.net\/sk\/"},{"@type":"ListItem","position":2,"name":"Impressum"}]},{"@type":"WebSite","@id":"https:\/\/www.minipak.net\/sk\/#website","url":"https:\/\/www.minipak.net\/sk\/","name":"MINIPAK - Sachet sample packaging","description":"","publisher":{"@id":"https:\/\/www.minipak.net\/sk\/#organization"},"potentialAction":[{"@type":"SearchAction","target":{"@type":"EntryPoint","urlTemplate":"https:\/\/www.minipak.net\/sk\/?s={search_term_string}"},"query-input":{"@type":"PropertyValueSpecification","valueRequired":true,"valueName":"search_term_string"}}],"inLanguage":"sk-SK"},{"@type":"Organization","@id":"https:\/\/www.minipak.net\/sk\/#organization","name":"MINIPAK","url":"https:\/\/www.minipak.net\/sk\/","logo":{"@type":"ImageObject","inLanguage":"sk-SK","@id":"https:\/\/www.minipak.net\/sk\/#\/schema\/logo\/image\/","url":"https:\/\/www.minipak.net\/wp-content\/uploads\/2022\/12\/logo_minipak.svg","contentUrl":"https:\/\/www.minipak.net\/wp-content\/uploads\/2022\/12\/logo_minipak.svg","width":119,"height":32,"caption":"MINIPAK"},"image":{"@id":"https:\/\/www.minipak.net\/sk\/#\/schema\/logo\/image\/"}}]}},"_links":{"self":[{"href":"https:\/\/www.minipak.net\/sk\/wp-json\/wp\/v2\/pages\/2051","targetHints":{"allow":["GET"]}}],"collection":[{"href":"https:\/\/www.minipak.net\/sk\/wp-json\/wp\/v2\/pages"}],"about":[{"href":"https:\/\/www.minipak.net\/sk\/wp-json\/wp\/v2\/types\/page"}],"author":[{"embeddable":true,"href":"https:\/\/www.minipak.net\/sk\/wp-json\/wp\/v2\/users\/1"}],"replies":[{"embeddable":true,"href":"https:\/\/www.minipak.net\/sk\/wp-json\/wp\/v2\/comments?post=2051"}],"version-history":[{"count":4,"href":"https:\/\/www.minipak.net\/sk\/wp-json\/wp\/v2\/pages\/2051\/revisions"}],"predecessor-version":[{"id":2425,"href":"https:\/\/www.minipak.net\/sk\/wp-json\/wp\/v2\/pages\/2051\/revisions\/2425"}],"wp:attachment":[{"href":"https:\/\/www.minipak.net\/sk\/wp-json\/wp\/v2\/media?parent=2051"}],"curies":[{"name":"wp","href":"https:\/\/api.w.org\/{rel}","templated":true}]}}