{"id":2034,"date":"2023-06-24T15:32:57","date_gmt":"2023-06-24T15:32:57","guid":{"rendered":"https:\/\/www.minipak.net\/recyclable-sachet\/"},"modified":"2025-11-26T13:25:08","modified_gmt":"2025-11-26T13:25:08","slug":"eko-vrecuska","status":"publish","type":"page","link":"https:\/\/www.minipak.net\/sk\/eko-vrecuska\/","title":{"rendered":"Recyklovate\u013en\u00e9 vrec\u00fa\u0161ka Sampless"},"content":{"rendered":"<section class=\"l-section wpb_row us_custom_e5142fcc height_medium\"><div class=\"l-section-h i-cf\"><div class=\"g-cols vc_row via_grid cols_2 laptops-cols_inherit tablets-cols_inherit mobiles-cols_1 valign_top type_default stacking_default\"><div class=\"wpb_column vc_column_container\"><div class=\"vc_column-inner\"><div class=\"w-slider pak_gallery style_none fit_cover\"><div class=\"w-slider-h\"><div class=\"royalSlider\"><div class=\"rsContent\"><a class=\"rsImg\" data-rsw=\"1000\" data-rsh=\"667\" href=\"https:\/\/www.minipak.net\/wp-content\/uploads\/2023\/10\/1-eco-sachets.png\"><span data-alt=\"Recyclable sachets by minipak.\"><\/span><\/a><\/div><\/div><img decoding=\"async\" src=\"https:\/\/www.minipak.net\/wp-content\/uploads\/2023\/10\/1-eco-sachets.png\" width=\"1000\" height=\"667\" alt=\"Recyclable sachets by minipak.\" loading=\"lazy\"><\/div><div class=\"w-slider-json\" onclick='return {&quot;loop&quot;:true,&quot;fadeInLoadedSlide&quot;:false,&quot;slidesSpacing&quot;:0,&quot;imageScalePadding&quot;:0,&quot;numImagesToPreload&quot;:2,&quot;arrowsNav&quot;:false,&quot;arrowsNavAutoHide&quot;:false,&quot;transitionType&quot;:&quot;move&quot;,&quot;transitionSpeed&quot;:250,&quot;block&quot;:{&quot;moveEffect&quot;:&quot;none&quot;,&quot;speed&quot;:300},&quot;controlNavigation&quot;:&quot;none&quot;,&quot;imageScaleMode&quot;:&quot;fill&quot;,&quot;autoScaleSlider&quot;:true,&quot;autoScaleSliderWidth&quot;:1000,&quot;autoScaleSliderHeight&quot;:667,&quot;fitInViewport&quot;:false}'><\/div><\/div><\/div><\/div><div class=\"wpb_column vc_column_container us_custom_6c87170b faq just\"><div class=\"vc_column-inner\"><div class=\"wpb_text_column us_custom_2bddcc3c has_text_color\"><div class=\"wpb_wrapper\"><h1>Recyklovate\u013en\u00e9 vrec\u00fa\u0161ka Sampless\u2122<\/h1>\n<\/div><\/div><div class=\"w-hwrapper us_custom_1b04de86 align_none valign_top\" style=\"--hwrapper-gap:1.20rem\"><div class=\"w-iconbox hide_on_tablets hide_on_mobiles iconpos_top style_default color_primary align_center no_title no_text\"><div class=\"w-iconbox-icon\" style=\"font-size:1.5rem;\"><i class=\"far fa-lightbulb\"><\/i><\/div><div class=\"w-iconbox-meta\"><\/div><\/div><div class=\"wpb_text_column hide_on_tablets hide_on_mobiles\"><div class=\"wpb_wrapper\"><p><strong>MOQ:<\/strong> 5 000 ks<\/p>\n<\/div><\/div><div class=\"wpb_text_column us_custom_a833bf3c hide_on_tablets hide_on_mobiles\"><div class=\"wpb_wrapper\"><p><strong>Objem plnenia:<\/strong> 0,5 \u2013 15 ml<\/p>\n<\/div><\/div><div class=\"wpb_text_column hide_on_tablets hide_on_mobiles\"><div class=\"wpb_wrapper\"><p><strong>Lak:<\/strong> leskl\u00fd alebo matn\u00fd<\/p>\n<\/div><\/div><\/div><div class=\"wpb_text_column us_custom_cc260cac has_text_color hide_on_tablets hide_on_mobiles\"><div class=\"wpb_wrapper\"><p>H\u013ead\u00e1te ekologick\u00e9 rie\u0161enie pre <a href=\"https:\/\/www.minipak.net\/sk\/\">balenie va\u0161ich kozmetick\u00fdch vzoriek<\/a> alebo jednoporciov\u00fdch v\u00fdrobkov? V takom pr\u00edpade s\u00fa na\u0161e vrec\u00fa\u0161ka z polypropyl\u00e9nu t\u00fdm spr\u00e1vnym rie\u0161en\u00edm.<\/p>\n<p>Zmluvne zabal\u00edme va\u0161e kozmetick\u00e9 alebo potravin\u00e1rske v\u00fdrobky, od kr\u00e9mov po sypk\u00e9 alebo kusov\u00e9 v\u00fdrobky.<\/p>\n<p>Pon\u00fakame v\u00e1m minim\u00e1lne odbern\u00e9 mno\u017estvo 5 000 ks\/produkt, objem plnenia od 0,5ml do 15ml\/balenie a prec\u00edznu potla\u010d s lesklou alebo matnou povrchovou \u00fapravou.<\/p>\n<\/div><\/div><div class=\"wpb_text_column us_custom_cc260cac has_text_color hide_on_default hide_on_laptops\"><div class=\"wpb_wrapper\"><p>H\u013ead\u00e1te ekologick\u00e9 rie\u0161enie pre <a href=\"https:\/\/www.minipak.net\/sk\/\">balenie va\u0161ich kozmetick\u00fdch vzoriek<\/a> alebo jednoporciov\u00fdch v\u00fdrobkov? V takom pr\u00edpade s\u00fa na\u0161e vrec\u00fa\u0161ka z polypropyl\u00e9nu t\u00fdm spr\u00e1vnym rie\u0161en\u00edm.<\/p>\n<p>Zmluvne zabal\u00edme va\u0161e kozmetick\u00e9 alebo potravin\u00e1rske v\u00fdrobky, od kr\u00e9mov po sypk\u00e9 alebo kusov\u00e9 v\u00fdrobky.<\/p>\n<p>Pon\u00fakame v\u00e1m minim\u00e1lne odbern\u00e9 mno\u017estvo 5 000 ks\/produkt, objem plnenia od 0,5ml do 15ml\/balenie a prec\u00edznu potla\u010d s lesklou alebo matnou povrchovou \u00fapravou.<\/p>\n<\/div><\/div><div class=\"w-hwrapper us_custom_9de1e360 btn_streching align_none valign_top wrap\" style=\"--hwrapper-gap:13px\"><div class=\"w-btn-wrapper align_none\"><a class=\"w-btn us-btn-style_1 us_custom_d4f3a8e0 open_form us_animate_this icon_atright\" href=\"#form\"><span class=\"w-btn-label\">Kontaktujte n\u00e1s<\/span><i class=\"fas fa-chevron-right\"><\/i><\/a><\/div><\/div><\/div><\/div><\/div><\/div><\/section><section class=\"l-section wpb_row us_custom_e8bf21ea three_section height_medium\"><div class=\"l-section-h i-cf\"><div class=\"g-cols vc_row via_grid cols_3 laptops-cols_inherit tablets-cols_inherit mobiles-cols_1 valign_top type_default stacking_default\" style=\"grid-gap:13px;\"><div class=\"wpb_column vc_column_container\"><div class=\"vc_column-inner\"><div class=\"w-hwrapper align_none valign_top\" style=\"--hwrapper-gap:13px\"><div class=\"w-image us_custom_3ef3ea6e align_none\"><div class=\"w-image-h\"><img decoding=\"async\" src=\"https:\/\/www.minipak.net\/wp-content\/uploads\/2023\/10\/menej-odpadu.svg\" class=\"attachment-full size-full\" alt=\"\" \/><\/div><\/div><div class=\"w-vwrapper align_none valign_top\" style=\"--vwrapper-gap:8px\"><div class=\"wpb_text_column us_custom_767709ed has_text_color\"><div class=\"wpb_wrapper\"><p>Menej odpadu<\/p>\n<\/div><\/div><div class=\"wpb_text_column us_custom_ec60cf73 has_text_color\"><div class=\"wpb_wrapper\"><p>Na\u0161e ekologick\u00e9 vrec\u00fa\u0161ka s\u00fa recyklovate\u013en\u00e9. V\u010faka \u010domu sa m\u00f4\u017eu sta\u0165 s\u00fa\u010das\u0165ou udr\u017eate\u013en\u00e9ho hospod\u00e1rstva.<\/p>\n<\/div><\/div><\/div><\/div><\/div><\/div><div class=\"wpb_column vc_column_container\"><div class=\"vc_column-inner\"><div class=\"w-hwrapper align_none valign_top\" style=\"--hwrapper-gap:13px\"><div class=\"w-image us_custom_3ef3ea6e align_none\"><div class=\"w-image-h\"><img decoding=\"async\" src=\"https:\/\/www.minipak.net\/wp-content\/uploads\/2023\/10\/uhlikova-stopa.svg\" class=\"attachment-full size-full\" alt=\"\" \/><\/div><\/div><div class=\"w-vwrapper align_none valign_top\" style=\"--vwrapper-gap:8px\"><div class=\"wpb_text_column us_custom_767709ed has_text_color\"><div class=\"wpb_wrapper\"><p>Ni\u017e\u0161ia uhl\u00edkov\u00e1 stopa<\/p>\n<\/div><\/div><div class=\"wpb_text_column us_custom_ec60cf73 has_text_color\"><div class=\"wpb_wrapper\"><p>Na rozde\u013e od \u0161tandardn\u00fdch viacvrstvov\u00fdch f\u00f3li\u00ed, ktor\u00e9 sa be\u017ene pou\u017e\u00edvaj\u00fa v kozmetickom priemysle, sa pri v\u00fdrobe polypropyl\u00e9novej mono-f\u00f3lie uvo\u013en\u00ed do ovzdu\u0161ia menej oxidu uhli\u010dit\u00e9ho.<\/p>\n<\/div><\/div><\/div><\/div><\/div><\/div><div class=\"wpb_column vc_column_container\"><div class=\"vc_column-inner\"><div class=\"w-hwrapper align_none valign_top\" style=\"--hwrapper-gap:13px\"><div class=\"w-image us_custom_3ef3ea6e align_none\"><div class=\"w-image-h\"><img decoding=\"async\" src=\"https:\/\/www.minipak.net\/wp-content\/uploads\/2023\/10\/menej-obalu.svg\" class=\"attachment-full size-full\" alt=\"\" \/><\/div><\/div><div class=\"w-vwrapper align_none valign_top\" style=\"--vwrapper-gap:8px\"><div class=\"wpb_text_column us_custom_767709ed has_text_color\"><div class=\"wpb_wrapper\"><p>Menej obalu<\/p>\n<\/div><\/div><div class=\"wpb_text_column us_custom_ec60cf73 has_text_color\"><div class=\"wpb_wrapper\"><p>Na\u0161e Sampless\u2122 vrec\u00fa\u0161ka s\u00fa v porovnan\u00ed s be\u017en\u00fdmi viacvrstvov\u00fdmi hlin\u00edkov\u00fdmi vrec\u00fa\u0161kami \u013eah\u0161ie o 20%.<\/p>\n<\/div><\/div><\/div><\/div><\/div><\/div><\/div><\/div><\/section><section class=\"l-section wpb_row us_custom_d5884244 height_medium\"><div class=\"l-section-h i-cf\"><div class=\"g-cols vc_row via_grid cols_2 laptops-cols_inherit tablets-cols_inherit mobiles-cols_1 valign_middle type_default stacking_default\"><div class=\"wpb_column vc_column_container us_custom_34da2785\"><div class=\"vc_column-inner\"><div class=\"g-cols wpb_row us_custom_29c2b99a via_grid cols_1 laptops-cols_inherit tablets-cols_inherit mobiles-cols_1 valign_middle type_default stacking_default\"><div class=\"wpb_column vc_column_container\"><div class=\"vc_column-inner\"><div class=\"wpb_text_column us_custom_be37e48e has_text_color\"><div class=\"wpb_wrapper\"><h2 class=\"p1\">H\u013ead\u00e1te rie\u0161enie s\u00a0vy\u0161\u0161ou pridanou hodnotou?<\/h2>\n<\/div><\/div><div class=\"wpb_text_column us_custom_6cd7f7a0 has_text_color\"><div class=\"wpb_wrapper\"><p>Vrec\u00fa\u0161ka pre v\u00e1s radi nalep\u00edme na karti\u010dky alebo zabal\u00edme do krabi\u010diek s\u00a0potla\u010dou.<\/p>\n<\/div><\/div><div class=\"w-btn-wrapper align_left\"><a class=\"w-btn us-btn-style_7 us_custom_59f8a9dd has_text_color\" title=\"Aluminum-based sachet\" href=\"https:\/\/www.minipak.net\/sk\/kontakt\/\"><span class=\"w-btn-label\">Kontaktujte n\u00e1s<\/span><\/a><\/div><\/div><\/div><\/div><\/div><\/div><div class=\"wpb_column vc_column_container us_custom_ae7301c9\"><div class=\"vc_column-inner\"><div class=\"w-image us_custom_45e749fe img_100 align_center\"><div class=\"w-image-h\"><img loading=\"lazy\" decoding=\"async\" width=\"1000\" height=\"645\" src=\"https:\/\/www.minipak.net\/wp-content\/uploads\/2024\/10\/Discovery-box-with-sachet-1-png.webp\" class=\"attachment-full size-full\" alt=\"\" \/><\/div><\/div><\/div><\/div><\/div><\/div><\/section><section class=\"l-section wpb_row us_custom_24088483 faq height_medium\"><div class=\"l-section-h i-cf\"><div class=\"g-cols vc_row via_grid cols_1-2 laptops-cols_inherit tablets-cols_inherit mobiles-cols_1 valign_top type_default stacking_default\"><div class=\"wpb_column vc_column_container\"><div class=\"vc_column-inner\"><div class=\"wpb_text_column us_custom_7c272b90 has_text_color\"><div class=\"wpb_wrapper\"><h2>\u010casto kladen\u00e9 ot\u00e1zky<\/h2>\n<\/div><\/div><div class=\"wpb_text_column us_custom_2126d6d1 has_text_color\"><div class=\"wpb_wrapper\"><p>Nena\u0161li ste odpove\u010f? Kontaktujte n\u00e1s na\u00a0<a href=\"mailto:info@minipak.net\">info@minipak.net<\/a>.<\/p>\n<\/div><\/div><div class=\"w-btn-wrapper align_none\"><a class=\"w-btn us-btn-style_4 icon_atright\" title=\"ot\u00e1zky a odpovede\" href=\"\/sk\/faq\/\"><span class=\"w-btn-label\">Viac<\/span><i class=\"fas fa-arrow-right\"><\/i><\/a><\/div><\/div><\/div><div class=\"wpb_column vc_column_container\"><div class=\"vc_column-inner\"><div class=\"w-tabs style_default switch_click accordion\" style=\"--sections-title-size:inherit\"><div class=\"w-tabs-sections titles-align_none icon_chevron cpos_right\"><div class=\"w-tabs-section\" id=\"ka09\"><button class=\"w-tabs-section-header\" aria-controls=\"content-ka09\" aria-expanded=\"false\"><div class=\"w-tabs-section-title\">Ako prebieha proces v\u00fdroby vrec\u00fa\u0161ok?<\/div><div class=\"w-tabs-section-control\"><\/div><\/button><div  class=\"w-tabs-section-content\" id=\"content-ka09\"><div class=\"w-tabs-section-content-h i-cf\"><div class=\"wpb_text_column us_custom_687a0b20 has_text_color\"><div class=\"wpb_wrapper\"><ul>\n<li>Vypl\u0148te na\u0161u interakt\u00edvnu cenov\u00fa kalkula\u010dku alebo n\u00e1s kontaktujte a povedzte n\u00e1m viac o Va\u0161om projekte. Na z\u00e1klade dodan\u00fdch inform\u00e1ci\u00ed V\u00e1m predlo\u017e\u00edme predbe\u017en\u00fa cenov\u00fa ponuku.<\/li>\n<li>Po dodan\u00ed grafiky a vzoriek Va\u0161ich produktov V\u00e1m potvrd\u00edme fin\u00e1lnu cenu.<\/li>\n<li>Po uhraden\u00ed z\u00e1lohy zad\u00e1me objedn\u00e1vku do tla\u010de.<\/li>\n<li>Po dodan\u00ed Va\u0161ich produktov prist\u00fapime k baleniu.<\/li>\n<\/ul>\n<\/div><\/div><\/div><\/div><\/div><div class=\"w-tabs-section\" id=\"kbbf\"><button class=\"w-tabs-section-header\" aria-controls=\"content-kbbf\" aria-expanded=\"false\"><div class=\"w-tabs-section-title\">Ako dlho trv\u00e1 v\u00fdroba?<\/div><div class=\"w-tabs-section-control\"><\/div><\/button><div  class=\"w-tabs-section-content\" id=\"content-kbbf\"><div class=\"w-tabs-section-content-h i-cf\"><div class=\"wpb_text_column us_custom_687a0b20 has_text_color\"><div class=\"wpb_wrapper\"><p>\u0160tandardn\u00fd \u010das v\u00fdroby je 6 &#8211; 8 t\u00fd\u017ed\u0148ov.<\/p>\n<\/div><\/div><\/div><\/div><\/div><div class=\"w-tabs-section\" id=\"td6e\"><button class=\"w-tabs-section-header\" aria-controls=\"content-td6e\" aria-expanded=\"false\"><div class=\"w-tabs-section-title\">M\u00e1te v ponuke vrec\u00fa\u0161ka z ekologickej f\u00f3lie?<\/div><div class=\"w-tabs-section-control\"><\/div><\/button><div  class=\"w-tabs-section-content\" id=\"content-td6e\"><div class=\"w-tabs-section-content-h i-cf\"><div class=\"wpb_text_column us_custom_687a0b20 has_text_color\"><div class=\"wpb_wrapper\"><p>\u00c1no, v ponuke m\u00e1me recyklovate\u013en\u00fa f\u00f3liu z polypropyl\u00e9nu.<\/p>\n<\/div><\/div><\/div><\/div><\/div><div class=\"w-tabs-section\" id=\"hf35\"><button class=\"w-tabs-section-header\" aria-controls=\"content-hf35\" aria-expanded=\"false\"><div class=\"w-tabs-section-title\">Ko\u013eko stoja va\u0161e slu\u017eby?<\/div><div class=\"w-tabs-section-control\"><\/div><\/button><div  class=\"w-tabs-section-content\" id=\"content-hf35\"><div class=\"w-tabs-section-content-h i-cf\"><div class=\"wpb_text_column us_custom_687a0b20 has_text_color\"><div class=\"wpb_wrapper\"><p>Pre lep\u0161iu predstavu o na\u0161ich cenov\u00fdch rel\u00e1ci\u00e1ch pou\u017eite interakt\u00edvnu kalkula\u010dku alebo n\u00e1s kontaktujte.<\/p>\n<\/div><\/div><\/div><\/div><\/div><div class=\"w-tabs-section\" id=\"x12f\"><button class=\"w-tabs-section-header\" aria-controls=\"content-x12f\" aria-expanded=\"false\"><div class=\"w-tabs-section-title\">Ak\u00e9 je va\u0161e minim\u00e1lne odbern\u00e9 mno\u017estvo?<\/div><div class=\"w-tabs-section-control\"><\/div><\/button><div  class=\"w-tabs-section-content\" id=\"content-x12f\"><div class=\"w-tabs-section-content-h i-cf\"><div class=\"wpb_text_column us_custom_687a0b20 has_text_color\"><div class=\"wpb_wrapper\"><p>Na\u0161e \u0161tandardn\u00e9 MOQ je 5 000 ks \/ produkt alebo grafick\u00fd dizajn.<\/p>\n<\/div><\/div><\/div><\/div><\/div><\/div><\/div><\/div><\/div><\/div><\/div><\/section>\n","protected":false},"excerpt":{"rendered":"Recyklovate\u013en\u00e9 vrec\u00fa\u0161ka Sampless\u2122 MOQ: 5 000 ks Objem plnenia: 0,5 \u2013 15 ml Lak: leskl\u00fd alebo matn\u00fd H\u013ead\u00e1te ekologick\u00e9 rie\u0161enie pre balenie va\u0161ich kozmetick\u00fdch vzoriek alebo jednoporciov\u00fdch v\u00fdrobkov? V takom pr\u00edpade s\u00fa na\u0161e vrec\u00fa\u0161ka z polypropyl\u00e9nu t\u00fdm spr\u00e1vnym rie\u0161en\u00edm. Zmluvne zabal\u00edme va\u0161e kozmetick\u00e9 alebo potravin\u00e1rske v\u00fdrobky, od kr\u00e9mov po sypk\u00e9 alebo kusov\u00e9 v\u00fdrobky. Pon\u00fakame v\u00e1m...","protected":false},"author":1,"featured_media":0,"parent":0,"menu_order":0,"comment_status":"closed","ping_status":"closed","template":"","meta":{"inline_featured_image":false,"footnotes":""},"class_list":["post-2034","page","type-page","status-publish","hentry"],"acf":[],"yoast_head":"<!-- This site is optimized with the Yoast SEO plugin v23.5 - https:\/\/yoast.com\/wordpress\/plugins\/seo\/ -->\n<title>V\u00fdroba recyklovate\u013en\u00fdch vzoriek | MINIPAK<\/title>\n<meta name=\"description\" content=\"Zmluvn\u00e9 balenie do ekologick\u00fdch vrec\u00fa\u0161ok, ktor\u00e9 s\u00fa vhodn\u00e9 na balenie vzoriek va\u0161ich kozmetick\u00fdch produktov.\" \/>\n<meta name=\"robots\" content=\"index, follow, max-snippet:-1, max-image-preview:large, max-video-preview:-1\" \/>\n<link rel=\"canonical\" href=\"https:\/\/www.minipak.net\/sk\/eko-vrecuska\/\" \/>\n<meta property=\"og:locale\" content=\"sk_SK\" \/>\n<meta property=\"og:type\" content=\"article\" \/>\n<meta property=\"og:title\" content=\"V\u00fdroba recyklovate\u013en\u00fdch vzoriek | MINIPAK\" \/>\n<meta property=\"og:description\" content=\"Zmluvn\u00e9 balenie do ekologick\u00fdch vrec\u00fa\u0161ok, ktor\u00e9 s\u00fa vhodn\u00e9 na balenie vzoriek va\u0161ich kozmetick\u00fdch produktov.\" \/>\n<meta property=\"og:url\" content=\"https:\/\/www.minipak.net\/sk\/eko-vrecuska\/\" \/>\n<meta property=\"og:site_name\" content=\"minipak\" \/>\n<meta property=\"article:modified_time\" content=\"2025-11-26T13:25:08+00:00\" \/>\n<meta name=\"twitter:card\" content=\"summary_large_image\" \/>\n<meta name=\"twitter:label1\" content=\"Predpokladan\u00fd \u010das \u010d\u00edtania\" \/>\n\t<meta name=\"twitter:data1\" content=\"4 min\u00faty\" \/>\n<script type=\"application\/ld+json\" class=\"yoast-schema-graph\">{\"@context\":\"https:\/\/schema.org\",\"@graph\":[{\"@type\":\"WebPage\",\"@id\":\"https:\/\/www.minipak.net\/sk\/eko-vrecuska\/\",\"url\":\"https:\/\/www.minipak.net\/sk\/eko-vrecuska\/\",\"name\":\"V\u00fdroba recyklovate\u013en\u00fdch vzoriek | MINIPAK\",\"isPartOf\":{\"@id\":\"https:\/\/www.minipak.net\/sk\/#website\"},\"datePublished\":\"2023-06-24T15:32:57+00:00\",\"dateModified\":\"2025-11-26T13:25:08+00:00\",\"description\":\"Zmluvn\u00e9 balenie do ekologick\u00fdch vrec\u00fa\u0161ok, ktor\u00e9 s\u00fa vhodn\u00e9 na balenie vzoriek va\u0161ich kozmetick\u00fdch produktov.\",\"breadcrumb\":{\"@id\":\"https:\/\/www.minipak.net\/sk\/eko-vrecuska\/#breadcrumb\"},\"inLanguage\":\"sk-SK\",\"potentialAction\":[{\"@type\":\"ReadAction\",\"target\":[\"https:\/\/www.minipak.net\/sk\/eko-vrecuska\/\"]}]},{\"@type\":\"BreadcrumbList\",\"@id\":\"https:\/\/www.minipak.net\/sk\/eko-vrecuska\/#breadcrumb\",\"itemListElement\":[{\"@type\":\"ListItem\",\"position\":1,\"name\":\"Domovsk\u00e1 str\u00e1nka\",\"item\":\"https:\/\/www.minipak.net\/sk\/\"},{\"@type\":\"ListItem\",\"position\":2,\"name\":\"Recyklovate\u013en\u00e9 vrec\u00fa\u0161ka Sampless\"}]},{\"@type\":\"WebSite\",\"@id\":\"https:\/\/www.minipak.net\/sk\/#website\",\"url\":\"https:\/\/www.minipak.net\/sk\/\",\"name\":\"MINIPAK - Sachet sample packaging\",\"description\":\"\",\"publisher\":{\"@id\":\"https:\/\/www.minipak.net\/sk\/#organization\"},\"potentialAction\":[{\"@type\":\"SearchAction\",\"target\":{\"@type\":\"EntryPoint\",\"urlTemplate\":\"https:\/\/www.minipak.net\/sk\/?s={search_term_string}\"},\"query-input\":{\"@type\":\"PropertyValueSpecification\",\"valueRequired\":true,\"valueName\":\"search_term_string\"}}],\"inLanguage\":\"sk-SK\"},{\"@type\":\"Organization\",\"@id\":\"https:\/\/www.minipak.net\/sk\/#organization\",\"name\":\"MINIPAK\",\"url\":\"https:\/\/www.minipak.net\/sk\/\",\"logo\":{\"@type\":\"ImageObject\",\"inLanguage\":\"sk-SK\",\"@id\":\"https:\/\/www.minipak.net\/sk\/#\/schema\/logo\/image\/\",\"url\":\"https:\/\/www.minipak.net\/wp-content\/uploads\/2022\/12\/logo_minipak.svg\",\"contentUrl\":\"https:\/\/www.minipak.net\/wp-content\/uploads\/2022\/12\/logo_minipak.svg\",\"width\":119,\"height\":32,\"caption\":\"MINIPAK\"},\"image\":{\"@id\":\"https:\/\/www.minipak.net\/sk\/#\/schema\/logo\/image\/\"}}]}<\/script>\n<!-- \/ Yoast SEO plugin. -->","yoast_head_json":{"title":"V\u00fdroba recyklovate\u013en\u00fdch vzoriek | MINIPAK","description":"Zmluvn\u00e9 balenie do ekologick\u00fdch vrec\u00fa\u0161ok, ktor\u00e9 s\u00fa vhodn\u00e9 na balenie vzoriek va\u0161ich kozmetick\u00fdch produktov.","robots":{"index":"index","follow":"follow","max-snippet":"max-snippet:-1","max-image-preview":"max-image-preview:large","max-video-preview":"max-video-preview:-1"},"canonical":"https:\/\/www.minipak.net\/sk\/eko-vrecuska\/","og_locale":"sk_SK","og_type":"article","og_title":"V\u00fdroba recyklovate\u013en\u00fdch vzoriek | MINIPAK","og_description":"Zmluvn\u00e9 balenie do ekologick\u00fdch vrec\u00fa\u0161ok, ktor\u00e9 s\u00fa vhodn\u00e9 na balenie vzoriek va\u0161ich kozmetick\u00fdch produktov.","og_url":"https:\/\/www.minipak.net\/sk\/eko-vrecuska\/","og_site_name":"minipak","article_modified_time":"2025-11-26T13:25:08+00:00","twitter_card":"summary_large_image","twitter_misc":{"Predpokladan\u00fd \u010das \u010d\u00edtania":"4 min\u00faty"},"schema":{"@context":"https:\/\/schema.org","@graph":[{"@type":"WebPage","@id":"https:\/\/www.minipak.net\/sk\/eko-vrecuska\/","url":"https:\/\/www.minipak.net\/sk\/eko-vrecuska\/","name":"V\u00fdroba recyklovate\u013en\u00fdch vzoriek | MINIPAK","isPartOf":{"@id":"https:\/\/www.minipak.net\/sk\/#website"},"datePublished":"2023-06-24T15:32:57+00:00","dateModified":"2025-11-26T13:25:08+00:00","description":"Zmluvn\u00e9 balenie do ekologick\u00fdch vrec\u00fa\u0161ok, ktor\u00e9 s\u00fa vhodn\u00e9 na balenie vzoriek va\u0161ich kozmetick\u00fdch produktov.","breadcrumb":{"@id":"https:\/\/www.minipak.net\/sk\/eko-vrecuska\/#breadcrumb"},"inLanguage":"sk-SK","potentialAction":[{"@type":"ReadAction","target":["https:\/\/www.minipak.net\/sk\/eko-vrecuska\/"]}]},{"@type":"BreadcrumbList","@id":"https:\/\/www.minipak.net\/sk\/eko-vrecuska\/#breadcrumb","itemListElement":[{"@type":"ListItem","position":1,"name":"Domovsk\u00e1 str\u00e1nka","item":"https:\/\/www.minipak.net\/sk\/"},{"@type":"ListItem","position":2,"name":"Recyklovate\u013en\u00e9 vrec\u00fa\u0161ka Sampless"}]},{"@type":"WebSite","@id":"https:\/\/www.minipak.net\/sk\/#website","url":"https:\/\/www.minipak.net\/sk\/","name":"MINIPAK - Sachet sample packaging","description":"","publisher":{"@id":"https:\/\/www.minipak.net\/sk\/#organization"},"potentialAction":[{"@type":"SearchAction","target":{"@type":"EntryPoint","urlTemplate":"https:\/\/www.minipak.net\/sk\/?s={search_term_string}"},"query-input":{"@type":"PropertyValueSpecification","valueRequired":true,"valueName":"search_term_string"}}],"inLanguage":"sk-SK"},{"@type":"Organization","@id":"https:\/\/www.minipak.net\/sk\/#organization","name":"MINIPAK","url":"https:\/\/www.minipak.net\/sk\/","logo":{"@type":"ImageObject","inLanguage":"sk-SK","@id":"https:\/\/www.minipak.net\/sk\/#\/schema\/logo\/image\/","url":"https:\/\/www.minipak.net\/wp-content\/uploads\/2022\/12\/logo_minipak.svg","contentUrl":"https:\/\/www.minipak.net\/wp-content\/uploads\/2022\/12\/logo_minipak.svg","width":119,"height":32,"caption":"MINIPAK"},"image":{"@id":"https:\/\/www.minipak.net\/sk\/#\/schema\/logo\/image\/"}}]}},"_links":{"self":[{"href":"https:\/\/www.minipak.net\/sk\/wp-json\/wp\/v2\/pages\/2034","targetHints":{"allow":["GET"]}}],"collection":[{"href":"https:\/\/www.minipak.net\/sk\/wp-json\/wp\/v2\/pages"}],"about":[{"href":"https:\/\/www.minipak.net\/sk\/wp-json\/wp\/v2\/types\/page"}],"author":[{"embeddable":true,"href":"https:\/\/www.minipak.net\/sk\/wp-json\/wp\/v2\/users\/1"}],"replies":[{"embeddable":true,"href":"https:\/\/www.minipak.net\/sk\/wp-json\/wp\/v2\/comments?post=2034"}],"version-history":[{"count":12,"href":"https:\/\/www.minipak.net\/sk\/wp-json\/wp\/v2\/pages\/2034\/revisions"}],"predecessor-version":[{"id":4801,"href":"https:\/\/www.minipak.net\/sk\/wp-json\/wp\/v2\/pages\/2034\/revisions\/4801"}],"wp:attachment":[{"href":"https:\/\/www.minipak.net\/sk\/wp-json\/wp\/v2\/media?parent=2034"}],"curies":[{"name":"wp","href":"https:\/\/api.w.org\/{rel}","templated":true}]}}