{"id":2092,"date":"2022-12-11T16:40:49","date_gmt":"2022-12-11T16:40:49","guid":{"rendered":"https:\/\/www.minipak.net\/about-us\/"},"modified":"2024-08-16T13:13:47","modified_gmt":"2024-08-16T13:13:47","slug":"informacje-o-nas","status":"publish","type":"page","link":"https:\/\/www.minipak.net\/pl\/informacje-o-nas\/","title":{"rendered":"Informacje o nas"},"content":{"rendered":"<section class=\"l-section wpb_row us_custom_7b5b03a5 height_medium\"><div class=\"l-section-h i-cf\"><div class=\"g-cols vc_row via_grid cols_2 laptops-cols_inherit tablets-cols_inherit mobiles-cols_1 valign_top type_default stacking_default\"><div class=\"wpb_column vc_column_container\"><div class=\"vc_column-inner\"><div class=\"wpb_text_column us_custom_2aa4ebcf has_text_color\"><div class=\"wpb_wrapper\"><h1>Nasza historia<\/h1>\n<\/div><\/div><div class=\"wpb_text_column us_custom_6c80d76d has_text_color\"><div class=\"wpb_wrapper\"><p>Minipak to rodzinna firma produkuj\u0105ca saszetek z siedzib\u0105 w sercu Europy, na S\u0142owacji, za\u0142o\u017cona w 1992 roku. Pocz\u0105tkowo produkowali\u015bmy saszetki jednoporcjowe wype\u0142nione kremowymi produktami spo\u017cywczymi pod w\u0142asn\u0105 mark\u0105.<\/p>\n<p>W 2006 roku firma zosta\u0142a przekszta\u0142cona w sp\u00f3\u0142k\u0119 z ograniczon\u0105 odpowiedzialno\u015bci\u0105, a model biznesowy stopniowo przesuwa\u0142 si\u0119 w kierunku opakowa\u0144 na pr\u00f3bki kosmetyk\u00f3w oraz opakowa\u0144 jednostkowych dla klient\u00f3w mi\u0119dzynarodowych.<\/p>\n<p>Dzi\u015b, jeste\u015bmy producentem saszetek z certyfikatem ISO, dysponuj\u0105cym nowoczesnym parkiem maszynowym i wieloletnim do\u015bwiadczeniem. Naszym nadrz\u0119dnym celem jest \u015bwiadczenie sta\u0142ych us\u0142ug na najwy\u017cszym poziomie w szybko zmieniaj\u0105cym si\u0119 \u015brodowisku.<\/p>\n<\/div><\/div><\/div><\/div><div class=\"wpb_column vc_column_container\"><div class=\"vc_column-inner\"><\/div><\/div><\/div><\/div><\/section><section class=\"l-section wpb_row us_custom_b6a72ce1 height_medium width_full\"><div class=\"l-section-h i-cf\"><div class=\"g-cols vc_row via_grid cols_1 laptops-cols_inherit tablets-cols_inherit mobiles-cols_1 valign_top type_default stacking_default\"><div class=\"wpb_column vc_column_container\"><div class=\"vc_column-inner\"><div class=\"w-grid type_carousel layout_gallery_default cols_4\" id=\"us_grid_1\"><style>#us_grid_1 .w-grid-item{padding:6px}#us_grid_1 .w-grid-list{margin:-6px}.w-grid + #us_grid_1 .w-grid-list,.w-grid-none + #us_grid_1 .w-grid-list{margin-top:6px}.layout_gallery_default .w-grid-item-h{}<\/style><div class=\"w-grid-list owl-carousel navstyle_circle navpos_outside\">\t<article class=\"w-grid-item post-795 attachment type-attachment status-inherit hentry\" data-id=\"795\">\r\n\t\t<div class=\"w-grid-item-h\">\r\n\t\t\t\t\t\t<div class=\"w-post-elm post_image usg_post_image_1 stretched\"><img loading=\"lazy\" decoding=\"async\" width=\"350\" height=\"240\" src=\"https:\/\/www.minipak.net\/wp-content\/uploads\/2022\/12\/image-37-1.jpg\" class=\"attachment-us_600_600_crop size-us_600_600_crop\" alt=\"Produkcja saszetek.\" srcset=\"https:\/\/www.minipak.net\/wp-content\/uploads\/2022\/12\/image-37-1.jpg 350w, https:\/\/www.minipak.net\/wp-content\/uploads\/2022\/12\/image-37-1-300x206.jpg 300w\" sizes=\"auto, (max-width: 350px) 100vw, 350px\" \/><\/div>\t\t<\/div>\r\n\t<\/article>\r\n\t<article class=\"w-grid-item post-794 attachment type-attachment status-inherit hentry\" data-id=\"794\">\r\n\t\t<div class=\"w-grid-item-h\">\r\n\t\t\t\t\t\t<div class=\"w-post-elm post_image usg_post_image_1 stretched\"><img loading=\"lazy\" decoding=\"async\" width=\"350\" height=\"240\" src=\"https:\/\/www.minipak.net\/wp-content\/uploads\/2022\/12\/image-36-2.jpg\" class=\"attachment-us_600_600_crop size-us_600_600_crop\" alt=\"Pracownik obs\u0142uguje maszyn\u0119 pakuj\u0105c\u0105 w saszetki.\" srcset=\"https:\/\/www.minipak.net\/wp-content\/uploads\/2022\/12\/image-36-2.jpg 350w, https:\/\/www.minipak.net\/wp-content\/uploads\/2022\/12\/image-36-2-300x206.jpg 300w\" sizes=\"auto, (max-width: 350px) 100vw, 350px\" \/><\/div>\t\t<\/div>\r\n\t<\/article>\r\n\t<article class=\"w-grid-item post-793 attachment type-attachment status-inherit hentry\" data-id=\"793\">\r\n\t\t<div class=\"w-grid-item-h\">\r\n\t\t\t\t\t\t<div class=\"w-post-elm post_image usg_post_image_1 stretched\"><img loading=\"lazy\" decoding=\"async\" width=\"350\" height=\"240\" src=\"https:\/\/www.minipak.net\/wp-content\/uploads\/2022\/12\/image-35-2.jpg\" class=\"attachment-us_600_600_crop size-us_600_600_crop\" alt=\"Dokumentacja ISO 9001 i GMP.\" srcset=\"https:\/\/www.minipak.net\/wp-content\/uploads\/2022\/12\/image-35-2.jpg 350w, https:\/\/www.minipak.net\/wp-content\/uploads\/2022\/12\/image-35-2-300x206.jpg 300w\" sizes=\"auto, (max-width: 350px) 100vw, 350px\" \/><\/div>\t\t<\/div>\r\n\t<\/article>\r\n\t<article class=\"w-grid-item post-792 attachment type-attachment status-inherit hentry\" data-id=\"792\">\r\n\t\t<div class=\"w-grid-item-h\">\r\n\t\t\t\t\t\t<div class=\"w-post-elm post_image usg_post_image_1 stretched\"><img loading=\"lazy\" decoding=\"async\" width=\"350\" height=\"240\" src=\"https:\/\/www.minipak.net\/wp-content\/uploads\/2022\/12\/image-34-3.jpg\" class=\"attachment-us_600_600_crop size-us_600_600_crop\" alt=\"Nape\u0142nianie i produkcja saszetek.\" srcset=\"https:\/\/www.minipak.net\/wp-content\/uploads\/2022\/12\/image-34-3.jpg 350w, https:\/\/www.minipak.net\/wp-content\/uploads\/2022\/12\/image-34-3-300x206.jpg 300w\" sizes=\"auto, (max-width: 350px) 100vw, 350px\" \/><\/div>\t\t<\/div>\r\n\t<\/article>\r\n<\/div><div class=\"g-preloader type_1\">\r\n\t<div><\/div>\r\n<\/div>\r\n\t<div class=\"w-grid-json hidden\" onclick='return {&quot;action&quot;:&quot;us_ajax_grid&quot;,&quot;ajax_url&quot;:&quot;https:\\\/\\\/www.minipak.net\\\/wp-admin\\\/admin-ajax.php&quot;,&quot;infinite_scroll&quot;:0,&quot;max_num_pages&quot;:1,&quot;pagination&quot;:&quot;none&quot;,&quot;permalink_url&quot;:&quot;https:\\\/\\\/www.minipak.net\\\/pl\\\/wp-json\\\/wp\\\/v2\\\/pages\\\/2092\\\/&quot;,&quot;template_vars&quot;:{&quot;columns&quot;:&quot;4&quot;,&quot;exclude_items&quot;:&quot;none&quot;,&quot;img_size&quot;:&quot;default&quot;,&quot;ignore_items_size&quot;:0,&quot;items_layout&quot;:&quot;gallery_default&quot;,&quot;items_offset&quot;:&quot;1&quot;,&quot;load_animation&quot;:&quot;none&quot;,&quot;overriding_link&quot;:&quot;none&quot;,&quot;post_id&quot;:2092,&quot;query_args&quot;:{&quot;post_type&quot;:[&quot;attachment&quot;],&quot;post__in&quot;:[&quot;142&quot;,&quot;141&quot;,&quot;140&quot;,&quot;139&quot;],&quot;post_status&quot;:&quot;inherit&quot;,&quot;post_mime_type&quot;:&quot;image&quot;,&quot;posts_per_page&quot;:&quot;11&quot;},&quot;orderby_query_args&quot;:{&quot;orderby&quot;:{&quot;date&quot;:&quot;DESC&quot;}},&quot;type&quot;:&quot;carousel&quot;,&quot;us_grid_ajax_index&quot;:1,&quot;us_grid_filter_params&quot;:null,&quot;us_grid_index&quot;:1,&quot;_us_grid_post_type&quot;:&quot;attachment&quot;,&quot;lang&quot;:&quot;pl&quot;},&quot;carousel_settings&quot;:{&quot;autoHeight&quot;:0,&quot;autoplay&quot;:0,&quot;carousel_fade&quot;:0,&quot;center&quot;:0,&quot;dots&quot;:0,&quot;items&quot;:&quot;4&quot;,&quot;loop&quot;:false,&quot;nav&quot;:0,&quot;slideby&quot;:&quot;1&quot;,&quot;smooth_play&quot;:0,&quot;speed&quot;:250,&quot;timeout&quot;:3000,&quot;transition&quot;:&quot;&quot;},&quot;carousel_breakpoints&quot;:{&quot;0&quot;:{&quot;autoHeight&quot;:0,&quot;autoplay&quot;:1,&quot;autoplayHoverPause&quot;:1,&quot;items&quot;:1,&quot;loop&quot;:true,&quot;stagePadding&quot;:0},&quot;600&quot;:{&quot;autoHeight&quot;:0,&quot;autoplay&quot;:1,&quot;autoplayHoverPause&quot;:1,&quot;items&quot;:2,&quot;loop&quot;:false,&quot;stagePadding&quot;:0},&quot;900&quot;:{&quot;autoHeight&quot;:0,&quot;autoplay&quot;:1,&quot;autoplayHoverPause&quot;:1,&quot;items&quot;:4,&quot;loop&quot;:false,&quot;stagePadding&quot;:0},&quot;1200&quot;:{&quot;items&quot;:4,&quot;stagePadding&quot;:0}}}'><\/div>\r\n\t<\/div><\/div><\/div><\/div><\/div><\/section>\n","protected":false},"excerpt":{"rendered":"","protected":false},"author":1,"featured_media":0,"parent":0,"menu_order":0,"comment_status":"closed","ping_status":"closed","template":"","meta":{"inline_featured_image":false,"footnotes":""},"class_list":["post-2092","page","type-page","status-publish","hentry"],"acf":[],"yoast_head":"<!-- This site is optimized with the Yoast SEO plugin v23.5 - https:\/\/yoast.com\/wordpress\/plugins\/seo\/ -->\n<title>Informacje o nas | MINIPAK<\/title>\n<meta name=\"description\" content=\"Jeste\u015bmy rodzinnym firm\u0105 produkuj\u0105c\u0105 saszetki z siedzib\u0105 na S\u0142owacji. Od 1992 roku z powodzeniem \u015bwiadczymy niedrogie, kierowane do klient\u00f3w us\u0142ugi nape\u0142niania i pakowania saszetek.\" \/>\n<meta name=\"robots\" content=\"index, follow, max-snippet:-1, max-image-preview:large, max-video-preview:-1\" \/>\n<link rel=\"canonical\" href=\"https:\/\/www.minipak.net\/pl\/informacje-o-nas\/\" \/>\n<meta property=\"og:locale\" content=\"pl_PL\" \/>\n<meta property=\"og:type\" content=\"article\" \/>\n<meta property=\"og:title\" content=\"Informacje o nas | MINIPAK\" \/>\n<meta property=\"og:description\" content=\"Jeste\u015bmy rodzinnym firm\u0105 produkuj\u0105c\u0105 saszetki z siedzib\u0105 na S\u0142owacji. Od 1992 roku z powodzeniem \u015bwiadczymy niedrogie, kierowane do klient\u00f3w us\u0142ugi nape\u0142niania i pakowania saszetek.\" \/>\n<meta property=\"og:url\" content=\"https:\/\/www.minipak.net\/pl\/informacje-o-nas\/\" \/>\n<meta property=\"og:site_name\" content=\"minipak\" \/>\n<meta property=\"article:modified_time\" content=\"2024-08-16T13:13:47+00:00\" \/>\n<meta name=\"twitter:card\" content=\"summary_large_image\" \/>\n<meta name=\"twitter:label1\" content=\"Szacowany czas czytania\" \/>\n\t<meta name=\"twitter:data1\" content=\"4 minuty\" \/>\n<script type=\"application\/ld+json\" class=\"yoast-schema-graph\">{\"@context\":\"https:\/\/schema.org\",\"@graph\":[{\"@type\":\"WebPage\",\"@id\":\"https:\/\/www.minipak.net\/pl\/informacje-o-nas\/\",\"url\":\"https:\/\/www.minipak.net\/pl\/informacje-o-nas\/\",\"name\":\"Informacje o nas | MINIPAK\",\"isPartOf\":{\"@id\":\"https:\/\/www.minipak.net\/pl\/#website\"},\"datePublished\":\"2022-12-11T16:40:49+00:00\",\"dateModified\":\"2024-08-16T13:13:47+00:00\",\"description\":\"Jeste\u015bmy rodzinnym firm\u0105 produkuj\u0105c\u0105 saszetki z siedzib\u0105 na S\u0142owacji. Od 1992 roku z powodzeniem \u015bwiadczymy niedrogie, kierowane do klient\u00f3w us\u0142ugi nape\u0142niania i pakowania saszetek.\",\"breadcrumb\":{\"@id\":\"https:\/\/www.minipak.net\/pl\/informacje-o-nas\/#breadcrumb\"},\"inLanguage\":\"pl-PL\",\"potentialAction\":[{\"@type\":\"ReadAction\",\"target\":[\"https:\/\/www.minipak.net\/pl\/informacje-o-nas\/\"]}]},{\"@type\":\"BreadcrumbList\",\"@id\":\"https:\/\/www.minipak.net\/pl\/informacje-o-nas\/#breadcrumb\",\"itemListElement\":[{\"@type\":\"ListItem\",\"position\":1,\"name\":\"Domovsk\u00e1 str\u00e1nka\",\"item\":\"https:\/\/www.minipak.net\/pl\/\"},{\"@type\":\"ListItem\",\"position\":2,\"name\":\"Informacje o nas\"}]},{\"@type\":\"WebSite\",\"@id\":\"https:\/\/www.minipak.net\/pl\/#website\",\"url\":\"https:\/\/www.minipak.net\/pl\/\",\"name\":\"MINIPAK - Sachet sample packaging\",\"description\":\"\",\"publisher\":{\"@id\":\"https:\/\/www.minipak.net\/pl\/#organization\"},\"potentialAction\":[{\"@type\":\"SearchAction\",\"target\":{\"@type\":\"EntryPoint\",\"urlTemplate\":\"https:\/\/www.minipak.net\/pl\/?s={search_term_string}\"},\"query-input\":{\"@type\":\"PropertyValueSpecification\",\"valueRequired\":true,\"valueName\":\"search_term_string\"}}],\"inLanguage\":\"pl-PL\"},{\"@type\":\"Organization\",\"@id\":\"https:\/\/www.minipak.net\/pl\/#organization\",\"name\":\"MINIPAK\",\"url\":\"https:\/\/www.minipak.net\/pl\/\",\"logo\":{\"@type\":\"ImageObject\",\"inLanguage\":\"pl-PL\",\"@id\":\"https:\/\/www.minipak.net\/pl\/#\/schema\/logo\/image\/\",\"url\":\"https:\/\/www.minipak.net\/wp-content\/uploads\/2022\/12\/logo_minipak.svg\",\"contentUrl\":\"https:\/\/www.minipak.net\/wp-content\/uploads\/2022\/12\/logo_minipak.svg\",\"width\":119,\"height\":32,\"caption\":\"MINIPAK\"},\"image\":{\"@id\":\"https:\/\/www.minipak.net\/pl\/#\/schema\/logo\/image\/\"}}]}<\/script>\n<!-- \/ Yoast SEO plugin. -->","yoast_head_json":{"title":"Informacje o nas | MINIPAK","description":"Jeste\u015bmy rodzinnym firm\u0105 produkuj\u0105c\u0105 saszetki z siedzib\u0105 na S\u0142owacji. Od 1992 roku z powodzeniem \u015bwiadczymy niedrogie, kierowane do klient\u00f3w us\u0142ugi nape\u0142niania i pakowania saszetek.","robots":{"index":"index","follow":"follow","max-snippet":"max-snippet:-1","max-image-preview":"max-image-preview:large","max-video-preview":"max-video-preview:-1"},"canonical":"https:\/\/www.minipak.net\/pl\/informacje-o-nas\/","og_locale":"pl_PL","og_type":"article","og_title":"Informacje o nas | MINIPAK","og_description":"Jeste\u015bmy rodzinnym firm\u0105 produkuj\u0105c\u0105 saszetki z siedzib\u0105 na S\u0142owacji. Od 1992 roku z powodzeniem \u015bwiadczymy niedrogie, kierowane do klient\u00f3w us\u0142ugi nape\u0142niania i pakowania saszetek.","og_url":"https:\/\/www.minipak.net\/pl\/informacje-o-nas\/","og_site_name":"minipak","article_modified_time":"2024-08-16T13:13:47+00:00","twitter_card":"summary_large_image","twitter_misc":{"Szacowany czas czytania":"4 minuty"},"schema":{"@context":"https:\/\/schema.org","@graph":[{"@type":"WebPage","@id":"https:\/\/www.minipak.net\/pl\/informacje-o-nas\/","url":"https:\/\/www.minipak.net\/pl\/informacje-o-nas\/","name":"Informacje o nas | MINIPAK","isPartOf":{"@id":"https:\/\/www.minipak.net\/pl\/#website"},"datePublished":"2022-12-11T16:40:49+00:00","dateModified":"2024-08-16T13:13:47+00:00","description":"Jeste\u015bmy rodzinnym firm\u0105 produkuj\u0105c\u0105 saszetki z siedzib\u0105 na S\u0142owacji. Od 1992 roku z powodzeniem \u015bwiadczymy niedrogie, kierowane do klient\u00f3w us\u0142ugi nape\u0142niania i pakowania saszetek.","breadcrumb":{"@id":"https:\/\/www.minipak.net\/pl\/informacje-o-nas\/#breadcrumb"},"inLanguage":"pl-PL","potentialAction":[{"@type":"ReadAction","target":["https:\/\/www.minipak.net\/pl\/informacje-o-nas\/"]}]},{"@type":"BreadcrumbList","@id":"https:\/\/www.minipak.net\/pl\/informacje-o-nas\/#breadcrumb","itemListElement":[{"@type":"ListItem","position":1,"name":"Domovsk\u00e1 str\u00e1nka","item":"https:\/\/www.minipak.net\/pl\/"},{"@type":"ListItem","position":2,"name":"Informacje o nas"}]},{"@type":"WebSite","@id":"https:\/\/www.minipak.net\/pl\/#website","url":"https:\/\/www.minipak.net\/pl\/","name":"MINIPAK - Sachet sample packaging","description":"","publisher":{"@id":"https:\/\/www.minipak.net\/pl\/#organization"},"potentialAction":[{"@type":"SearchAction","target":{"@type":"EntryPoint","urlTemplate":"https:\/\/www.minipak.net\/pl\/?s={search_term_string}"},"query-input":{"@type":"PropertyValueSpecification","valueRequired":true,"valueName":"search_term_string"}}],"inLanguage":"pl-PL"},{"@type":"Organization","@id":"https:\/\/www.minipak.net\/pl\/#organization","name":"MINIPAK","url":"https:\/\/www.minipak.net\/pl\/","logo":{"@type":"ImageObject","inLanguage":"pl-PL","@id":"https:\/\/www.minipak.net\/pl\/#\/schema\/logo\/image\/","url":"https:\/\/www.minipak.net\/wp-content\/uploads\/2022\/12\/logo_minipak.svg","contentUrl":"https:\/\/www.minipak.net\/wp-content\/uploads\/2022\/12\/logo_minipak.svg","width":119,"height":32,"caption":"MINIPAK"},"image":{"@id":"https:\/\/www.minipak.net\/pl\/#\/schema\/logo\/image\/"}}]}},"_links":{"self":[{"href":"https:\/\/www.minipak.net\/pl\/wp-json\/wp\/v2\/pages\/2092","targetHints":{"allow":["GET"]}}],"collection":[{"href":"https:\/\/www.minipak.net\/pl\/wp-json\/wp\/v2\/pages"}],"about":[{"href":"https:\/\/www.minipak.net\/pl\/wp-json\/wp\/v2\/types\/page"}],"author":[{"embeddable":true,"href":"https:\/\/www.minipak.net\/pl\/wp-json\/wp\/v2\/users\/1"}],"replies":[{"embeddable":true,"href":"https:\/\/www.minipak.net\/pl\/wp-json\/wp\/v2\/comments?post=2092"}],"version-history":[{"count":2,"href":"https:\/\/www.minipak.net\/pl\/wp-json\/wp\/v2\/pages\/2092\/revisions"}],"predecessor-version":[{"id":2254,"href":"https:\/\/www.minipak.net\/pl\/wp-json\/wp\/v2\/pages\/2092\/revisions\/2254"}],"wp:attachment":[{"href":"https:\/\/www.minipak.net\/pl\/wp-json\/wp\/v2\/media?parent=2092"}],"curies":[{"name":"wp","href":"https:\/\/api.w.org\/{rel}","templated":true}]}}