{"id":2073,"date":"2022-12-12T15:29:39","date_gmt":"2022-12-12T15:29:39","guid":{"rendered":"https:\/\/www.minipak.net\/contact\/"},"modified":"2024-08-16T13:14:33","modified_gmt":"2024-08-16T13:14:33","slug":"kontakt","status":"publish","type":"page","link":"https:\/\/www.minipak.net\/pl\/kontakt\/","title":{"rendered":"Kontakt"},"content":{"rendered":"<section class=\"l-section wpb_row us_custom_43361e24 height_medium\"><div class=\"l-section-h i-cf\"><div class=\"g-cols vc_row via_grid cols_1 laptops-cols_inherit tablets-cols_inherit mobiles-cols_1 valign_top type_default reversed stacking_default\"><div class=\"wpb_column vc_column_container us_custom_63a8e29b\"><div class=\"vc_column-inner\"><div class=\"g-cols wpb_row us_custom_7f5dfc36 via_grid cols_2 laptops-cols_inherit tablets-cols_inherit mobiles-cols_1 valign_middle type_default stacking_default\" style=\"grid-gap:0rem;\"><div class=\"wpb_column vc_column_container us_custom_f16fdf46 hide_on_tablets hide_on_mobiles\"><div class=\"vc_column-inner\"><div class=\"wpb_text_column us_custom_e469de7f has_text_color hide_on_tablets hide_on_mobiles\"><div class=\"wpb_wrapper\"><h1>Kontakt<\/h1>\n<\/div><\/div><div class=\"w-iconbox us_custom_8d5aa4e2 iconpos_left style_default color_primary align_left no_title\"><div class=\"w-iconbox-icon\" style=\"font-size:2rem;\"><i class=\"far fa-clock\"><\/i><\/div><div class=\"w-iconbox-meta\"><div class=\"w-iconbox-text\"><p>Na og\u00f3\u0142 udzielenie odpowiedzi zajmuje nam jeden dzie\u0144 roboczy.<\/p>\n<\/div><\/div><\/div><div class=\"w-iconbox us_custom_8d5aa4e2 iconpos_left style_default color_primary align_left no_title\"><div class=\"w-iconbox-icon\" style=\"font-size:2rem;\"><i class=\"fas fa-map-marker-alt\"><\/i><\/div><div class=\"w-iconbox-meta\"><div class=\"w-iconbox-text\"><p><strong>MINIPAK s.r.o.<\/strong><br \/>\n<span style=\"color: #8c837a;\">Jozefa Hagaru 9, 831 51 Bratislava, Slovakia<\/span><br \/>\n<a href=\"https:\/\/www.minipak.net\/pl\/impressum\/\">Impressum<\/a> | <a href=\"https:\/\/maps.app.goo.gl\/oRGJvQtcRqj12bob9\" target=\"_blank\" rel=\"noopener\">Poka\u017c na mapie<\/a><\/p>\n<\/div><\/div><\/div><\/div><\/div><div class=\"wpb_column vc_column_container minipak_form page\"><div class=\"vc_column-inner\"><div class=\"wpb_text_column us_custom_514c7f0f has_text_color hide_on_default hide_on_laptops\"><div class=\"wpb_wrapper\"><h1>Kontakt<\/h1>\n<\/div><\/div><div class=\"w-iconbox us_custom_2dbf7b3f hide_on_default hide_on_laptops iconpos_left style_default color_primary align_left no_title\"><div class=\"w-iconbox-icon\" style=\"font-size:2rem;\"><i class=\"far fa-clock\"><\/i><\/div><div class=\"w-iconbox-meta\"><div class=\"w-iconbox-text\"><p>Na og\u00f3\u0142 udzielenie odpowiedzi zajmuje nam jeden dzie\u0144 roboczy.<\/p>\n<\/div><\/div><\/div><div class=\"wpb_text_column\"><div class=\"wpb_wrapper\"><div class=\"minipak_wpcf\">\n<div class=\"loader\">\n<div class=\"paging\"><\/div>\n<div class=\"loadbar\"><\/div>\n<\/div>\n\n<div class=\"wpcf7 no-js\" id=\"wpcf7-f1493-o1\" lang=\"pl-PL\" dir=\"ltr\">\n<div class=\"screen-reader-response\"><p role=\"status\" aria-live=\"polite\" aria-atomic=\"true\"><\/p> <ul><\/ul><\/div>\n<form action=\"\/pl\/wp-json\/wp\/v2\/pages\/2073#wpcf7-f1493-o1\" method=\"post\" class=\"wpcf7-form init\" aria-label=\"Formularz kontaktowy\" enctype=\"multipart\/form-data\" novalidate=\"novalidate\" data-status=\"init\">\n<div style=\"display: none;\">\n<input type=\"hidden\" name=\"_wpcf7\" value=\"1493\" \/>\n<input type=\"hidden\" name=\"_wpcf7_version\" value=\"5.9.8\" \/>\n<input type=\"hidden\" name=\"_wpcf7_locale\" value=\"pl_PL\" \/>\n<input type=\"hidden\" name=\"_wpcf7_unit_tag\" value=\"wpcf7-f1493-o1\" \/>\n<input type=\"hidden\" name=\"_wpcf7_container_post\" value=\"0\" \/>\n<input type=\"hidden\" name=\"_wpcf7_posted_data_hash\" value=\"\" \/>\n<input type=\"hidden\" name=\"_wpcf7cf_hidden_group_fields\" value=\"[]\" \/>\n<input type=\"hidden\" name=\"_wpcf7cf_hidden_groups\" value=\"[]\" \/>\n<input type=\"hidden\" name=\"_wpcf7cf_visible_groups\" value=\"[]\" \/>\n<input type=\"hidden\" name=\"_wpcf7cf_repeaters\" value=\"[]\" \/>\n<input type=\"hidden\" name=\"_wpcf7cf_steps\" value=\"{}\" \/>\n<input type=\"hidden\" name=\"_wpcf7cf_options\" value=\"{&quot;form_id&quot;:1493,&quot;conditions&quot;:[],&quot;settings&quot;:{&quot;animation&quot;:&quot;yes&quot;,&quot;animation_intime&quot;:200,&quot;animation_outtime&quot;:200,&quot;conditions_ui&quot;:&quot;normal&quot;,&quot;notice_dismissed&quot;:false,&quot;notice_dismissed_update-cf7-5.7.3&quot;:true}}\" \/>\n<\/div>\n<div class=\"step1\">\n\t<p><label>Nazwa<br \/>\n<span class=\"wpcf7-form-control-wrap\" data-name=\"your-name\"><input size=\"40\" maxlength=\"400\" class=\"wpcf7-form-control wpcf7-text wpcf7-validates-as-required\" autocomplete=\"name\" aria-required=\"true\" aria-invalid=\"false\" placeholder=\"Twoje imi\u0119\" value=\"\" type=\"text\" name=\"your-name\" \/><\/span> <\/label>\n\t<\/p>\n\t<p><label> S\u0142u\u017cbowy adres e-mail<br \/>\n<span class=\"wpcf7-form-control-wrap\" data-name=\"email\"><input size=\"40\" maxlength=\"400\" class=\"wpcf7-form-control wpcf7-email wpcf7-validates-as-required wpcf7-text wpcf7-validates-as-email\" autocomplete=\"email\" aria-required=\"true\" aria-invalid=\"false\" placeholder=\"@\" value=\"\" type=\"email\" name=\"email\" \/><\/span> <\/label>\n\t<\/p>\n\t<p><label> Nazwa firmy<br \/>\n<span class=\"wpcf7-form-control-wrap\" data-name=\"company\"><input size=\"40\" maxlength=\"400\" class=\"wpcf7-form-control wpcf7-text wpcf7-validates-as-required\" aria-required=\"true\" aria-invalid=\"false\" placeholder=\"Nazwa Twojej firmy\" value=\"\" type=\"text\" name=\"company\" \/><\/span> <\/label>\n\t<\/p>\n\t<p><label> W jaki spos\u00f3b mo\u017cemy Ci pom\u00f3c?<br \/>\n<span class=\"wpcf7-form-control-wrap\" data-name=\"help\"><select class=\"wpcf7-form-control wpcf7-select wpcf7-validates-as-required\" aria-required=\"true\" aria-invalid=\"false\" name=\"help\"><option value=\"Jestem zainteresowany ofert\u0105 cenow\u0105 za us\u0142ug\u0119 pakowania saszetek.\">Jestem zainteresowany ofert\u0105 cenow\u0105 za us\u0142ug\u0119 pakowania saszetek.<\/option><option value=\"Chcia\u0142bym otrzyma\u0107 zestaw pr\u00f3bek.\">Chcia\u0142bym otrzyma\u0107 zestaw pr\u00f3bek.<\/option><option value=\"Mam inne pytania dotycz\u0105ce Waszych us\u0142ug pakowania.\">Mam inne pytania dotycz\u0105ce Waszych us\u0142ug pakowania.<\/option><\/select><\/span><\/label><br \/>\n<a class=\"w-btn us-btn-style_4 step\" href=\"#\"><span class=\"w-btn-label\">Kontynuuj do kroku 2<\/span><span class=\"ripple-container\"><\/span><\/a>\n\t<\/p>\n<\/div>\n<div class=\"step2\">\n\t<div class=\"opt1\">\n\t\t<p><label>Wybierz preferowan\u0105 foli\u0119 do pakowania saszetek..<br \/>\n<span class=\"wpcf7-form-control-wrap\" data-name=\"packaging\"><select class=\"wpcf7-form-control wpcf7-select wpcf7-validates-as-required\" aria-required=\"true\" aria-invalid=\"false\" name=\"packaging\"><option value=\"Nie do recyklingu\">Nie do recyklingu<\/option><option value=\"Poddawana recyklingowi\">Poddawana recyklingowi<\/option><\/select><\/span><\/label>\n\t\t<\/p>\n\t\t<p><label> Jaka jest konsystencja Twoich produkt\u00f3w?<br \/>\n<span class=\"wpcf7-form-control-wrap\" data-name=\"consistency\"><select class=\"wpcf7-form-control wpcf7-select wpcf7-validates-as-required\" aria-required=\"true\" aria-invalid=\"false\" name=\"consistency\"><option value=\"P\u0142yn (krem, olej, \u017cel lub podobne)\">P\u0142yn (krem, olej, \u017cel lub podobne)<\/option><option value=\"Proszek\">Proszek<\/option><option value=\"Sta\u0142e (kapsu\u0142ki, saszetki nikotynowe lub podobne)\">Sta\u0142e (kapsu\u0142ki, saszetki nikotynowe lub podobne)<\/option><\/select><\/span><\/label>\n\t\t<\/p>\n\t\t<p><label> Ile produktu chcesz, aby\u015bmy nape\u0142nili saszetki (np. 2 ml, 5 g, 1 szt.\/saszetka)??<br \/>\n<span class=\"wpcf7-form-control-wrap\" data-name=\"how-much\"><input size=\"40\" maxlength=\"400\" class=\"wpcf7-form-control wpcf7-text wpcf7-validates-as-required\" aria-required=\"true\" aria-invalid=\"false\" placeholder=\"Ilo\u015b\u0107\" value=\"\" type=\"text\" name=\"how-much\" \/><\/span><\/label>\n\t\t<\/p>\n\t\t<p><label> Jaka jest ca\u0142kowita planowana wielko\u015b\u0107 zam\u00f3wienia i ile jest pojedynczych produkt\u00f3w?<br \/>\n<span class=\"wpcf7-form-control-wrap\" data-name=\"how-many-quantity\"><input size=\"40\" maxlength=\"400\" class=\"wpcf7-form-control wpcf7-text wpcf7-validates-as-required\" aria-required=\"true\" aria-invalid=\"false\" placeholder=\"Ilo\u015b\u0107\" value=\"\" type=\"text\" name=\"how-many-quantity\" \/><\/span><\/label>\n\t\t<\/p>\n\t\t<p><span class=\"notes\">Prosimy pami\u0119ta\u0107, \u017ce nasze standardowe MOQ to 5 000 saszetek\/SKU lub oprawa graficzna.<\/span>\n\t\t<\/p>\n\t\t<p><label>Czy jest co\u015b jeszcze, o czym powinni\u015bmy wiedzie\u0107?<span class=\"wpcf7-form-control-wrap\" data-name=\"know\"><textarea cols=\"40\" rows=\"10\" maxlength=\"2000\" class=\"wpcf7-form-control wpcf7-textarea\" aria-invalid=\"false\" placeholder=\"Wiadomo\u015b\u0107\" name=\"know\"><\/textarea><\/span><\/label>\n\t\t<\/p>\n\t\t<p><label> Prze\u015blij plik<br \/>\n<span class=\"wpcf7-form-control-wrap\" data-name=\"file\"><input size=\"40\" class=\"wpcf7-form-control wpcf7-file\" accept=\"audio\/*,video\/*,image\/*\" aria-invalid=\"false\" type=\"file\" name=\"file\" \/><\/span><\/label>\n\t\t<\/p>\n\t<\/div>\n\t<div class=\"opt2\">\n\t\t<p><label>Adres dostawy w UE<span class=\"wpcf7-form-control-wrap\" data-name=\"eu-address\"><input size=\"40\" maxlength=\"400\" class=\"wpcf7-form-control wpcf7-text wpcf7-validates-as-required\" aria-required=\"true\" aria-invalid=\"false\" placeholder=\"Adres dostawy\" value=\"\" type=\"text\" name=\"eu-address\" \/><\/span><\/label>\n\t\t<\/p>\n\t\t<p><label>Imi\u0119 osoby kontaktowej<br \/>\n<span class=\"wpcf7-form-control-wrap\" data-name=\"person-name\"><input size=\"40\" maxlength=\"400\" class=\"wpcf7-form-control wpcf7-text wpcf7-validates-as-required\" aria-required=\"true\" aria-invalid=\"false\" placeholder=\"Imi\u0119 osoby kontaktowej\" value=\"\" type=\"text\" name=\"person-name\" \/><\/span><\/label>\n\t\t<\/p>\n\t\t<p><label>Telefoniczny numer kontaktowy<br \/>\n<span class=\"wpcf7-form-control-wrap\" data-name=\"phone-number\"><input size=\"40\" maxlength=\"400\" class=\"wpcf7-form-control wpcf7-tel wpcf7-validates-as-required wpcf7-text wpcf7-validates-as-tel\" aria-required=\"true\" aria-invalid=\"false\" placeholder=\"Numer kontaktowy\" value=\"\" type=\"tel\" name=\"phone-number\" \/><\/span><\/label>\n\t\t<\/p>\n\t\t<p><label>O czym jest Tw\u00f3j projekt?<span class=\"wpcf7-form-control-wrap\" data-name=\"know\"><textarea cols=\"40\" rows=\"10\" maxlength=\"2000\" class=\"wpcf7-form-control wpcf7-textarea\" aria-invalid=\"false\" placeholder=\"Prosimy daj nam zna\u0107 wi\u0119cej informacji na temat Twojego planowanego projektu opakowania, aby\u015bmy mogli wybra\u0107 dla Ciebie najbardziej odpowiednie pr\u00f3bki.\" name=\"know\"><\/textarea><\/span><\/label>\n\t\t<\/p>\n\t\t<p><label> Prze\u015blij plik<br \/>\n<span class=\"wpcf7-form-control-wrap\" data-name=\"file\"><input size=\"40\" class=\"wpcf7-form-control wpcf7-file\" accept=\"audio\/*,video\/*,image\/*\" aria-invalid=\"false\" type=\"file\" name=\"file\" \/><\/span><\/label>\n\t\t<\/p>\n\t<\/div>\n\t<div class=\"opt3\">\n\t\t<p><label>Czy jest co\u015b jeszcze, o czym powinni\u015bmy wiedzie\u0107?<br \/>\n<span class=\"wpcf7-form-control-wrap\" data-name=\"message-last\"><textarea cols=\"40\" rows=\"10\" maxlength=\"2000\" class=\"wpcf7-form-control wpcf7-textarea wpcf7-validates-as-required\" aria-required=\"true\" aria-invalid=\"false\" placeholder=\"Wiadomo\u015b\u0107\" name=\"message-last\"><\/textarea><\/span><\/label>\n\t\t<\/p>\n\t\t<p><label> Prze\u015blij plik<br \/>\n<span class=\"wpcf7-form-control-wrap\" data-name=\"file\"><input size=\"40\" class=\"wpcf7-form-control wpcf7-file\" accept=\"audio\/*,video\/*,image\/*\" aria-invalid=\"false\" type=\"file\" name=\"file\" \/><\/span><\/label>\n\t\t<\/p>\n\t<\/div>\n\t<p><input class=\"wpcf7-form-control wpcf7-submit has-spinner\" type=\"submit\" value=\"Sk\u0142adanie zam\u00f3wienia\" \/>\n\t<\/p>\n<\/div>\n<div class=\"complete\">\n\t<p>Twoja wiadomo\u015b\u0107 zosta\u0142a wys\u0142ana.\n\t<\/p>\n<\/div><p style=\"display: none !important;\" class=\"akismet-fields-container\" data-prefix=\"_wpcf7_ak_\"><label>&#916;<textarea name=\"_wpcf7_ak_hp_textarea\" cols=\"45\" rows=\"8\" maxlength=\"100\"><\/textarea><\/label><input type=\"hidden\" id=\"ak_js_1\" name=\"_wpcf7_ak_js\" value=\"76\"\/><script>document.getElementById( \"ak_js_1\" ).setAttribute( \"value\", ( new Date() ).getTime() );<\/script><\/p><div class=\"wpcf7-response-output\" aria-hidden=\"true\"><\/div>\n<\/form>\n<\/div>\n<\/div>\n<\/div><\/div><div class=\"w-iconbox us_custom_72fc42ef hide_on_default hide_on_laptops iconpos_left style_default color_primary align_left no_title\"><div class=\"w-iconbox-icon\" style=\"font-size:2rem;\"><i class=\"fas fa-map-marker-alt\"><\/i><\/div><div class=\"w-iconbox-meta\"><div class=\"w-iconbox-text\"><p><strong>MINIPAK s.r.o.<\/strong><br \/>\n<span style=\"color: #8c837a;\">Jozefa Hagaru 9<br \/>\n831 51 Bratislava<br \/>\nSlovakia<\/span><br \/>\n<a href=\"https:\/\/www.minipak.net\/pl\/impressum\/\">Impressum<\/a> | <a href=\"https:\/\/maps.app.goo.gl\/oRGJvQtcRqj12bob9\" target=\"_blank\" rel=\"noopener\">Poka\u017c na mapie<\/a><\/p>\n<\/div><\/div><\/div><\/div><\/div><\/div><\/div><\/div><\/div><\/div><\/section>\n","protected":false},"excerpt":{"rendered":"Kontakt Na og\u00f3\u0142 udzielenie odpowiedzi zajmuje nam jeden dzie\u0144 roboczy. MINIPAK s.r.o. Jozefa Hagaru 9, 831 51 Bratislava, Slovakia Impressum | Poka\u017c na mapie Kontakt Na og\u00f3\u0142 udzielenie odpowiedzi zajmuje nam jeden dzie\u0144 roboczy. Nazwa S\u0142u\u017cbowy adres e-mail Nazwa firmy W jaki spos\u00f3b mo\u017cemy Ci pom\u00f3c? Jestem zainteresowany ofert\u0105 cenow\u0105 za us\u0142ug\u0119 pakowania saszetek.Chcia\u0142bym otrzyma\u0107...","protected":false},"author":1,"featured_media":0,"parent":0,"menu_order":0,"comment_status":"closed","ping_status":"closed","template":"","meta":{"inline_featured_image":false,"footnotes":""},"class_list":["post-2073","page","type-page","status-publish","hentry"],"acf":[],"yoast_head":"<!-- This site is optimized with the Yoast SEO plugin v23.5 - https:\/\/yoast.com\/wordpress\/plugins\/seo\/ -->\n<title>Kontakt | MINIPAK<\/title>\n<meta name=\"robots\" content=\"index, follow, max-snippet:-1, max-image-preview:large, max-video-preview:-1\" \/>\n<link rel=\"canonical\" href=\"https:\/\/www.minipak.net\/pl\/kontakt\/\" \/>\n<meta property=\"og:locale\" content=\"pl_PL\" \/>\n<meta property=\"og:type\" content=\"article\" \/>\n<meta property=\"og:title\" content=\"Kontakt | MINIPAK\" \/>\n<meta property=\"og:url\" content=\"https:\/\/www.minipak.net\/pl\/kontakt\/\" \/>\n<meta property=\"og:site_name\" content=\"minipak\" \/>\n<meta property=\"article:modified_time\" content=\"2024-08-16T13:14:33+00:00\" \/>\n<meta name=\"twitter:card\" content=\"summary_large_image\" \/>\n<meta name=\"twitter:label1\" content=\"Szacowany czas czytania\" \/>\n\t<meta name=\"twitter:data1\" content=\"1 minuta\" \/>\n<script type=\"application\/ld+json\" class=\"yoast-schema-graph\">{\"@context\":\"https:\/\/schema.org\",\"@graph\":[{\"@type\":\"WebPage\",\"@id\":\"https:\/\/www.minipak.net\/pl\/kontakt\/\",\"url\":\"https:\/\/www.minipak.net\/pl\/kontakt\/\",\"name\":\"Kontakt | MINIPAK\",\"isPartOf\":{\"@id\":\"https:\/\/www.minipak.net\/pl\/#website\"},\"datePublished\":\"2022-12-12T15:29:39+00:00\",\"dateModified\":\"2024-08-16T13:14:33+00:00\",\"breadcrumb\":{\"@id\":\"https:\/\/www.minipak.net\/pl\/kontakt\/#breadcrumb\"},\"inLanguage\":\"pl-PL\",\"potentialAction\":[{\"@type\":\"ReadAction\",\"target\":[\"https:\/\/www.minipak.net\/pl\/kontakt\/\"]}]},{\"@type\":\"BreadcrumbList\",\"@id\":\"https:\/\/www.minipak.net\/pl\/kontakt\/#breadcrumb\",\"itemListElement\":[{\"@type\":\"ListItem\",\"position\":1,\"name\":\"Domovsk\u00e1 str\u00e1nka\",\"item\":\"https:\/\/www.minipak.net\/pl\/\"},{\"@type\":\"ListItem\",\"position\":2,\"name\":\"Kontakt\"}]},{\"@type\":\"WebSite\",\"@id\":\"https:\/\/www.minipak.net\/pl\/#website\",\"url\":\"https:\/\/www.minipak.net\/pl\/\",\"name\":\"MINIPAK - Sachet sample packaging\",\"description\":\"\",\"publisher\":{\"@id\":\"https:\/\/www.minipak.net\/pl\/#organization\"},\"potentialAction\":[{\"@type\":\"SearchAction\",\"target\":{\"@type\":\"EntryPoint\",\"urlTemplate\":\"https:\/\/www.minipak.net\/pl\/?s={search_term_string}\"},\"query-input\":{\"@type\":\"PropertyValueSpecification\",\"valueRequired\":true,\"valueName\":\"search_term_string\"}}],\"inLanguage\":\"pl-PL\"},{\"@type\":\"Organization\",\"@id\":\"https:\/\/www.minipak.net\/pl\/#organization\",\"name\":\"MINIPAK\",\"url\":\"https:\/\/www.minipak.net\/pl\/\",\"logo\":{\"@type\":\"ImageObject\",\"inLanguage\":\"pl-PL\",\"@id\":\"https:\/\/www.minipak.net\/pl\/#\/schema\/logo\/image\/\",\"url\":\"https:\/\/www.minipak.net\/wp-content\/uploads\/2022\/12\/logo_minipak.svg\",\"contentUrl\":\"https:\/\/www.minipak.net\/wp-content\/uploads\/2022\/12\/logo_minipak.svg\",\"width\":119,\"height\":32,\"caption\":\"MINIPAK\"},\"image\":{\"@id\":\"https:\/\/www.minipak.net\/pl\/#\/schema\/logo\/image\/\"}}]}<\/script>\n<!-- \/ Yoast SEO plugin. -->","yoast_head_json":{"title":"Kontakt | MINIPAK","robots":{"index":"index","follow":"follow","max-snippet":"max-snippet:-1","max-image-preview":"max-image-preview:large","max-video-preview":"max-video-preview:-1"},"canonical":"https:\/\/www.minipak.net\/pl\/kontakt\/","og_locale":"pl_PL","og_type":"article","og_title":"Kontakt | MINIPAK","og_url":"https:\/\/www.minipak.net\/pl\/kontakt\/","og_site_name":"minipak","article_modified_time":"2024-08-16T13:14:33+00:00","twitter_card":"summary_large_image","twitter_misc":{"Szacowany czas czytania":"1 minuta"},"schema":{"@context":"https:\/\/schema.org","@graph":[{"@type":"WebPage","@id":"https:\/\/www.minipak.net\/pl\/kontakt\/","url":"https:\/\/www.minipak.net\/pl\/kontakt\/","name":"Kontakt | MINIPAK","isPartOf":{"@id":"https:\/\/www.minipak.net\/pl\/#website"},"datePublished":"2022-12-12T15:29:39+00:00","dateModified":"2024-08-16T13:14:33+00:00","breadcrumb":{"@id":"https:\/\/www.minipak.net\/pl\/kontakt\/#breadcrumb"},"inLanguage":"pl-PL","potentialAction":[{"@type":"ReadAction","target":["https:\/\/www.minipak.net\/pl\/kontakt\/"]}]},{"@type":"BreadcrumbList","@id":"https:\/\/www.minipak.net\/pl\/kontakt\/#breadcrumb","itemListElement":[{"@type":"ListItem","position":1,"name":"Domovsk\u00e1 str\u00e1nka","item":"https:\/\/www.minipak.net\/pl\/"},{"@type":"ListItem","position":2,"name":"Kontakt"}]},{"@type":"WebSite","@id":"https:\/\/www.minipak.net\/pl\/#website","url":"https:\/\/www.minipak.net\/pl\/","name":"MINIPAK - Sachet sample packaging","description":"","publisher":{"@id":"https:\/\/www.minipak.net\/pl\/#organization"},"potentialAction":[{"@type":"SearchAction","target":{"@type":"EntryPoint","urlTemplate":"https:\/\/www.minipak.net\/pl\/?s={search_term_string}"},"query-input":{"@type":"PropertyValueSpecification","valueRequired":true,"valueName":"search_term_string"}}],"inLanguage":"pl-PL"},{"@type":"Organization","@id":"https:\/\/www.minipak.net\/pl\/#organization","name":"MINIPAK","url":"https:\/\/www.minipak.net\/pl\/","logo":{"@type":"ImageObject","inLanguage":"pl-PL","@id":"https:\/\/www.minipak.net\/pl\/#\/schema\/logo\/image\/","url":"https:\/\/www.minipak.net\/wp-content\/uploads\/2022\/12\/logo_minipak.svg","contentUrl":"https:\/\/www.minipak.net\/wp-content\/uploads\/2022\/12\/logo_minipak.svg","width":119,"height":32,"caption":"MINIPAK"},"image":{"@id":"https:\/\/www.minipak.net\/pl\/#\/schema\/logo\/image\/"}}]}},"_links":{"self":[{"href":"https:\/\/www.minipak.net\/pl\/wp-json\/wp\/v2\/pages\/2073","targetHints":{"allow":["GET"]}}],"collection":[{"href":"https:\/\/www.minipak.net\/pl\/wp-json\/wp\/v2\/pages"}],"about":[{"href":"https:\/\/www.minipak.net\/pl\/wp-json\/wp\/v2\/types\/page"}],"author":[{"embeddable":true,"href":"https:\/\/www.minipak.net\/pl\/wp-json\/wp\/v2\/users\/1"}],"replies":[{"embeddable":true,"href":"https:\/\/www.minipak.net\/pl\/wp-json\/wp\/v2\/comments?post=2073"}],"version-history":[{"count":4,"href":"https:\/\/www.minipak.net\/pl\/wp-json\/wp\/v2\/pages\/2073\/revisions"}],"predecessor-version":[{"id":2458,"href":"https:\/\/www.minipak.net\/pl\/wp-json\/wp\/v2\/pages\/2073\/revisions\/2458"}],"wp:attachment":[{"href":"https:\/\/www.minipak.net\/pl\/wp-json\/wp\/v2\/media?parent=2073"}],"curies":[{"name":"wp","href":"https:\/\/api.w.org\/{rel}","templated":true}]}}