{"id":2033,"date":"2023-06-24T15:32:57","date_gmt":"2023-06-24T15:32:57","guid":{"rendered":"https:\/\/www.minipak.net\/recyclable-sachet\/"},"modified":"2025-11-26T13:27:28","modified_gmt":"2025-11-26T13:27:28","slug":"recykling-opakowania-saszetki","status":"publish","type":"page","link":"https:\/\/www.minipak.net\/pl\/recykling-opakowania-saszetki\/","title":{"rendered":"Saszetka Sampless\u2122 nadaj\u0105ca si\u0119 do recyklingu"},"content":{"rendered":"<section class=\"l-section wpb_row us_custom_e5142fcc height_medium\"><div class=\"l-section-h i-cf\"><div class=\"g-cols vc_row via_grid cols_2 laptops-cols_inherit tablets-cols_inherit mobiles-cols_1 valign_top type_default stacking_default\"><div class=\"wpb_column vc_column_container\"><div class=\"vc_column-inner\"><div class=\"w-slider pak_gallery style_none fit_cover\"><div class=\"w-slider-h\"><div class=\"royalSlider\"><div class=\"rsContent\"><a class=\"rsImg\" data-rsw=\"1000\" data-rsh=\"667\" href=\"https:\/\/www.minipak.net\/wp-content\/uploads\/2023\/10\/1-eco-sachets.png\"><span data-alt=\"Saszetki nadaj\u0105ce si\u0119 do recyklingu firmy minipak.\"><\/span><\/a><\/div><\/div><img decoding=\"async\" src=\"https:\/\/www.minipak.net\/wp-content\/uploads\/2023\/10\/1-eco-sachets.png\" width=\"1000\" height=\"667\" alt=\"Saszetki nadaj\u0105ce si\u0119 do recyklingu firmy minipak.\" loading=\"lazy\"><\/div><div class=\"w-slider-json\" onclick='return {&quot;loop&quot;:true,&quot;fadeInLoadedSlide&quot;:false,&quot;slidesSpacing&quot;:0,&quot;imageScalePadding&quot;:0,&quot;numImagesToPreload&quot;:2,&quot;arrowsNav&quot;:false,&quot;arrowsNavAutoHide&quot;:false,&quot;transitionType&quot;:&quot;move&quot;,&quot;transitionSpeed&quot;:250,&quot;block&quot;:{&quot;moveEffect&quot;:&quot;none&quot;,&quot;speed&quot;:300},&quot;controlNavigation&quot;:&quot;none&quot;,&quot;imageScaleMode&quot;:&quot;fill&quot;,&quot;autoScaleSlider&quot;:true,&quot;autoScaleSliderWidth&quot;:1000,&quot;autoScaleSliderHeight&quot;:667,&quot;fitInViewport&quot;:false}'><\/div><\/div><\/div><\/div><div class=\"wpb_column vc_column_container us_custom_6c87170b faq just\"><div class=\"vc_column-inner\"><div class=\"wpb_text_column us_custom_2bddcc3c has_text_color\"><div class=\"wpb_wrapper\"><h1>Saszetka Sampless\u2122 nadaj\u0105ca si\u0119 do recyklingu<\/h1>\n<\/div><\/div><div class=\"w-hwrapper us_custom_1b04de86 align_none valign_top\" style=\"--hwrapper-gap:1.20rem\"><div class=\"w-iconbox hide_on_tablets hide_on_mobiles iconpos_top style_default color_primary align_center no_title no_text\"><div class=\"w-iconbox-icon\" style=\"font-size:1.5rem;\"><i class=\"far fa-lightbulb\"><\/i><\/div><div class=\"w-iconbox-meta\"><\/div><\/div><div class=\"wpb_text_column hide_on_tablets hide_on_mobiles\"><div class=\"wpb_wrapper\"><p><strong>MOQ<\/strong>: 5 000 sztuk<\/p>\n<\/div><\/div><div class=\"wpb_text_column us_custom_a833bf3c hide_on_tablets hide_on_mobiles\"><div class=\"wpb_wrapper\"><p><strong>Zakres wype\u0142nienia<\/strong>: 0,5 \u2013 15 ml<\/p>\n<\/div><\/div><div class=\"wpb_text_column hide_on_tablets hide_on_mobiles\"><div class=\"wpb_wrapper\"><p><strong>Lakier<\/strong>: b\u0142yszcz\u0105cy lub matowy<\/p>\n<\/div><\/div><\/div><div class=\"wpb_text_column us_custom_cc260cac has_text_color hide_on_tablets hide_on_mobiles\"><div class=\"wpb_wrapper\"><p>Szukasz ekologicznego rozwi\u0105zania w postaci <a href=\"https:\/\/www.minipak.net\/pl\/\">saszetek do pr\u00f3bek kosmetyk\u00f3w<\/a> lub produkt\u00f3w jednoporcjowych? W takim razie nasze nadaj\u0105ce si\u0119 do recyklingu saszetki wykonane z materia\u0142u polipropylenowego (PP) s\u0105 dla Ciebie odpowiedni\u0105 opcj\u0105.<\/p>\n<p>Kontraktujemy nape\u0142nianie i pakowanie r\u00f3\u017cnych produkt\u00f3w kosmetycznych i spo\u017cywczych, od p\u0142yn\u00f3w i krem\u00f3w, po proszki i produkty sta\u0142e (kapsu\u0142ki, saszetki nikotynowe i podobne).<\/p>\n<p>Oferujemy niskie MOQ 5 000 saszetek, obj\u0119to\u015b\u0107 nape\u0142niania w zakresie 0,5 ml &#8211; 15 ml lub g na saszetk\u0119 oraz precyzyjny nadruk na saszetce z po\u0142yskiem lub matow\u0105 powierzchni\u0105.<\/p>\n<\/div><\/div><div class=\"wpb_text_column us_custom_cc260cac has_text_color hide_on_default hide_on_laptops\"><div class=\"wpb_wrapper\"><p>Szukasz ekologicznego rozwi\u0105zania w postaci<a href=\"https:\/\/www.minipak.net\/pl\/\"> saszetek do pr\u00f3bek kosmetyk\u00f3w<\/a> lub produkt\u00f3w jednoporcjowych? W takim razie nasze nadaj\u0105ce si\u0119 do recyklingu saszetki wykonane z materia\u0142u polipropylenowego (PP) s\u0105 dla Ciebie odpowiedni\u0105 opcj\u0105.<\/p>\n<p>Kontraktujemy nape\u0142nianie i pakowanie r\u00f3\u017cnych produkt\u00f3w kosmetycznych i spo\u017cywczych, od p\u0142yn\u00f3w i krem\u00f3w, po proszki i produkty sta\u0142e (kapsu\u0142ki, saszetki nikotynowe i podobne).<\/p>\n<p>Oferujemy niskie MOQ 5 000 saszetek, obj\u0119to\u015b\u0107 nape\u0142niania w zakresie 0,5 ml &#8211; 15 ml lub g na saszetk\u0119 oraz precyzyjny nadruk na saszetce z po\u0142yskiem lub matow\u0105 powierzchni\u0105.<\/p>\n<\/div><\/div><div class=\"w-hwrapper us_custom_9de1e360 btn_streching align_none valign_top wrap\" style=\"--hwrapper-gap:13px\"><div class=\"w-btn-wrapper align_none\"><a class=\"w-btn us-btn-style_1 us_custom_d4f3a8e0 open_form us_animate_this icon_atright\" href=\"#form\"><span class=\"w-btn-label\">Skontaktuj si\u0119 z nami<\/span><i class=\"fas fa-chevron-right\"><\/i><\/a><\/div><\/div><\/div><\/div><\/div><\/div><\/section><section class=\"l-section wpb_row us_custom_e8bf21ea three_section height_medium\"><div class=\"l-section-h i-cf\"><div class=\"g-cols vc_row via_grid cols_3 laptops-cols_inherit tablets-cols_inherit mobiles-cols_1 valign_top type_default stacking_default\" style=\"grid-gap:13px;\"><div class=\"wpb_column vc_column_container\"><div class=\"vc_column-inner\"><div class=\"w-hwrapper align_none valign_top\" style=\"--hwrapper-gap:13px\"><div class=\"w-image us_custom_3ef3ea6e align_none\"><div class=\"w-image-h\"><img decoding=\"async\" src=\"https:\/\/www.minipak.net\/wp-content\/uploads\/2023\/10\/menej-odpadu.svg\" class=\"attachment-full size-full\" alt=\"\" \/><\/div><\/div><div class=\"w-vwrapper align_none valign_top\" style=\"--vwrapper-gap:8px\"><div class=\"wpb_text_column us_custom_767709ed has_text_color\"><div class=\"wpb_wrapper\"><p>Mniej odpad\u00f3w<\/p>\n<\/div><\/div><div class=\"wpb_text_column us_custom_ec60cf73 has_text_color\"><div class=\"wpb_wrapper\"><p>Nasze zr\u00f3wnowa\u017cone, przyjazne dla \u015brodowiska saszetki s\u0105 wykonane z monofolii przeznaczonej do recyklingu, dzi\u0119ki czemu przyczyniamy si\u0119 do zr\u00f3wnowa\u017cenia gospodarki o obiegu zamkni\u0119tym.<\/p>\n<\/div><\/div><\/div><\/div><\/div><\/div><div class=\"wpb_column vc_column_container\"><div class=\"vc_column-inner\"><div class=\"w-hwrapper align_none valign_top\" style=\"--hwrapper-gap:13px\"><div class=\"w-image us_custom_3ef3ea6e align_none\"><div class=\"w-image-h\"><img decoding=\"async\" src=\"https:\/\/www.minipak.net\/wp-content\/uploads\/2023\/10\/uhlikova-stopa.svg\" class=\"attachment-full size-full\" alt=\"\" \/><\/div><\/div><div class=\"w-vwrapper align_none valign_top\" style=\"--vwrapper-gap:8px\"><div class=\"wpb_text_column us_custom_767709ed has_text_color\"><div class=\"wpb_wrapper\"><p>Mniejszy \u015blad w\u0119glowy<\/p>\n<\/div><\/div><div class=\"wpb_text_column us_custom_ec60cf73 has_text_color\"><div class=\"wpb_wrapper\"><p>W por\u00f3wnaniu do konwencjonalnych folii wielowarstwowych stosowanych w przemy\u015ble kosmetycznym, proces produkcji folii polipropylenowej emituje mniej CO2.<\/p>\n<\/div><\/div><\/div><\/div><\/div><\/div><div class=\"wpb_column vc_column_container\"><div class=\"vc_column-inner\"><div class=\"w-hwrapper align_none valign_top\" style=\"--hwrapper-gap:13px\"><div class=\"w-image us_custom_3ef3ea6e align_none\"><div class=\"w-image-h\"><img decoding=\"async\" src=\"https:\/\/www.minipak.net\/wp-content\/uploads\/2023\/10\/menej-obalu.svg\" class=\"attachment-full size-full\" alt=\"\" \/><\/div><\/div><div class=\"w-vwrapper align_none valign_top\" style=\"--vwrapper-gap:8px\"><div class=\"wpb_text_column us_custom_767709ed has_text_color\"><div class=\"wpb_wrapper\"><p>Mniej folii<\/p>\n<\/div><\/div><div class=\"wpb_text_column us_custom_ec60cf73 has_text_color\"><div class=\"wpb_wrapper\"><p>Saszetka Sampless\u2122 jest o oko\u0142o 20% l\u017cejsza od standardowej saszetki wykonanej z wielowarstwowej folii aluminiowej.<\/p>\n<\/div><\/div><\/div><\/div><\/div><\/div><\/div><\/div><\/section><section class=\"l-section wpb_row us_custom_d5884244 height_medium\"><div class=\"l-section-h i-cf\"><div class=\"g-cols vc_row via_grid cols_2 laptops-cols_inherit tablets-cols_inherit mobiles-cols_1 valign_middle type_default stacking_default\"><div class=\"wpb_column vc_column_container us_custom_34da2785\"><div class=\"vc_column-inner\"><div class=\"g-cols wpb_row us_custom_29c2b99a via_grid cols_1 laptops-cols_inherit tablets-cols_inherit mobiles-cols_1 valign_middle type_default stacking_default\"><div class=\"wpb_column vc_column_container\"><div class=\"vc_column-inner\"><div class=\"wpb_text_column us_custom_be37e48e has_text_color\"><div class=\"wpb_wrapper\"><h2 class=\"p1\">Szukasz niestandardowego rozwi\u0105zania?<\/h2>\n<\/div><\/div><div class=\"wpb_text_column us_custom_6cd7f7a0 has_text_color\"><div class=\"wpb_wrapper\"><p class=\"p1\">Mo\u017cemy poprawi\u0107 do\u015bwiadczenie Twoich klient\u00f3w, do\u0142\u0105czaj\u0105c saszetki do kart drukowanych lub pakuj\u0105c je w pude\u0142ka promocyjne lub detaliczne.<\/p>\n<\/div><\/div><div class=\"w-btn-wrapper align_left\"><a class=\"w-btn us-btn-style_7 us_custom_59f8a9dd has_text_color\" title=\"Aluminum-based sachet\" href=\"https:\/\/www.minipak.net\/pl\/kontakt\/\"><span class=\"w-btn-label\">Skontaktuj si\u0119 z nami<\/span><\/a><\/div><\/div><\/div><\/div><\/div><\/div><div class=\"wpb_column vc_column_container us_custom_ae7301c9\"><div class=\"vc_column-inner\"><div class=\"w-image us_custom_45e749fe img_100 align_center\"><div class=\"w-image-h\"><img loading=\"lazy\" decoding=\"async\" width=\"1000\" height=\"645\" src=\"https:\/\/www.minipak.net\/wp-content\/uploads\/2024\/10\/Discovery-box-with-sachet-1-png.webp\" class=\"attachment-full size-full\" alt=\"\" \/><\/div><\/div><\/div><\/div><\/div><\/div><\/section><section class=\"l-section wpb_row us_custom_24088483 faq height_medium\"><div class=\"l-section-h i-cf\"><div class=\"g-cols vc_row via_grid cols_1-2 laptops-cols_inherit tablets-cols_inherit mobiles-cols_1 valign_top type_default stacking_default\"><div class=\"wpb_column vc_column_container\"><div class=\"vc_column-inner\"><div class=\"wpb_text_column us_custom_7c272b90 has_text_color\"><div class=\"wpb_wrapper\"><h2>Cz\u0119sto Zadawane Pytania<\/h2>\n<\/div><\/div><div class=\"wpb_text_column us_custom_2126d6d1 has_text_color\"><div class=\"wpb_wrapper\"><p>Nie mo\u017cesz znale\u017a\u0107 odpowiedzi, kt\u00f3rej szukasz? Skontaktuj si\u0119 z nami <a href=\"mailto:info@minipak.net\">info@minipak.net<\/a>.<\/p>\n<\/div><\/div><div class=\"w-btn-wrapper align_none\"><a class=\"w-btn us-btn-style_4 icon_atright\" title=\"ot\u00e1zky a odpovede\" href=\"https:\/\/www.minipak.net\/pl\/faq\/\"><span class=\"w-btn-label\">Zobacz wszystkie cz\u0119sto zadawane pytania<\/span><i class=\"fas fa-arrow-right\"><\/i><\/a><\/div><\/div><\/div><div class=\"wpb_column vc_column_container\"><div class=\"vc_column-inner\"><div class=\"w-tabs style_default switch_click accordion\" style=\"--sections-title-size:inherit\"><div class=\"w-tabs-sections titles-align_none icon_chevron cpos_right\"><div class=\"w-tabs-section\" id=\"h580\"><button class=\"w-tabs-section-header\" aria-controls=\"content-h580\" aria-expanded=\"false\"><div class=\"w-tabs-section-title\">Jak wygl\u0105da proces produkcji opakowa\u0144 saszetkowych?<\/div><div class=\"w-tabs-section-control\"><\/div><\/button><div  class=\"w-tabs-section-content\" id=\"content-h580\"><div class=\"w-tabs-section-content-h i-cf\"><div class=\"wpb_text_column us_custom_687a0b20 has_text_color\"><div class=\"wpb_wrapper\"><ol>\n<li>Wype\u0142nij nasz interaktywny kalkulator cen lub skontaktuj si\u0119 z nami i opowiedz nam o swoim projekcie opakowania.<\/li>\n<li>Przygotujemy wst\u0119pn\u0105 ofert\u0119 dla Twoich opakowa\u0144 pr\u00f3bek kosmetyk\u00f3w.<\/li>\n<li>Je\u015bli Ci si\u0119 spodoba, poprosimy o ostateczn\u0105 grafik\u0119 wektorow\u0105, a tak\u017ce mo\u017cemy poprosi\u0107 Ci\u0119 o pr\u00f3bk\u0119 produktu o pojemno\u015bci 50 ml. Dlaczego? B\u0119dziemy chcieli ostatecznie sprawdzi\u0107 lepko\u015b\u0107 produktu. Nast\u0119pnie przedstawimy Ci ostateczn\u0105 niewi\u0105\u017c\u0105c\u0105 ofert\u0119.<\/li>\n<li>Aby przej\u015b\u0107 dalej, wystawimy faktur\u0119 proforma na pokrycie koszt\u00f3w przygotowania i druku saszetek, a po jej op\u0142aceniu z\u0142o\u017cymy zam\u00f3wienie w jednej z naszych renomowanych drukarni partnerskich.<\/li>\n<li>Przed wydrukowaniem otrzymasz ostateczny dow\u00f3d drukowania w formacie PDF do ostatecznego zatwierdzenia. Na \u017cyczenie mo\u017cemy r\u00f3wnie\u017c dostarczy\u0107 fizyczny dow\u00f3d wydruku.<\/li>\n<li>Nast\u0119pnie poczekamy, a\u017c Twoje produkty luzem zostan\u0105 dostarczone do naszej siedziby lub mo\u017cemy zaj\u0105\u0107 si\u0119 wysy\u0142k\u0105 za Ciebie.<\/li>\n<li>Gdy Twoje produkty luzem b\u0119d\u0105 u nas, wyprodukujemy, nape\u0142nimy i zapakujemy logistycznie Tw\u00f3j produkt w nasze saszetki.<br \/>\nOferujemy r\u00f3wnie\u017c us\u0142ugi dodatkowe takie jak pakowanie zbiorcze wyprodukowanych saszetek czy naklejanie saszetek na zadrukowane karty.<\/li>\n<li>Po produkcji zajmiemy si\u0119 wysy\u0142k\u0105 Twojego zam\u00f3wienia lub, je\u015bli wolisz, podamy informacje o wysy\u0142ce, aby\u015b m\u00f3g\u0142 sam zaj\u0105\u0107 si\u0119 wysy\u0142k\u0105.<\/li>\n<\/ol>\n<\/div><\/div><\/div><\/div><\/div><div class=\"w-tabs-section\" id=\"n73b\"><button class=\"w-tabs-section-header\" aria-controls=\"content-n73b\" aria-expanded=\"false\"><div class=\"w-tabs-section-title\">Ile czasu zajmuje wyprodukowanie opakowania saszetkowego?<\/div><div class=\"w-tabs-section-control\"><\/div><\/button><div  class=\"w-tabs-section-content\" id=\"content-n73b\"><div class=\"w-tabs-section-content-h i-cf\"><div class=\"wpb_text_column us_custom_687a0b20 has_text_color\"><div class=\"wpb_wrapper\"><p>W oparciu o aktualne ob\u0142o\u017cenie naszych mocy produkcyjnych w zakresie opakowa\u0144 saszetkowych, nasz standardowy czas realizacji zam\u00f3wie\u0144 standardowych wynosi 5 &#8211; 8 tygodni od wp\u0142aty zadatku, ostatecznej akceptacji graficznej i dostawy wszystkich produkt\u00f3w.<\/p>\n<p>Przy zam\u00f3wieniach do 100 000 saszetek mo\u017cemy zaproponowa\u0107 produkcj\u0119 ekspresow\u0105 z terminem realizacji 4 \u2013 5 tygodni.<\/p>\n<\/div><\/div><\/div><\/div><\/div><div class=\"w-tabs-section\" id=\"n8dc\"><button class=\"w-tabs-section-header\" aria-controls=\"content-n8dc\" aria-expanded=\"false\"><div class=\"w-tabs-section-title\">Czy oferujecie r\u00f3wnie\u017c ekologiczne saszetki?<\/div><div class=\"w-tabs-section-control\"><\/div><\/button><div  class=\"w-tabs-section-content\" id=\"content-n8dc\"><div class=\"w-tabs-section-content-h i-cf\"><div class=\"wpb_text_column us_custom_687a0b20 has_text_color\"><div class=\"wpb_wrapper\"><p>Tak, mo\u017cemy zaoferowa\u0107 certyfikowany projekt saszetek recyklingowych wykonanych z monomateria\u0142u polipropylenowego. Aby uzyska\u0107 wi\u0119cej informacji, zapoznaj si\u0119 z nasz\u0105 saszetk\u0105 SamplessTM.<\/p>\n<\/div><\/div><\/div><\/div><\/div><div class=\"w-tabs-section\" id=\"ia7e\"><button class=\"w-tabs-section-header\" aria-controls=\"content-ia7e\" aria-expanded=\"false\"><div class=\"w-tabs-section-title\">Ile kosztuje us\u0142uga pakowania saszetek?<\/div><div class=\"w-tabs-section-control\"><\/div><\/button><div  class=\"w-tabs-section-content\" id=\"content-ia7e\"><div class=\"w-tabs-section-content-h i-cf\"><div class=\"wpb_text_column us_custom_687a0b20 has_text_color\"><div class=\"wpb_wrapper\"><p>Aby lepiej zorientowa\u0107 si\u0119 w naszym przedziale cenowym, sprawd\u017a nasz interaktywny kalkulator cen.<\/p>\n<p>Je\u015bli nasz kalkulator nie pasuje do specyfikacji Twojego projektu, skontaktuj si\u0119 z nami, a my przygotujemy dla Ciebie indywidualn\u0105 ofert\u0119 w ci\u0105gu 1 \u2013 2 dni roboczych.<\/p>\n<\/div><\/div><\/div><\/div><\/div><div class=\"w-tabs-section\" id=\"hc0d\"><button class=\"w-tabs-section-header\" aria-controls=\"content-hc0d\" aria-expanded=\"false\"><div class=\"w-tabs-section-title\">Jaka jest minimalna ilo\u015b\u0107 zam\u00f3wienia?<\/div><div class=\"w-tabs-section-control\"><\/div><\/button><div  class=\"w-tabs-section-content\" id=\"content-hc0d\"><div class=\"w-tabs-section-content-h i-cf\"><div class=\"wpb_text_column us_custom_687a0b20 has_text_color\"><div class=\"wpb_wrapper\"><p>Nasza standardowa minimalna wielko\u015b\u0107 zam\u00f3wienia to 5 000 saszetek lub oprawy graficznej.<\/p>\n<\/div><\/div><\/div><\/div><\/div><\/div><\/div><\/div><\/div><\/div><\/div><\/section>\n","protected":false},"excerpt":{"rendered":"Saszetka Sampless\u2122 nadaj\u0105ca si\u0119 do recyklingu MOQ: 5 000 sztuk Zakres wype\u0142nienia: 0,5 \u2013 15 ml Lakier: b\u0142yszcz\u0105cy lub matowy Szukasz ekologicznego rozwi\u0105zania w postaci saszetek do pr\u00f3bek kosmetyk\u00f3w lub produkt\u00f3w jednoporcjowych? W takim razie nasze nadaj\u0105ce si\u0119 do recyklingu saszetki wykonane z materia\u0142u polipropylenowego (PP) s\u0105 dla Ciebie odpowiedni\u0105 opcj\u0105. Kontraktujemy nape\u0142nianie i pakowanie...","protected":false},"author":1,"featured_media":0,"parent":0,"menu_order":0,"comment_status":"closed","ping_status":"closed","template":"","meta":{"inline_featured_image":false,"footnotes":""},"class_list":["post-2033","page","type-page","status-publish","hentry"],"acf":[],"yoast_head":"<!-- This site is optimized with the Yoast SEO plugin v23.5 - https:\/\/yoast.com\/wordpress\/plugins\/seo\/ -->\n<title>Saszetki nadaj\u0105ce si\u0119 do recyklingu | MINIPAK<\/title>\n<meta name=\"description\" content=\"Mo\u017cemy wzbogaci\u0107 Twoje produkty ekologicznymi saszetkami nadaj\u0105cymi si\u0119 do recyklingu, aby zapewni\u0107 zr\u00f3wnowa\u017cone rozwi\u0105zanie dla pakowania pr\u00f3bek kosmetyk\u00f3w, przyczyniaj\u0105c si\u0119 do stabilnego rozwoju gospodarki o obiegu zamkni\u0119tym.\" \/>\n<meta name=\"robots\" content=\"index, follow, max-snippet:-1, max-image-preview:large, max-video-preview:-1\" \/>\n<link rel=\"canonical\" href=\"https:\/\/www.minipak.net\/pl\/recykling-opakowania-saszetki\/\" \/>\n<meta property=\"og:locale\" content=\"pl_PL\" \/>\n<meta property=\"og:type\" content=\"article\" \/>\n<meta property=\"og:title\" content=\"Saszetki nadaj\u0105ce si\u0119 do recyklingu | MINIPAK\" \/>\n<meta property=\"og:description\" content=\"Mo\u017cemy wzbogaci\u0107 Twoje produkty ekologicznymi saszetkami nadaj\u0105cymi si\u0119 do recyklingu, aby zapewni\u0107 zr\u00f3wnowa\u017cone rozwi\u0105zanie dla pakowania pr\u00f3bek kosmetyk\u00f3w, przyczyniaj\u0105c si\u0119 do stabilnego rozwoju gospodarki o obiegu zamkni\u0119tym.\" \/>\n<meta property=\"og:url\" content=\"https:\/\/www.minipak.net\/pl\/recykling-opakowania-saszetki\/\" \/>\n<meta property=\"og:site_name\" content=\"minipak\" \/>\n<meta property=\"article:modified_time\" content=\"2025-11-26T13:27:28+00:00\" \/>\n<meta name=\"twitter:card\" content=\"summary_large_image\" \/>\n<meta name=\"twitter:label1\" content=\"Szacowany czas czytania\" \/>\n\t<meta name=\"twitter:data1\" content=\"5 minut\" \/>\n<script type=\"application\/ld+json\" class=\"yoast-schema-graph\">{\"@context\":\"https:\/\/schema.org\",\"@graph\":[{\"@type\":\"WebPage\",\"@id\":\"https:\/\/www.minipak.net\/pl\/recykling-opakowania-saszetki\/\",\"url\":\"https:\/\/www.minipak.net\/pl\/recykling-opakowania-saszetki\/\",\"name\":\"Saszetki nadaj\u0105ce si\u0119 do recyklingu | MINIPAK\",\"isPartOf\":{\"@id\":\"https:\/\/www.minipak.net\/pl\/#website\"},\"datePublished\":\"2023-06-24T15:32:57+00:00\",\"dateModified\":\"2025-11-26T13:27:28+00:00\",\"description\":\"Mo\u017cemy wzbogaci\u0107 Twoje produkty ekologicznymi saszetkami nadaj\u0105cymi si\u0119 do recyklingu, aby zapewni\u0107 zr\u00f3wnowa\u017cone rozwi\u0105zanie dla pakowania pr\u00f3bek kosmetyk\u00f3w, przyczyniaj\u0105c si\u0119 do stabilnego rozwoju gospodarki o obiegu zamkni\u0119tym.\",\"breadcrumb\":{\"@id\":\"https:\/\/www.minipak.net\/pl\/recykling-opakowania-saszetki\/#breadcrumb\"},\"inLanguage\":\"pl-PL\",\"potentialAction\":[{\"@type\":\"ReadAction\",\"target\":[\"https:\/\/www.minipak.net\/pl\/recykling-opakowania-saszetki\/\"]}]},{\"@type\":\"BreadcrumbList\",\"@id\":\"https:\/\/www.minipak.net\/pl\/recykling-opakowania-saszetki\/#breadcrumb\",\"itemListElement\":[{\"@type\":\"ListItem\",\"position\":1,\"name\":\"Domovsk\u00e1 str\u00e1nka\",\"item\":\"https:\/\/www.minipak.net\/pl\/\"},{\"@type\":\"ListItem\",\"position\":2,\"name\":\"Saszetka Sampless\u2122 nadaj\u0105ca si\u0119 do recyklingu\"}]},{\"@type\":\"WebSite\",\"@id\":\"https:\/\/www.minipak.net\/pl\/#website\",\"url\":\"https:\/\/www.minipak.net\/pl\/\",\"name\":\"MINIPAK - Sachet sample packaging\",\"description\":\"\",\"publisher\":{\"@id\":\"https:\/\/www.minipak.net\/pl\/#organization\"},\"potentialAction\":[{\"@type\":\"SearchAction\",\"target\":{\"@type\":\"EntryPoint\",\"urlTemplate\":\"https:\/\/www.minipak.net\/pl\/?s={search_term_string}\"},\"query-input\":{\"@type\":\"PropertyValueSpecification\",\"valueRequired\":true,\"valueName\":\"search_term_string\"}}],\"inLanguage\":\"pl-PL\"},{\"@type\":\"Organization\",\"@id\":\"https:\/\/www.minipak.net\/pl\/#organization\",\"name\":\"MINIPAK\",\"url\":\"https:\/\/www.minipak.net\/pl\/\",\"logo\":{\"@type\":\"ImageObject\",\"inLanguage\":\"pl-PL\",\"@id\":\"https:\/\/www.minipak.net\/pl\/#\/schema\/logo\/image\/\",\"url\":\"https:\/\/www.minipak.net\/wp-content\/uploads\/2022\/12\/logo_minipak.svg\",\"contentUrl\":\"https:\/\/www.minipak.net\/wp-content\/uploads\/2022\/12\/logo_minipak.svg\",\"width\":119,\"height\":32,\"caption\":\"MINIPAK\"},\"image\":{\"@id\":\"https:\/\/www.minipak.net\/pl\/#\/schema\/logo\/image\/\"}}]}<\/script>\n<!-- \/ Yoast SEO plugin. -->","yoast_head_json":{"title":"Saszetki nadaj\u0105ce si\u0119 do recyklingu | MINIPAK","description":"Mo\u017cemy wzbogaci\u0107 Twoje produkty ekologicznymi saszetkami nadaj\u0105cymi si\u0119 do recyklingu, aby zapewni\u0107 zr\u00f3wnowa\u017cone rozwi\u0105zanie dla pakowania pr\u00f3bek kosmetyk\u00f3w, przyczyniaj\u0105c si\u0119 do stabilnego rozwoju gospodarki o obiegu zamkni\u0119tym.","robots":{"index":"index","follow":"follow","max-snippet":"max-snippet:-1","max-image-preview":"max-image-preview:large","max-video-preview":"max-video-preview:-1"},"canonical":"https:\/\/www.minipak.net\/pl\/recykling-opakowania-saszetki\/","og_locale":"pl_PL","og_type":"article","og_title":"Saszetki nadaj\u0105ce si\u0119 do recyklingu | MINIPAK","og_description":"Mo\u017cemy wzbogaci\u0107 Twoje produkty ekologicznymi saszetkami nadaj\u0105cymi si\u0119 do recyklingu, aby zapewni\u0107 zr\u00f3wnowa\u017cone rozwi\u0105zanie dla pakowania pr\u00f3bek kosmetyk\u00f3w, przyczyniaj\u0105c si\u0119 do stabilnego rozwoju gospodarki o obiegu zamkni\u0119tym.","og_url":"https:\/\/www.minipak.net\/pl\/recykling-opakowania-saszetki\/","og_site_name":"minipak","article_modified_time":"2025-11-26T13:27:28+00:00","twitter_card":"summary_large_image","twitter_misc":{"Szacowany czas czytania":"5 minut"},"schema":{"@context":"https:\/\/schema.org","@graph":[{"@type":"WebPage","@id":"https:\/\/www.minipak.net\/pl\/recykling-opakowania-saszetki\/","url":"https:\/\/www.minipak.net\/pl\/recykling-opakowania-saszetki\/","name":"Saszetki nadaj\u0105ce si\u0119 do recyklingu | MINIPAK","isPartOf":{"@id":"https:\/\/www.minipak.net\/pl\/#website"},"datePublished":"2023-06-24T15:32:57+00:00","dateModified":"2025-11-26T13:27:28+00:00","description":"Mo\u017cemy wzbogaci\u0107 Twoje produkty ekologicznymi saszetkami nadaj\u0105cymi si\u0119 do recyklingu, aby zapewni\u0107 zr\u00f3wnowa\u017cone rozwi\u0105zanie dla pakowania pr\u00f3bek kosmetyk\u00f3w, przyczyniaj\u0105c si\u0119 do stabilnego rozwoju gospodarki o obiegu zamkni\u0119tym.","breadcrumb":{"@id":"https:\/\/www.minipak.net\/pl\/recykling-opakowania-saszetki\/#breadcrumb"},"inLanguage":"pl-PL","potentialAction":[{"@type":"ReadAction","target":["https:\/\/www.minipak.net\/pl\/recykling-opakowania-saszetki\/"]}]},{"@type":"BreadcrumbList","@id":"https:\/\/www.minipak.net\/pl\/recykling-opakowania-saszetki\/#breadcrumb","itemListElement":[{"@type":"ListItem","position":1,"name":"Domovsk\u00e1 str\u00e1nka","item":"https:\/\/www.minipak.net\/pl\/"},{"@type":"ListItem","position":2,"name":"Saszetka Sampless\u2122 nadaj\u0105ca si\u0119 do recyklingu"}]},{"@type":"WebSite","@id":"https:\/\/www.minipak.net\/pl\/#website","url":"https:\/\/www.minipak.net\/pl\/","name":"MINIPAK - Sachet sample packaging","description":"","publisher":{"@id":"https:\/\/www.minipak.net\/pl\/#organization"},"potentialAction":[{"@type":"SearchAction","target":{"@type":"EntryPoint","urlTemplate":"https:\/\/www.minipak.net\/pl\/?s={search_term_string}"},"query-input":{"@type":"PropertyValueSpecification","valueRequired":true,"valueName":"search_term_string"}}],"inLanguage":"pl-PL"},{"@type":"Organization","@id":"https:\/\/www.minipak.net\/pl\/#organization","name":"MINIPAK","url":"https:\/\/www.minipak.net\/pl\/","logo":{"@type":"ImageObject","inLanguage":"pl-PL","@id":"https:\/\/www.minipak.net\/pl\/#\/schema\/logo\/image\/","url":"https:\/\/www.minipak.net\/wp-content\/uploads\/2022\/12\/logo_minipak.svg","contentUrl":"https:\/\/www.minipak.net\/wp-content\/uploads\/2022\/12\/logo_minipak.svg","width":119,"height":32,"caption":"MINIPAK"},"image":{"@id":"https:\/\/www.minipak.net\/pl\/#\/schema\/logo\/image\/"}}]}},"_links":{"self":[{"href":"https:\/\/www.minipak.net\/pl\/wp-json\/wp\/v2\/pages\/2033","targetHints":{"allow":["GET"]}}],"collection":[{"href":"https:\/\/www.minipak.net\/pl\/wp-json\/wp\/v2\/pages"}],"about":[{"href":"https:\/\/www.minipak.net\/pl\/wp-json\/wp\/v2\/types\/page"}],"author":[{"embeddable":true,"href":"https:\/\/www.minipak.net\/pl\/wp-json\/wp\/v2\/users\/1"}],"replies":[{"embeddable":true,"href":"https:\/\/www.minipak.net\/pl\/wp-json\/wp\/v2\/comments?post=2033"}],"version-history":[{"count":11,"href":"https:\/\/www.minipak.net\/pl\/wp-json\/wp\/v2\/pages\/2033\/revisions"}],"predecessor-version":[{"id":4807,"href":"https:\/\/www.minipak.net\/pl\/wp-json\/wp\/v2\/pages\/2033\/revisions\/4807"}],"wp:attachment":[{"href":"https:\/\/www.minipak.net\/pl\/wp-json\/wp\/v2\/media?parent=2033"}],"curies":[{"name":"wp","href":"https:\/\/api.w.org\/{rel}","templated":true}]}}