{"id":2098,"date":"2022-12-11T16:40:49","date_gmt":"2022-12-11T16:40:49","guid":{"rendered":"https:\/\/www.minipak.net\/about-us\/"},"modified":"2024-08-16T12:55:53","modified_gmt":"2024-08-16T12:55:53","slug":"chi-siamo","status":"publish","type":"page","link":"https:\/\/www.minipak.net\/it\/chi-siamo\/","title":{"rendered":"Chi siamo"},"content":{"rendered":"<section class=\"l-section wpb_row us_custom_7b5b03a5 height_medium\"><div class=\"l-section-h i-cf\"><div class=\"g-cols vc_row via_grid cols_2 laptops-cols_inherit tablets-cols_inherit mobiles-cols_1 valign_top type_default stacking_default\"><div class=\"wpb_column vc_column_container\"><div class=\"vc_column-inner\"><div class=\"wpb_text_column us_custom_2aa4ebcf has_text_color\"><div class=\"wpb_wrapper\"><h1>La nostra storia<\/h1>\n<\/div><\/div><div class=\"wpb_text_column us_custom_6c80d76d has_text_color\"><div class=\"wpb_wrapper\"><p>Dal 1992, Minipak \u00e8 un\u2019azienda a conduzione familiare impegnata nella produzione di bustine termosaldate con sede nel centro dell\u2019Europa, in Slovacchia. Inizialmente abbiamo prodotto bustine monodose a marchio proprio riempite con prodotti alimentari cremosi.<\/p>\n<p>Nel 2006, l\u2019azienda \u00e8 stata trasformata in una Societ\u00e0 a Responsabilit\u00e0 Limitata e il modello di business si \u00e8 gradualmente spostato verso il confezionamento di campioni di cosmetici e bustine monodose per clienti internazionali.<\/p>\n<p>Oggi siamo un\u2019azienda con certificazioni ISO, macchinari moderni e un\u2019esperienza decennale. Il nostro obiettivo \u00e8 quello di fornire costantemente servizi di alto livello in un settore in rapida evoluzione.<\/p>\n<\/div><\/div><\/div><\/div><div class=\"wpb_column vc_column_container\"><div class=\"vc_column-inner\"><\/div><\/div><\/div><\/div><\/section><section class=\"l-section wpb_row us_custom_b6a72ce1 height_medium width_full\"><div class=\"l-section-h i-cf\"><div class=\"g-cols vc_row via_grid cols_1 laptops-cols_inherit tablets-cols_inherit mobiles-cols_1 valign_top type_default stacking_default\"><div class=\"wpb_column vc_column_container\"><div class=\"vc_column-inner\"><div class=\"w-grid type_carousel layout_gallery_default cols_4\" id=\"us_grid_1\"><style>#us_grid_1 .w-grid-item{padding:6px}#us_grid_1 .w-grid-list{margin:-6px}.w-grid + #us_grid_1 .w-grid-list,.w-grid-none + #us_grid_1 .w-grid-list{margin-top:6px}.layout_gallery_default .w-grid-item-h{}<\/style><div class=\"w-grid-list owl-carousel navstyle_circle navpos_outside\">\t<article class=\"w-grid-item post-635 attachment type-attachment status-inherit hentry\" data-id=\"635\">\r\n\t\t<div class=\"w-grid-item-h\">\r\n\t\t\t\t\t\t<div class=\"w-post-elm post_image usg_post_image_1 stretched\"><img loading=\"lazy\" decoding=\"async\" width=\"350\" height=\"240\" src=\"https:\/\/www.minipak.net\/wp-content\/uploads\/2022\/12\/image-37-1.jpg\" class=\"attachment-us_600_600_crop size-us_600_600_crop\" alt=\"Produzione di bustine.\" srcset=\"https:\/\/www.minipak.net\/wp-content\/uploads\/2022\/12\/image-37-1.jpg 350w, https:\/\/www.minipak.net\/wp-content\/uploads\/2022\/12\/image-37-1-300x206.jpg 300w\" sizes=\"auto, (max-width: 350px) 100vw, 350px\" \/><\/div>\t\t<\/div>\r\n\t<\/article>\r\n\t<article class=\"w-grid-item post-634 attachment type-attachment status-inherit hentry\" data-id=\"634\">\r\n\t\t<div class=\"w-grid-item-h\">\r\n\t\t\t\t\t\t<div class=\"w-post-elm post_image usg_post_image_1 stretched\"><img loading=\"lazy\" decoding=\"async\" width=\"350\" height=\"240\" src=\"https:\/\/www.minipak.net\/wp-content\/uploads\/2022\/12\/image-36-2.jpg\" class=\"attachment-us_600_600_crop size-us_600_600_crop\" alt=\"Il dipendente aziona la macchina confezionatrice di bustine.\" srcset=\"https:\/\/www.minipak.net\/wp-content\/uploads\/2022\/12\/image-36-2.jpg 350w, https:\/\/www.minipak.net\/wp-content\/uploads\/2022\/12\/image-36-2-300x206.jpg 300w\" sizes=\"auto, (max-width: 350px) 100vw, 350px\" \/><\/div>\t\t<\/div>\r\n\t<\/article>\r\n\t<article class=\"w-grid-item post-633 attachment type-attachment status-inherit hentry\" data-id=\"633\">\r\n\t\t<div class=\"w-grid-item-h\">\r\n\t\t\t\t\t\t<div class=\"w-post-elm post_image usg_post_image_1 stretched\"><img loading=\"lazy\" decoding=\"async\" width=\"350\" height=\"240\" src=\"https:\/\/www.minipak.net\/wp-content\/uploads\/2022\/12\/image-35-2.jpg\" class=\"attachment-us_600_600_crop size-us_600_600_crop\" alt=\"Documentazione ISO 9001 e GMP.\" srcset=\"https:\/\/www.minipak.net\/wp-content\/uploads\/2022\/12\/image-35-2.jpg 350w, https:\/\/www.minipak.net\/wp-content\/uploads\/2022\/12\/image-35-2-300x206.jpg 300w\" sizes=\"auto, (max-width: 350px) 100vw, 350px\" \/><\/div>\t\t<\/div>\r\n\t<\/article>\r\n\t<article class=\"w-grid-item post-632 attachment type-attachment status-inherit hentry\" data-id=\"632\">\r\n\t\t<div class=\"w-grid-item-h\">\r\n\t\t\t\t\t\t<div class=\"w-post-elm post_image usg_post_image_1 stretched\"><img loading=\"lazy\" decoding=\"async\" width=\"350\" height=\"240\" src=\"https:\/\/www.minipak.net\/wp-content\/uploads\/2022\/12\/image-34-3.jpg\" class=\"attachment-us_600_600_crop size-us_600_600_crop\" alt=\"Riempimento e produzione di bustine.\" srcset=\"https:\/\/www.minipak.net\/wp-content\/uploads\/2022\/12\/image-34-3.jpg 350w, https:\/\/www.minipak.net\/wp-content\/uploads\/2022\/12\/image-34-3-300x206.jpg 300w\" sizes=\"auto, (max-width: 350px) 100vw, 350px\" \/><\/div>\t\t<\/div>\r\n\t<\/article>\r\n<\/div><div class=\"g-preloader type_1\">\r\n\t<div><\/div>\r\n<\/div>\r\n\t<div class=\"w-grid-json hidden\" onclick='return {&quot;action&quot;:&quot;us_ajax_grid&quot;,&quot;ajax_url&quot;:&quot;https:\\\/\\\/www.minipak.net\\\/wp-admin\\\/admin-ajax.php&quot;,&quot;infinite_scroll&quot;:0,&quot;max_num_pages&quot;:1,&quot;pagination&quot;:&quot;none&quot;,&quot;permalink_url&quot;:&quot;https:\\\/\\\/www.minipak.net\\\/it\\\/wp-json\\\/wp\\\/v2\\\/pages\\\/2098\\\/&quot;,&quot;template_vars&quot;:{&quot;columns&quot;:&quot;4&quot;,&quot;exclude_items&quot;:&quot;none&quot;,&quot;img_size&quot;:&quot;default&quot;,&quot;ignore_items_size&quot;:0,&quot;items_layout&quot;:&quot;gallery_default&quot;,&quot;items_offset&quot;:&quot;1&quot;,&quot;load_animation&quot;:&quot;none&quot;,&quot;overriding_link&quot;:&quot;none&quot;,&quot;post_id&quot;:2098,&quot;query_args&quot;:{&quot;post_type&quot;:[&quot;attachment&quot;],&quot;post__in&quot;:[&quot;142&quot;,&quot;141&quot;,&quot;140&quot;,&quot;139&quot;],&quot;post_status&quot;:&quot;inherit&quot;,&quot;post_mime_type&quot;:&quot;image&quot;,&quot;posts_per_page&quot;:&quot;11&quot;},&quot;orderby_query_args&quot;:{&quot;orderby&quot;:{&quot;date&quot;:&quot;DESC&quot;}},&quot;type&quot;:&quot;carousel&quot;,&quot;us_grid_ajax_index&quot;:1,&quot;us_grid_filter_params&quot;:null,&quot;us_grid_index&quot;:1,&quot;_us_grid_post_type&quot;:&quot;attachment&quot;,&quot;lang&quot;:&quot;it&quot;},&quot;carousel_settings&quot;:{&quot;autoHeight&quot;:0,&quot;autoplay&quot;:0,&quot;carousel_fade&quot;:0,&quot;center&quot;:0,&quot;dots&quot;:0,&quot;items&quot;:&quot;4&quot;,&quot;loop&quot;:false,&quot;nav&quot;:0,&quot;slideby&quot;:&quot;1&quot;,&quot;smooth_play&quot;:0,&quot;speed&quot;:250,&quot;timeout&quot;:3000,&quot;transition&quot;:&quot;&quot;},&quot;carousel_breakpoints&quot;:{&quot;0&quot;:{&quot;autoHeight&quot;:0,&quot;autoplay&quot;:1,&quot;autoplayHoverPause&quot;:1,&quot;items&quot;:1,&quot;loop&quot;:true,&quot;stagePadding&quot;:0},&quot;600&quot;:{&quot;autoHeight&quot;:0,&quot;autoplay&quot;:1,&quot;autoplayHoverPause&quot;:1,&quot;items&quot;:2,&quot;loop&quot;:false,&quot;stagePadding&quot;:0},&quot;900&quot;:{&quot;autoHeight&quot;:0,&quot;autoplay&quot;:1,&quot;autoplayHoverPause&quot;:1,&quot;items&quot;:4,&quot;loop&quot;:false,&quot;stagePadding&quot;:0},&quot;1200&quot;:{&quot;items&quot;:4,&quot;stagePadding&quot;:0}}}'><\/div>\r\n\t<\/div><\/div><\/div><\/div><\/div><\/section>\n","protected":false},"excerpt":{"rendered":"","protected":false},"author":1,"featured_media":0,"parent":0,"menu_order":0,"comment_status":"closed","ping_status":"closed","template":"","meta":{"inline_featured_image":false,"footnotes":""},"class_list":["post-2098","page","type-page","status-publish","hentry"],"acf":[],"yoast_head":"<!-- This site is optimized with the Yoast SEO plugin v23.5 - https:\/\/yoast.com\/wordpress\/plugins\/seo\/ -->\n<title>Chi siamo | MINIPAK<\/title>\n<meta name=\"description\" content=\"Siamo un\u2019azienda a conduzione familiare che opera nel settore della produzione e confezionamento di bustine termosaldate con sede in Slovacchia. Dal 1992 forniamo con successo un servizio di produzione e confezionamento di bustine a prezzi accessibili e su misura del cliente.\" \/>\n<meta name=\"robots\" content=\"index, follow, max-snippet:-1, max-image-preview:large, max-video-preview:-1\" \/>\n<link rel=\"canonical\" href=\"https:\/\/www.minipak.net\/it\/chi-siamo\/\" \/>\n<meta property=\"og:locale\" content=\"it_IT\" \/>\n<meta property=\"og:type\" content=\"article\" \/>\n<meta property=\"og:title\" content=\"Chi siamo | MINIPAK\" \/>\n<meta property=\"og:description\" content=\"Siamo un\u2019azienda a conduzione familiare che opera nel settore della produzione e confezionamento di bustine termosaldate con sede in Slovacchia. Dal 1992 forniamo con successo un servizio di produzione e confezionamento di bustine a prezzi accessibili e su misura del cliente.\" \/>\n<meta property=\"og:url\" content=\"https:\/\/www.minipak.net\/it\/chi-siamo\/\" \/>\n<meta property=\"og:site_name\" content=\"minipak\" \/>\n<meta property=\"article:modified_time\" content=\"2024-08-16T12:55:53+00:00\" \/>\n<meta name=\"twitter:card\" content=\"summary_large_image\" \/>\n<meta name=\"twitter:label1\" content=\"Tempo di lettura stimato\" \/>\n\t<meta name=\"twitter:data1\" content=\"4 minuti\" \/>\n<script type=\"application\/ld+json\" class=\"yoast-schema-graph\">{\"@context\":\"https:\/\/schema.org\",\"@graph\":[{\"@type\":\"WebPage\",\"@id\":\"https:\/\/www.minipak.net\/it\/chi-siamo\/\",\"url\":\"https:\/\/www.minipak.net\/it\/chi-siamo\/\",\"name\":\"Chi siamo | MINIPAK\",\"isPartOf\":{\"@id\":\"https:\/\/www.minipak.net\/it\/#website\"},\"datePublished\":\"2022-12-11T16:40:49+00:00\",\"dateModified\":\"2024-08-16T12:55:53+00:00\",\"description\":\"Siamo un\u2019azienda a conduzione familiare che opera nel settore della produzione e confezionamento di bustine termosaldate con sede in Slovacchia. Dal 1992 forniamo con successo un servizio di produzione e confezionamento di bustine a prezzi accessibili e su misura del cliente.\",\"breadcrumb\":{\"@id\":\"https:\/\/www.minipak.net\/it\/chi-siamo\/#breadcrumb\"},\"inLanguage\":\"it-IT\",\"potentialAction\":[{\"@type\":\"ReadAction\",\"target\":[\"https:\/\/www.minipak.net\/it\/chi-siamo\/\"]}]},{\"@type\":\"BreadcrumbList\",\"@id\":\"https:\/\/www.minipak.net\/it\/chi-siamo\/#breadcrumb\",\"itemListElement\":[{\"@type\":\"ListItem\",\"position\":1,\"name\":\"Domovsk\u00e1 str\u00e1nka\",\"item\":\"https:\/\/www.minipak.net\/it\/\"},{\"@type\":\"ListItem\",\"position\":2,\"name\":\"Chi siamo\"}]},{\"@type\":\"WebSite\",\"@id\":\"https:\/\/www.minipak.net\/it\/#website\",\"url\":\"https:\/\/www.minipak.net\/it\/\",\"name\":\"MINIPAK - Sachet sample packaging\",\"description\":\"\",\"publisher\":{\"@id\":\"https:\/\/www.minipak.net\/it\/#organization\"},\"potentialAction\":[{\"@type\":\"SearchAction\",\"target\":{\"@type\":\"EntryPoint\",\"urlTemplate\":\"https:\/\/www.minipak.net\/it\/?s={search_term_string}\"},\"query-input\":{\"@type\":\"PropertyValueSpecification\",\"valueRequired\":true,\"valueName\":\"search_term_string\"}}],\"inLanguage\":\"it-IT\"},{\"@type\":\"Organization\",\"@id\":\"https:\/\/www.minipak.net\/it\/#organization\",\"name\":\"MINIPAK\",\"url\":\"https:\/\/www.minipak.net\/it\/\",\"logo\":{\"@type\":\"ImageObject\",\"inLanguage\":\"it-IT\",\"@id\":\"https:\/\/www.minipak.net\/it\/#\/schema\/logo\/image\/\",\"url\":\"https:\/\/www.minipak.net\/wp-content\/uploads\/2022\/12\/logo_minipak.svg\",\"contentUrl\":\"https:\/\/www.minipak.net\/wp-content\/uploads\/2022\/12\/logo_minipak.svg\",\"width\":119,\"height\":32,\"caption\":\"MINIPAK\"},\"image\":{\"@id\":\"https:\/\/www.minipak.net\/it\/#\/schema\/logo\/image\/\"}}]}<\/script>\n<!-- \/ Yoast SEO plugin. -->","yoast_head_json":{"title":"Chi siamo | MINIPAK","description":"Siamo un\u2019azienda a conduzione familiare che opera nel settore della produzione e confezionamento di bustine termosaldate con sede in Slovacchia. Dal 1992 forniamo con successo un servizio di produzione e confezionamento di bustine a prezzi accessibili e su misura del cliente.","robots":{"index":"index","follow":"follow","max-snippet":"max-snippet:-1","max-image-preview":"max-image-preview:large","max-video-preview":"max-video-preview:-1"},"canonical":"https:\/\/www.minipak.net\/it\/chi-siamo\/","og_locale":"it_IT","og_type":"article","og_title":"Chi siamo | MINIPAK","og_description":"Siamo un\u2019azienda a conduzione familiare che opera nel settore della produzione e confezionamento di bustine termosaldate con sede in Slovacchia. Dal 1992 forniamo con successo un servizio di produzione e confezionamento di bustine a prezzi accessibili e su misura del cliente.","og_url":"https:\/\/www.minipak.net\/it\/chi-siamo\/","og_site_name":"minipak","article_modified_time":"2024-08-16T12:55:53+00:00","twitter_card":"summary_large_image","twitter_misc":{"Tempo di lettura stimato":"4 minuti"},"schema":{"@context":"https:\/\/schema.org","@graph":[{"@type":"WebPage","@id":"https:\/\/www.minipak.net\/it\/chi-siamo\/","url":"https:\/\/www.minipak.net\/it\/chi-siamo\/","name":"Chi siamo | MINIPAK","isPartOf":{"@id":"https:\/\/www.minipak.net\/it\/#website"},"datePublished":"2022-12-11T16:40:49+00:00","dateModified":"2024-08-16T12:55:53+00:00","description":"Siamo un\u2019azienda a conduzione familiare che opera nel settore della produzione e confezionamento di bustine termosaldate con sede in Slovacchia. Dal 1992 forniamo con successo un servizio di produzione e confezionamento di bustine a prezzi accessibili e su misura del cliente.","breadcrumb":{"@id":"https:\/\/www.minipak.net\/it\/chi-siamo\/#breadcrumb"},"inLanguage":"it-IT","potentialAction":[{"@type":"ReadAction","target":["https:\/\/www.minipak.net\/it\/chi-siamo\/"]}]},{"@type":"BreadcrumbList","@id":"https:\/\/www.minipak.net\/it\/chi-siamo\/#breadcrumb","itemListElement":[{"@type":"ListItem","position":1,"name":"Domovsk\u00e1 str\u00e1nka","item":"https:\/\/www.minipak.net\/it\/"},{"@type":"ListItem","position":2,"name":"Chi siamo"}]},{"@type":"WebSite","@id":"https:\/\/www.minipak.net\/it\/#website","url":"https:\/\/www.minipak.net\/it\/","name":"MINIPAK - Sachet sample packaging","description":"","publisher":{"@id":"https:\/\/www.minipak.net\/it\/#organization"},"potentialAction":[{"@type":"SearchAction","target":{"@type":"EntryPoint","urlTemplate":"https:\/\/www.minipak.net\/it\/?s={search_term_string}"},"query-input":{"@type":"PropertyValueSpecification","valueRequired":true,"valueName":"search_term_string"}}],"inLanguage":"it-IT"},{"@type":"Organization","@id":"https:\/\/www.minipak.net\/it\/#organization","name":"MINIPAK","url":"https:\/\/www.minipak.net\/it\/","logo":{"@type":"ImageObject","inLanguage":"it-IT","@id":"https:\/\/www.minipak.net\/it\/#\/schema\/logo\/image\/","url":"https:\/\/www.minipak.net\/wp-content\/uploads\/2022\/12\/logo_minipak.svg","contentUrl":"https:\/\/www.minipak.net\/wp-content\/uploads\/2022\/12\/logo_minipak.svg","width":119,"height":32,"caption":"MINIPAK"},"image":{"@id":"https:\/\/www.minipak.net\/it\/#\/schema\/logo\/image\/"}}]}},"_links":{"self":[{"href":"https:\/\/www.minipak.net\/it\/wp-json\/wp\/v2\/pages\/2098","targetHints":{"allow":["GET"]}}],"collection":[{"href":"https:\/\/www.minipak.net\/it\/wp-json\/wp\/v2\/pages"}],"about":[{"href":"https:\/\/www.minipak.net\/it\/wp-json\/wp\/v2\/types\/page"}],"author":[{"embeddable":true,"href":"https:\/\/www.minipak.net\/it\/wp-json\/wp\/v2\/users\/1"}],"replies":[{"embeddable":true,"href":"https:\/\/www.minipak.net\/it\/wp-json\/wp\/v2\/comments?post=2098"}],"version-history":[{"count":1,"href":"https:\/\/www.minipak.net\/it\/wp-json\/wp\/v2\/pages\/2098\/revisions"}],"predecessor-version":[{"id":2250,"href":"https:\/\/www.minipak.net\/it\/wp-json\/wp\/v2\/pages\/2098\/revisions\/2250"}],"wp:attachment":[{"href":"https:\/\/www.minipak.net\/it\/wp-json\/wp\/v2\/media?parent=2098"}],"curies":[{"name":"wp","href":"https:\/\/api.w.org\/{rel}","templated":true}]}}