{"id":2086,"date":"2022-12-11T16:45:27","date_gmt":"2022-12-11T16:45:27","guid":{"rendered":"https:\/\/www.minipak.net\/faq\/"},"modified":"2024-03-11T18:16:21","modified_gmt":"2024-03-11T18:16:21","slug":"faq","status":"publish","type":"page","link":"https:\/\/www.minipak.net\/it\/faq\/","title":{"rendered":"FAQ"},"content":{"rendered":"<section class=\"l-section wpb_row us_custom_ea9b71e6 height_medium\"><div class=\"l-section-h i-cf\"><div class=\"g-cols vc_row via_grid cols_1-3 laptops-cols_inherit tablets-cols_inherit mobiles-cols_1 valign_top type_default stacking_default\"><div class=\"wpb_column vc_column_container\"><div class=\"vc_column-inner\"><\/div><\/div><div class=\"wpb_column vc_column_container\"><div class=\"vc_column-inner\"><div class=\"wpb_text_column us_custom_2aa4ebcf faq_title has_text_color\" id=\"general_title\"><div class=\"wpb_wrapper\"><h1>Domande frequenti generali<\/h1>\n<\/div><\/div><div class=\"wpb_text_column us_custom_2aa4ebcf faq_title has_text_color\" id=\"eco_title\"><div class=\"wpb_wrapper\"><h1>Domande frequenti sulle bustine ecologiche<\/h1>\n<\/div><\/div><\/div><\/div><\/div><\/div><\/section><section class=\"l-section wpb_row us_custom_e4e75ebc faq height_medium\"><div class=\"l-section-h i-cf\"><div class=\"g-cols vc_row via_grid cols_1-3 laptops-cols_inherit tablets-cols_inherit mobiles-cols_1 valign_top type_default stacking_default\"><div class=\"wpb_column vc_column_container\"><div class=\"vc_column-inner\"><div class=\"w-vwrapper us_custom_3ecf6ddf align_none valign_top\" id=\"menu_faq\" style=\"--vwrapper-gap:16px\"><div class=\"w-text us_custom_cd7adb01 faq_menu menu_general active has_text_color\"><a href=\"#general\" class=\"w-text-h\"><span class=\"w-text-value\">Domande frequenti generali<\/span><\/a><\/div><div class=\"w-text us_custom_cd7adb01 faq_menu menu_eco has_text_color\"><a href=\"#eco-sachet\" class=\"w-text-h\"><span class=\"w-text-value\">Domande frequenti sulle bustine ecologiche <\/span><\/a><\/div><\/div><\/div><\/div><div class=\"wpb_column vc_column_container\"><div class=\"vc_column-inner\"><div class=\"w-tabs faq_item style_default switch_click accordion\" style=\"--sections-title-size:inherit\"><div class=\"w-tabs-sections titles-align_none icon_chevron cpos_right\"><div class=\"w-tabs-section active\" id=\"y0d1\"><button class=\"w-tabs-section-header active\" aria-controls=\"content-y0d1\" aria-expanded=\"true\"><div class=\"w-tabs-section-title\">Quali metodi di stampa utilizzate?<\/div><div class=\"w-tabs-section-control\"><\/div><\/button><div  class=\"w-tabs-section-content\" id=\"content-y0d1\"><div class=\"w-tabs-section-content-h i-cf\"><div class=\"wpb_text_column us_custom_687a0b20 has_text_color\"><div class=\"wpb_wrapper\"><p>Fino a 100.000 bustine o per bustine con pi\u00f9 design utilizziamo in genere una stampante digitale CMYK di prima classe (HP Indigo).<\/p>\n<p>Per volumi superiori, o in base alle specifiche del tuo progetto, possiamo selezionare la stampa UV offset o flessografica (PANTONE o CMYK).<\/p>\n<\/div><\/div><\/div><\/div><\/div><div class=\"w-tabs-section\" id=\"x2c1\"><button class=\"w-tabs-section-header\" aria-controls=\"content-x2c1\" aria-expanded=\"false\"><div class=\"w-tabs-section-title\">Quali prodotti sfusi potete confezionare?<\/div><div class=\"w-tabs-section-control\"><\/div><\/button><div  class=\"w-tabs-section-content\" id=\"content-x2c1\"><div class=\"w-tabs-section-content-h i-cf\"><div class=\"wpb_text_column us_custom_687a0b20 has_text_color\"><div class=\"wpb_wrapper\"><p>In genere confezioniamo prodotti cosmetici liquidi come creme, gel, oli, sieri, shampoo, unguenti e prodotti simili.<\/p>\n<p>Confezioniamo anche gel e polveri alimentari.<\/p>\n<p>Inoltre, possiamo occuparci del confezionamento in bustina di prodotti solidi, come capsule, pillole, sacchetti di nicotina e altro.<\/p>\n<p>Se hai bisogno di qualcos\u2019altro, contattaci fornendoci maggiori dettagli sul tuo progetto. Siamo sempre pronti a nuove sfide e a trovare una soluzione personalizzata per le tue esigenze.<\/p>\n<\/div><\/div><\/div><\/div><\/div><div class=\"w-tabs-section\" id=\"a46e\"><button class=\"w-tabs-section-header\" aria-controls=\"content-a46e\" aria-expanded=\"false\"><div class=\"w-tabs-section-title\">Dove si trova la vostra sede?<\/div><div class=\"w-tabs-section-control\"><\/div><\/button><div  class=\"w-tabs-section-content\" id=\"content-a46e\"><div class=\"w-tabs-section-content-h i-cf\"><div class=\"wpb_text_column us_custom_687a0b20 has_text_color\"><div class=\"wpb_wrapper\"><p>Il nostro centro di produzione e il nostro ufficio si trovano a Bratislava, capitale della Slovacchia.<\/p>\n<\/div><\/div><\/div><\/div><\/div><div class=\"w-tabs-section\" id=\"w620\"><button class=\"w-tabs-section-header\" aria-controls=\"content-w620\" aria-expanded=\"false\"><div class=\"w-tabs-section-title\">Siete in grado di servire clienti internazionali?<\/div><div class=\"w-tabs-section-control\"><\/div><\/button><div  class=\"w-tabs-section-content\" id=\"content-w620\"><div class=\"w-tabs-section-content-h i-cf\"><div class=\"wpb_text_column us_custom_687a0b20 has_text_color\"><div class=\"wpb_wrapper\"><p>S\u00ec, certo! Pur avendo sede in Slovacchia, la maggior parte dei nostri clienti sono produttori o marchi internazionali di cosmetici provenienti da diversi paesi europei, principalmente Austria, Belgio, Repubblica Ceca, Danimarca, Finlandia, Francia, Germania, Ungheria, Italia, Lituana, Paesi Bassi, Portogallo, Slovenia e Svizzera.<\/p>\n<p>Alcuni dei nostri clienti si trovano al di fuori dell\u2019Unione Europea, come Regno Unito, Stati Uniti e Canada.<\/p>\n<\/div><\/div><\/div><\/div><\/div><div class=\"w-tabs-section\" id=\"w7d0\"><button class=\"w-tabs-section-header\" aria-controls=\"content-w7d0\" aria-expanded=\"false\"><div class=\"w-tabs-section-title\">Qual \u00e8 la dimensione delle vostre bustine?<\/div><div class=\"w-tabs-section-control\"><\/div><\/button><div  class=\"w-tabs-section-content\" id=\"content-w7d0\"><div class=\"w-tabs-section-content-h i-cf\"><div class=\"wpb_text_column us_custom_687a0b20 has_text_color\"><div class=\"wpb_wrapper\"><p>Per quanto riguarda le bustine piatte sigillate sui 4 lati, le dimensioni vanno da 50x50mm fino a 100x120mm e qualsiasi misura intermedia.<\/p>\n<p>Le dimensioni delle nostre bustine stick pack vanno da 30x50mm a 70x120mm.<\/p>\n<\/div><\/div><\/div><\/div><\/div><div class=\"w-tabs-section\" id=\"n973\"><button class=\"w-tabs-section-header\" aria-controls=\"content-n973\" aria-expanded=\"false\"><div class=\"w-tabs-section-title\">Qual \u00e8 il vostro volume di riempimento per bustina? <\/div><div class=\"w-tabs-section-control\"><\/div><\/button><div  class=\"w-tabs-section-content\" id=\"content-n973\"><div class=\"w-tabs-section-content-h i-cf\"><div class=\"wpb_text_column us_custom_687a0b20 has_text_color\"><div class=\"wpb_wrapper\"><p>Il nostro volume di riempimento standard va da 0,5 \u2013 15ml o 1 \u2013 10g.<\/p>\n<\/div><\/div><\/div><\/div><\/div><\/div><\/div><div class=\"w-tabs faq_item style_default switch_click accordion\" style=\"--sections-title-size:inherit\"><div class=\"w-tabs-sections titles-align_none icon_chevron cpos_right\"><div class=\"w-tabs-section active\" id=\"u0e8\"><button class=\"w-tabs-section-header active\" aria-controls=\"content-u0e8\" aria-expanded=\"true\"><div class=\"w-tabs-section-title\">Potete fornire una certificazione pertinente in merito alle vostre confezioni di bustine ecologiche? <\/div><div class=\"w-tabs-section-control\"><\/div><\/button><div  class=\"w-tabs-section-content\" id=\"content-u0e8\"><div class=\"w-tabs-section-content-h i-cf\"><div class=\"wpb_text_column us_custom_687a0b20 has_text_color\"><div class=\"wpb_wrapper\"><p>S\u00ec, certo! Contattaci e saremo lieti di inviarti tutti i documenti pertinenti.<\/p>\n<\/div><\/div><\/div><\/div><\/div><div class=\"w-tabs-section\" id=\"f28a\"><button class=\"w-tabs-section-header\" aria-controls=\"content-f28a\" aria-expanded=\"false\"><div class=\"w-tabs-section-title\">La vostra bustina ecosostenibile \u00e8 riciclabile?<\/div><div class=\"w-tabs-section-control\"><\/div><\/button><div  class=\"w-tabs-section-content\" id=\"content-f28a\"><div class=\"w-tabs-section-content-h i-cf\"><div class=\"wpb_text_column us_custom_687a0b20 has_text_color\"><div class=\"wpb_wrapper\"><p>La nostra bustina Sampless\u2122 aderisce alla strategia di riciclaggio. Dunque, le nostre bustine ecologiche sono progettate per la raccolta, la selezione e il riciclaggio con processi di fine vita tecnicamente disponibili anche qualora le relative infrastrutture non siano ancora state realizzate.<\/p>\n<\/div><\/div><\/div><\/div><\/div><div class=\"w-tabs-section\" id=\"v422\"><button class=\"w-tabs-section-header\" aria-controls=\"content-v422\" aria-expanded=\"false\"><div class=\"w-tabs-section-title\">La vostra bustina ecosostenibile \u00e8 biodegradabile\/compostabile?<\/div><div class=\"w-tabs-section-control\"><\/div><\/button><div  class=\"w-tabs-section-content\" id=\"content-v422\"><div class=\"w-tabs-section-content-h i-cf\"><div class=\"wpb_text_column us_custom_687a0b20 has_text_color\"><div class=\"wpb_wrapper\"><p>No, non lo \u00e8. Tuttavia, il polipropilene, il materiale utilizzato nella produzione delle bustine Sampless\u2122, \u00e8 riciclabile; in questo modo si pu\u00f2 contribuire ad un\u2019economia circolare.<\/p>\n<\/div><\/div><\/div><\/div><\/div><div class=\"w-tabs-section\" id=\"g5b7\"><button class=\"w-tabs-section-header\" aria-controls=\"content-g5b7\" aria-expanded=\"false\"><div class=\"w-tabs-section-title\">Come sono state realizzate le vostre bustine ecosostenibili?<\/div><div class=\"w-tabs-section-control\"><\/div><\/button><div  class=\"w-tabs-section-content\" id=\"content-g5b7\"><div class=\"w-tabs-section-content-h i-cf\"><div class=\"wpb_text_column us_custom_687a0b20 has_text_color\"><div class=\"wpb_wrapper\"><p>Sono realizzate in uno strato di polipropilene. Il codice di identificazione della resina per PP \u00e8 5.<\/p>\n<\/div><\/div><\/div><\/div><\/div><div class=\"w-tabs-section\" id=\"h748\"><button class=\"w-tabs-section-header\" aria-controls=\"content-h748\" aria-expanded=\"false\"><div class=\"w-tabs-section-title\">Qual \u00e8 la durata di conservazione dei prodotti confezionati nelle vostre bustine ecosostenibili? <\/div><div class=\"w-tabs-section-control\"><\/div><\/button><div  class=\"w-tabs-section-content\" id=\"content-h748\"><div class=\"w-tabs-section-content-h i-cf\"><div class=\"wpb_text_column us_custom_687a0b20 has_text_color\"><div class=\"wpb_wrapper\"><p>In genere, la durata di conservazione dei prodotti prevista \u00e8 di 6 \u2013 12 mesi. Tuttavia, per determinare l\u2019esatta durata del prodotto confezionato \u00e8 necessario eseguire test di compatibilit\u00e0 e stabilit\u00e0.<\/p>\n<\/div><\/div><\/div><\/div><\/div><\/div><\/div><\/div><\/div><\/div><\/div><\/section>\n","protected":false},"excerpt":{"rendered":"Domande frequenti generali Domande frequenti sulle bustine ecologiche Domande frequenti generaliDomande frequenti sulle bustine ecologiche Quali metodi di stampa utilizzate?Fino a 100.000 bustine o per bustine con pi\u00f9 design utilizziamo in genere una stampante digitale CMYK di prima classe (HP Indigo). Per volumi superiori, o in base alle specifiche del tuo progetto, possiamo selezionare la...","protected":false},"author":1,"featured_media":0,"parent":0,"menu_order":0,"comment_status":"closed","ping_status":"closed","template":"","meta":{"inline_featured_image":false,"footnotes":""},"class_list":["post-2086","page","type-page","status-publish","hentry"],"acf":[],"yoast_head":"<!-- This site is optimized with the Yoast SEO plugin v23.5 - https:\/\/yoast.com\/wordpress\/plugins\/seo\/ -->\n<title>FAQ - minipak<\/title>\n<meta name=\"robots\" content=\"index, follow, max-snippet:-1, max-image-preview:large, max-video-preview:-1\" \/>\n<link rel=\"canonical\" href=\"https:\/\/www.minipak.net\/it\/faq\/\" \/>\n<meta property=\"og:locale\" content=\"it_IT\" \/>\n<meta property=\"og:type\" content=\"article\" \/>\n<meta property=\"og:title\" content=\"FAQ - minipak\" \/>\n<meta property=\"og:url\" content=\"https:\/\/www.minipak.net\/it\/faq\/\" \/>\n<meta property=\"og:site_name\" content=\"minipak\" \/>\n<meta property=\"article:modified_time\" content=\"2024-03-11T18:16:21+00:00\" \/>\n<meta name=\"twitter:card\" content=\"summary_large_image\" \/>\n<meta name=\"twitter:label1\" content=\"Tempo di lettura stimato\" \/>\n\t<meta name=\"twitter:data1\" content=\"9 minuti\" \/>\n<script type=\"application\/ld+json\" class=\"yoast-schema-graph\">{\"@context\":\"https:\/\/schema.org\",\"@graph\":[{\"@type\":\"WebPage\",\"@id\":\"https:\/\/www.minipak.net\/it\/faq\/\",\"url\":\"https:\/\/www.minipak.net\/it\/faq\/\",\"name\":\"FAQ - minipak\",\"isPartOf\":{\"@id\":\"https:\/\/www.minipak.net\/it\/#website\"},\"datePublished\":\"2022-12-11T16:45:27+00:00\",\"dateModified\":\"2024-03-11T18:16:21+00:00\",\"breadcrumb\":{\"@id\":\"https:\/\/www.minipak.net\/it\/faq\/#breadcrumb\"},\"inLanguage\":\"it-IT\",\"potentialAction\":[{\"@type\":\"ReadAction\",\"target\":[\"https:\/\/www.minipak.net\/it\/faq\/\"]}]},{\"@type\":\"BreadcrumbList\",\"@id\":\"https:\/\/www.minipak.net\/it\/faq\/#breadcrumb\",\"itemListElement\":[{\"@type\":\"ListItem\",\"position\":1,\"name\":\"Domovsk\u00e1 str\u00e1nka\",\"item\":\"https:\/\/www.minipak.net\/it\/\"},{\"@type\":\"ListItem\",\"position\":2,\"name\":\"FAQ\"}]},{\"@type\":\"WebSite\",\"@id\":\"https:\/\/www.minipak.net\/it\/#website\",\"url\":\"https:\/\/www.minipak.net\/it\/\",\"name\":\"MINIPAK - Sachet sample packaging\",\"description\":\"\",\"publisher\":{\"@id\":\"https:\/\/www.minipak.net\/it\/#organization\"},\"potentialAction\":[{\"@type\":\"SearchAction\",\"target\":{\"@type\":\"EntryPoint\",\"urlTemplate\":\"https:\/\/www.minipak.net\/it\/?s={search_term_string}\"},\"query-input\":{\"@type\":\"PropertyValueSpecification\",\"valueRequired\":true,\"valueName\":\"search_term_string\"}}],\"inLanguage\":\"it-IT\"},{\"@type\":\"Organization\",\"@id\":\"https:\/\/www.minipak.net\/it\/#organization\",\"name\":\"MINIPAK\",\"url\":\"https:\/\/www.minipak.net\/it\/\",\"logo\":{\"@type\":\"ImageObject\",\"inLanguage\":\"it-IT\",\"@id\":\"https:\/\/www.minipak.net\/it\/#\/schema\/logo\/image\/\",\"url\":\"https:\/\/www.minipak.net\/wp-content\/uploads\/2022\/12\/logo_minipak.svg\",\"contentUrl\":\"https:\/\/www.minipak.net\/wp-content\/uploads\/2022\/12\/logo_minipak.svg\",\"width\":119,\"height\":32,\"caption\":\"MINIPAK\"},\"image\":{\"@id\":\"https:\/\/www.minipak.net\/it\/#\/schema\/logo\/image\/\"}}]}<\/script>\n<!-- \/ Yoast SEO plugin. -->","yoast_head_json":{"title":"FAQ - minipak","robots":{"index":"index","follow":"follow","max-snippet":"max-snippet:-1","max-image-preview":"max-image-preview:large","max-video-preview":"max-video-preview:-1"},"canonical":"https:\/\/www.minipak.net\/it\/faq\/","og_locale":"it_IT","og_type":"article","og_title":"FAQ - minipak","og_url":"https:\/\/www.minipak.net\/it\/faq\/","og_site_name":"minipak","article_modified_time":"2024-03-11T18:16:21+00:00","twitter_card":"summary_large_image","twitter_misc":{"Tempo di lettura stimato":"9 minuti"},"schema":{"@context":"https:\/\/schema.org","@graph":[{"@type":"WebPage","@id":"https:\/\/www.minipak.net\/it\/faq\/","url":"https:\/\/www.minipak.net\/it\/faq\/","name":"FAQ - minipak","isPartOf":{"@id":"https:\/\/www.minipak.net\/it\/#website"},"datePublished":"2022-12-11T16:45:27+00:00","dateModified":"2024-03-11T18:16:21+00:00","breadcrumb":{"@id":"https:\/\/www.minipak.net\/it\/faq\/#breadcrumb"},"inLanguage":"it-IT","potentialAction":[{"@type":"ReadAction","target":["https:\/\/www.minipak.net\/it\/faq\/"]}]},{"@type":"BreadcrumbList","@id":"https:\/\/www.minipak.net\/it\/faq\/#breadcrumb","itemListElement":[{"@type":"ListItem","position":1,"name":"Domovsk\u00e1 str\u00e1nka","item":"https:\/\/www.minipak.net\/it\/"},{"@type":"ListItem","position":2,"name":"FAQ"}]},{"@type":"WebSite","@id":"https:\/\/www.minipak.net\/it\/#website","url":"https:\/\/www.minipak.net\/it\/","name":"MINIPAK - Sachet sample packaging","description":"","publisher":{"@id":"https:\/\/www.minipak.net\/it\/#organization"},"potentialAction":[{"@type":"SearchAction","target":{"@type":"EntryPoint","urlTemplate":"https:\/\/www.minipak.net\/it\/?s={search_term_string}"},"query-input":{"@type":"PropertyValueSpecification","valueRequired":true,"valueName":"search_term_string"}}],"inLanguage":"it-IT"},{"@type":"Organization","@id":"https:\/\/www.minipak.net\/it\/#organization","name":"MINIPAK","url":"https:\/\/www.minipak.net\/it\/","logo":{"@type":"ImageObject","inLanguage":"it-IT","@id":"https:\/\/www.minipak.net\/it\/#\/schema\/logo\/image\/","url":"https:\/\/www.minipak.net\/wp-content\/uploads\/2022\/12\/logo_minipak.svg","contentUrl":"https:\/\/www.minipak.net\/wp-content\/uploads\/2022\/12\/logo_minipak.svg","width":119,"height":32,"caption":"MINIPAK"},"image":{"@id":"https:\/\/www.minipak.net\/it\/#\/schema\/logo\/image\/"}}]}},"_links":{"self":[{"href":"https:\/\/www.minipak.net\/it\/wp-json\/wp\/v2\/pages\/2086","targetHints":{"allow":["GET"]}}],"collection":[{"href":"https:\/\/www.minipak.net\/it\/wp-json\/wp\/v2\/pages"}],"about":[{"href":"https:\/\/www.minipak.net\/it\/wp-json\/wp\/v2\/types\/page"}],"author":[{"embeddable":true,"href":"https:\/\/www.minipak.net\/it\/wp-json\/wp\/v2\/users\/1"}],"replies":[{"embeddable":true,"href":"https:\/\/www.minipak.net\/it\/wp-json\/wp\/v2\/comments?post=2086"}],"version-history":[{"count":2,"href":"https:\/\/www.minipak.net\/it\/wp-json\/wp\/v2\/pages\/2086\/revisions"}],"predecessor-version":[{"id":2246,"href":"https:\/\/www.minipak.net\/it\/wp-json\/wp\/v2\/pages\/2086\/revisions\/2246"}],"wp:attachment":[{"href":"https:\/\/www.minipak.net\/it\/wp-json\/wp\/v2\/media?parent=2086"}],"curies":[{"name":"wp","href":"https:\/\/api.w.org\/{rel}","templated":true}]}}