{"id":2032,"date":"2023-06-24T15:32:57","date_gmt":"2023-06-24T15:32:57","guid":{"rendered":"https:\/\/www.minipak.net\/recyclable-sachet\/"},"modified":"2025-11-26T13:26:20","modified_gmt":"2025-11-26T13:26:20","slug":"confezionamento-bustine-riciclabili","status":"publish","type":"page","link":"https:\/\/www.minipak.net\/it\/confezionamento-bustine-riciclabili\/","title":{"rendered":"Bustine riciclabili Sampless\u2122"},"content":{"rendered":"<section class=\"l-section wpb_row us_custom_e5142fcc height_medium\"><div class=\"l-section-h i-cf\"><div class=\"g-cols vc_row via_grid cols_2 laptops-cols_inherit tablets-cols_inherit mobiles-cols_1 valign_top type_default stacking_default\"><div class=\"wpb_column vc_column_container\"><div class=\"vc_column-inner\"><div class=\"w-slider pak_gallery style_none fit_cover\"><div class=\"w-slider-h\"><div class=\"royalSlider\"><div class=\"rsContent\"><a class=\"rsImg\" data-rsw=\"1000\" data-rsh=\"667\" href=\"https:\/\/www.minipak.net\/wp-content\/uploads\/2023\/10\/1-eco-sachets.png\"><span data-alt=\"Bustine riciclabili di minipak.\"><\/span><\/a><\/div><\/div><img decoding=\"async\" src=\"https:\/\/www.minipak.net\/wp-content\/uploads\/2023\/10\/1-eco-sachets.png\" width=\"1000\" height=\"667\" alt=\"Bustine riciclabili di minipak.\" loading=\"lazy\"><\/div><div class=\"w-slider-json\" onclick='return {&quot;loop&quot;:true,&quot;fadeInLoadedSlide&quot;:false,&quot;slidesSpacing&quot;:0,&quot;imageScalePadding&quot;:0,&quot;numImagesToPreload&quot;:2,&quot;arrowsNav&quot;:false,&quot;arrowsNavAutoHide&quot;:false,&quot;transitionType&quot;:&quot;move&quot;,&quot;transitionSpeed&quot;:250,&quot;block&quot;:{&quot;moveEffect&quot;:&quot;none&quot;,&quot;speed&quot;:300},&quot;controlNavigation&quot;:&quot;none&quot;,&quot;imageScaleMode&quot;:&quot;fill&quot;,&quot;autoScaleSlider&quot;:true,&quot;autoScaleSliderWidth&quot;:1000,&quot;autoScaleSliderHeight&quot;:667,&quot;fitInViewport&quot;:false}'><\/div><\/div><\/div><\/div><div class=\"wpb_column vc_column_container us_custom_6c87170b faq just\"><div class=\"vc_column-inner\"><div class=\"wpb_text_column us_custom_2bddcc3c has_text_color\"><div class=\"wpb_wrapper\"><h1>Bustine riciclabili Sampless\u2122<\/h1>\n<\/div><\/div><div class=\"w-hwrapper us_custom_1b04de86 align_none valign_top\" style=\"--hwrapper-gap:1.20rem\"><div class=\"w-iconbox hide_on_tablets hide_on_mobiles iconpos_top style_default color_primary align_center no_title no_text\"><div class=\"w-iconbox-icon\" style=\"font-size:1.5rem;\"><i class=\"far fa-lightbulb\"><\/i><\/div><div class=\"w-iconbox-meta\"><\/div><\/div><div class=\"wpb_text_column hide_on_tablets hide_on_mobiles\"><div class=\"wpb_wrapper\"><p><strong>MOQ<\/strong>: 5 000 pezzi<\/p>\n<\/div><\/div><div class=\"wpb_text_column us_custom_a833bf3c hide_on_tablets hide_on_mobiles\"><div class=\"wpb_wrapper\"><p><strong>Volume di riempimento:<\/strong> 0,5 &#8211; 15 ml<\/p>\n<\/div><\/div><div class=\"wpb_text_column hide_on_tablets hide_on_mobiles\"><div class=\"wpb_wrapper\"><p><strong>Vernice<\/strong>: lucida o opaca<\/p>\n<\/div><\/div><\/div><div class=\"wpb_text_column us_custom_cc260cac has_text_color hide_on_tablets hide_on_mobiles\"><div class=\"wpb_wrapper\"><p>Sei alla ricerca di una soluzione ecosostenibile per confezionare i tuoi <a href=\"https:\/\/www.minipak.net\/it\/\">campioni di cosmetici<\/a> o prodotti monodose? Le nostre bustine mono-materiale riciclabili realizzate in polipropilene (PP) sono la scelta pi\u00f9 adatta a tal scopo.<\/p>\n<p>Produciamo, riempiamo e confezioniamo prodotti cosmetici e alimentari liquidi, creme, polveri e solidi (capsule, bustine di nicotina e simili).<\/p>\n<p>Il nostro quantitativo minimo d\u2019ordine \u00e8 di 5000 bustine, il volume di riempimento \u00e8 compreso tra 0,5ml \u2013 15ml o g per bustina e offriamo una stampa precisa su una superficie lucida od opaca.<\/p>\n<\/div><\/div><div class=\"wpb_text_column us_custom_cc260cac has_text_color hide_on_default hide_on_laptops\"><div class=\"wpb_wrapper\"><p>Sei alla ricerca di una soluzione ecosostenibile per confezionare i tuoi <a href=\"https:\/\/www.minipak.net\/it\/\">campioni di cosmetici<\/a> o prodotti monodose? Le nostre bustine mono-materiale riciclabili realizzate in polipropilene (PP) sono la scelta pi\u00f9 adatta a tal scopo.<\/p>\n<p>Produciamo, riempiamo e confezioniamo prodotti cosmetici e alimentari liquidi, creme, polveri e solidi (capsule, bustine di nicotina e simili).<\/p>\n<p>Il nostro quantitativo minimo d\u2019ordine \u00e8 di 5000 bustine, il volume di riempimento \u00e8 compreso tra 0,5ml \u2013 15ml o g per bustina e offriamo una stampa precisa su una superficie lucida od opaca.<\/p>\n<\/div><\/div><div class=\"w-hwrapper us_custom_9de1e360 btn_streching align_none valign_top wrap\" style=\"--hwrapper-gap:13px\"><div class=\"w-btn-wrapper align_none\"><a class=\"w-btn us-btn-style_1 us_custom_d4f3a8e0 open_form us_animate_this icon_atright\" href=\"#form\"><span class=\"w-btn-label\">Contattaci<\/span><i class=\"fas fa-chevron-right\"><\/i><\/a><\/div><\/div><\/div><\/div><\/div><\/div><\/section><section class=\"l-section wpb_row us_custom_e8bf21ea three_section height_medium\"><div class=\"l-section-h i-cf\"><div class=\"g-cols vc_row via_grid cols_3 laptops-cols_inherit tablets-cols_inherit mobiles-cols_1 valign_top type_default stacking_default\" style=\"grid-gap:13px;\"><div class=\"wpb_column vc_column_container\"><div class=\"vc_column-inner\"><div class=\"w-hwrapper align_none valign_top\" style=\"--hwrapper-gap:13px\"><div class=\"w-image us_custom_3ef3ea6e align_none\"><div class=\"w-image-h\"><img decoding=\"async\" src=\"https:\/\/www.minipak.net\/wp-content\/uploads\/2023\/10\/menej-odpadu.svg\" class=\"attachment-full size-full\" alt=\"\" \/><\/div><\/div><div class=\"w-vwrapper align_none valign_top\" style=\"--vwrapper-gap:8px\"><div class=\"wpb_text_column us_custom_767709ed has_text_color\"><div class=\"wpb_wrapper\"><p>Meno rifiuti<\/p>\n<\/div><\/div><div class=\"wpb_text_column us_custom_ec60cf73 has_text_color\"><div class=\"wpb_wrapper\"><p>Le nostre bustine ecosostenibili sono realizzate in un singolo strato di protezione e sono progettate per essere riciclate; in questo modo potrai contribuire all\u2019economia circolare.<\/p>\n<\/div><\/div><\/div><\/div><\/div><\/div><div class=\"wpb_column vc_column_container\"><div class=\"vc_column-inner\"><div class=\"w-hwrapper align_none valign_top\" style=\"--hwrapper-gap:13px\"><div class=\"w-image us_custom_3ef3ea6e align_none\"><div class=\"w-image-h\"><img decoding=\"async\" src=\"https:\/\/www.minipak.net\/wp-content\/uploads\/2023\/10\/uhlikova-stopa.svg\" class=\"attachment-full size-full\" alt=\"\" \/><\/div><\/div><div class=\"w-vwrapper align_none valign_top\" style=\"--vwrapper-gap:8px\"><div class=\"wpb_text_column us_custom_767709ed has_text_color\"><div class=\"wpb_wrapper\"><p>Riduzione dell\u2019impronta di carbonio<\/p>\n<\/div><\/div><div class=\"wpb_text_column us_custom_ec60cf73 has_text_color\"><div class=\"wpb_wrapper\"><p>A differenza delle bustine convenzionali a pi\u00f9 strati utilizzate nel settore cosmetico, il processo di produzione del polipropilene emette meno CO2.<\/p>\n<\/div><\/div><\/div><\/div><\/div><\/div><div class=\"wpb_column vc_column_container\"><div class=\"vc_column-inner\"><div class=\"w-hwrapper align_none valign_top\" style=\"--hwrapper-gap:13px\"><div class=\"w-image us_custom_3ef3ea6e align_none\"><div class=\"w-image-h\"><img decoding=\"async\" src=\"https:\/\/www.minipak.net\/wp-content\/uploads\/2023\/10\/menej-obalu.svg\" class=\"attachment-full size-full\" alt=\"\" \/><\/div><\/div><div class=\"w-vwrapper align_none valign_top\" style=\"--vwrapper-gap:8px\"><div class=\"wpb_text_column us_custom_767709ed has_text_color\"><div class=\"wpb_wrapper\"><p>Meno strati<\/p>\n<\/div><\/div><div class=\"wpb_text_column us_custom_ec60cf73 has_text_color\"><div class=\"wpb_wrapper\"><p>La bustina Sampless\u2122 \u00e8 circa il 20% pi\u00f9 leggera di una bustina standard realizzata con pi\u00f9 strati in alluminio.<\/p>\n<\/div><\/div><\/div><\/div><\/div><\/div><\/div><\/div><\/section><section class=\"l-section wpb_row us_custom_d5884244 height_medium\"><div class=\"l-section-h i-cf\"><div class=\"g-cols vc_row via_grid cols_2 laptops-cols_inherit tablets-cols_inherit mobiles-cols_1 valign_middle type_default stacking_default\"><div class=\"wpb_column vc_column_container us_custom_34da2785\"><div class=\"vc_column-inner\"><div class=\"g-cols wpb_row us_custom_29c2b99a via_grid cols_1 laptops-cols_inherit tablets-cols_inherit mobiles-cols_1 valign_middle type_default stacking_default\"><div class=\"wpb_column vc_column_container\"><div class=\"vc_column-inner\"><div class=\"wpb_text_column us_custom_be37e48e has_text_color\"><div class=\"wpb_wrapper\"><h2 class=\"p1\">Cerchi una soluzione personalizzata?<\/h2>\n<\/div><\/div><div class=\"wpb_text_column us_custom_6cd7f7a0 has_text_color\"><div class=\"wpb_wrapper\"><p class=\"p1\">Possiamo migliorare l&#8217;esperienza dei vostri clienti fissando i sachet su cartoncini stampati o inserendoli in scatole promozionali o di vendita.<\/p>\n<\/div><\/div><div class=\"w-btn-wrapper align_left\"><a class=\"w-btn us-btn-style_7 us_custom_59f8a9dd has_text_color\" title=\"Aluminum-based sachet\" href=\"https:\/\/www.minipak.net\/it\/contatto\/\"><span class=\"w-btn-label\">Contattaci<\/span><\/a><\/div><\/div><\/div><\/div><\/div><\/div><div class=\"wpb_column vc_column_container us_custom_ae7301c9\"><div class=\"vc_column-inner\"><div class=\"w-image us_custom_45e749fe img_100 align_center\"><div class=\"w-image-h\"><img loading=\"lazy\" decoding=\"async\" width=\"1000\" height=\"645\" src=\"https:\/\/www.minipak.net\/wp-content\/uploads\/2024\/10\/Discovery-box-with-sachet-1-png.webp\" class=\"attachment-full size-full\" alt=\"\" \/><\/div><\/div><\/div><\/div><\/div><\/div><\/section><section class=\"l-section wpb_row us_custom_24088483 faq height_medium\"><div class=\"l-section-h i-cf\"><div class=\"g-cols vc_row via_grid cols_1-2 laptops-cols_inherit tablets-cols_inherit mobiles-cols_1 valign_top type_default stacking_default\"><div class=\"wpb_column vc_column_container\"><div class=\"vc_column-inner\"><div class=\"wpb_text_column us_custom_7c272b90 has_text_color\"><div class=\"wpb_wrapper\"><h2>Domande frequenti<\/h2>\n<\/div><\/div><div class=\"wpb_text_column us_custom_2126d6d1 has_text_color\"><div class=\"wpb_wrapper\"><p>Non trovi la risposta che cerchi? Contattaci <a href=\"mailto:info@minipak.net\">info@minipak.net<\/a>.<\/p>\n<\/div><\/div><div class=\"w-btn-wrapper align_none\"><a class=\"w-btn us-btn-style_4 icon_atright\" href=\"\/it\/faq\/\"><span class=\"w-btn-label\">Vedi tutte le domande frequenti<\/span><i class=\"fas fa-arrow-right\"><\/i><\/a><\/div><\/div><\/div><div class=\"wpb_column vc_column_container\"><div class=\"vc_column-inner\"><div class=\"w-tabs style_default switch_click accordion\" style=\"--sections-title-size:inherit\"><div class=\"w-tabs-sections titles-align_none icon_chevron cpos_right\"><div class=\"w-tabs-section\" id=\"wd59\"><button class=\"w-tabs-section-header\" aria-controls=\"content-wd59\" aria-expanded=\"false\"><div class=\"w-tabs-section-title\">Qual \u00e8 il processo di produzione delle bustine?<\/div><div class=\"w-tabs-section-control\"><\/div><\/button><div  class=\"w-tabs-section-content\" id=\"content-wd59\"><div class=\"w-tabs-section-content-h i-cf\"><div class=\"wpb_text_column us_custom_687a0b20 has_text_color\"><div class=\"wpb_wrapper\"><ol>\n<li>Compila il nostro calcolatore di prezzo interattivo oppure contattaci descrivendo il tuo progetto.<\/li>\n<li>Ti presenteremo un\u2019offerta preliminare per il confezionamento di campioni di cosmetici.<\/li>\n<li>Se lo desideri, potremmo chiederti la grafica vettoriale definitiva e 50ml di prodotto in modo da verificarne la viscosit\u00e0. Dopodich\u00e9 presenteremo un\u2019offerta finale non vincolante.<\/li>\n<li>Per procedere, emetteremo una fattura proforma che copre i costi di produzione e di stampa delle bustine. Una volta pagata la fattura, effettueremo l\u2019ordine presso una delle rinomate tipografie con cui collaboriamo.<\/li>\n<li>Prima della stampa, riceverai una prova di stampa in formato PDF per l\u2019approvazione finale. Se lo desideri, possiamo fornire anche una prova fisica.<\/li>\n<li>Attenderemo che i prodotti sfusi vengano consegnati presso la nostra sede; in alternativa, potremmo occuparci noi della spedizione.<\/li>\n<li>Una volta arrivati i prodotti sfusi, produrremo, riempiremo e confezioneremo logisticamente il tuo prodotto nelle nostre bustine.<br \/>\nOffriamo anche dei servizi extra, come il raggruppamento di bustine sfuse o l\u2019apposizione delle bustine su cartoncini stampati.<\/li>\n<li>Dopo la produzione, ci occuperemo della spedizione del tuo ordine o, se lo preferisci, forniremo i dati per la spedizione in modo che possa occupartene tu stesso.<\/li>\n<\/ol>\n<\/div><\/div><\/div><\/div><\/div><div class=\"w-tabs-section\" id=\"if1b\"><button class=\"w-tabs-section-header\" aria-controls=\"content-if1b\" aria-expanded=\"false\"><div class=\"w-tabs-section-title\">Quanto tempo occorre per produrre bustine confezionate?<\/div><div class=\"w-tabs-section-control\"><\/div><\/button><div  class=\"w-tabs-section-content\" id=\"content-if1b\"><div class=\"w-tabs-section-content-h i-cf\"><div class=\"wpb_text_column us_custom_687a0b20 has_text_color\"><div class=\"wpb_wrapper\"><p>In base all\u2019attuale capacit\u00e0 di produzione, i tempi di produzione per gli ordini standard vanno da 5 a 8 settimane dal pagamento del deposito, fino all\u2019approvazione della grafica finale e la consegna di tutti i prodotti.<\/p>\n<p>Per ordini fino a 100.000 bustine, possiamo ridurre i tempi di produzione a 4 \u2013 5 settimane.<\/p>\n<\/div><\/div><\/div><\/div><\/div><div class=\"w-tabs-section\" id=\"v0bd\"><button class=\"w-tabs-section-header\" aria-controls=\"content-v0bd\" aria-expanded=\"false\"><div class=\"w-tabs-section-title\">Offrite anche bustine ecologiche?<\/div><div class=\"w-tabs-section-control\"><\/div><\/button><div  class=\"w-tabs-section-content\" id=\"content-v0bd\"><div class=\"w-tabs-section-content-h i-cf\"><div class=\"wpb_text_column us_custom_687a0b20 has_text_color\"><div class=\"wpb_wrapper\"><p>S\u00ec, abbiamo un design certificato per bustine riciclabili realizzate in polipropilene. Per maggiori informazioni, vedi le nostre bustine SamplessTM.<\/p>\n<\/div><\/div><\/div><\/div><\/div><div class=\"w-tabs-section\" id=\"l264\"><button class=\"w-tabs-section-header\" aria-controls=\"content-l264\" aria-expanded=\"false\"><div class=\"w-tabs-section-title\">Quanto costa il servizio di confezionamento delle bustine?<\/div><div class=\"w-tabs-section-control\"><\/div><\/button><div  class=\"w-tabs-section-content\" id=\"content-l264\"><div class=\"w-tabs-section-content-h i-cf\"><div class=\"wpb_text_column us_custom_687a0b20 has_text_color\"><div class=\"wpb_wrapper\"><p>Per avere un\u2019idea pi\u00f9 precisa della nostra gamma di prezzi, dai un\u2019occhiata al nostro calcolatore dei prezzi interattivo.<\/p>\n<p>Se il calcolatore non \u00e8 adatto alle specifiche del tuo progetto, contattaci e ti presenteremo un\u2019offerta personalizzata entro 1 \u2013 2 giorni lavorativi.<\/p>\n<\/div><\/div><\/div><\/div><\/div><div class=\"w-tabs-section\" id=\"z3fb\"><button class=\"w-tabs-section-header\" aria-controls=\"content-z3fb\" aria-expanded=\"false\"><div class=\"w-tabs-section-title\">Qual \u00e8 il quantitativo minimo d\u2019ordine?<\/div><div class=\"w-tabs-section-control\"><\/div><\/button><div  class=\"w-tabs-section-content\" id=\"content-z3fb\"><div class=\"w-tabs-section-content-h i-cf\"><div class=\"wpb_text_column us_custom_687a0b20 has_text_color\"><div class=\"wpb_wrapper\"><p>Il nostro quantitativo minimo d\u2019ordine standard \u00e8 di 5.000 bustine per prodotto o grafica in serie.<\/p>\n<\/div><\/div><\/div><\/div><\/div><\/div><\/div><\/div><\/div><\/div><\/div><\/section>\n","protected":false},"excerpt":{"rendered":"Bustine riciclabili Sampless\u2122 MOQ: 5 000 pezzi Volume di riempimento: 0,5 &#8211; 15 ml Vernice: lucida o opaca Sei alla ricerca di una soluzione ecosostenibile per confezionare i tuoi campioni di cosmetici o prodotti monodose? Le nostre bustine mono-materiale riciclabili realizzate in polipropilene (PP) sono la scelta pi\u00f9 adatta a tal scopo. Produciamo, riempiamo e...","protected":false},"author":1,"featured_media":0,"parent":0,"menu_order":0,"comment_status":"closed","ping_status":"closed","template":"","meta":{"inline_featured_image":false,"footnotes":""},"class_list":["post-2032","page","type-page","status-publish","hentry"],"acf":[],"yoast_head":"<!-- This site is optimized with the Yoast SEO plugin v23.5 - https:\/\/yoast.com\/wordpress\/plugins\/seo\/ -->\n<title>Confezionamento di bustine riciclabili | MINIPAK<\/title>\n<meta name=\"description\" content=\"Come soluzione sostenibile per i tuoi campioni di cosmetici possiamo confezionare i tuoi prodotti in bustine ecosostenibili e riciclabili; in questo modo potrai contribuire all\u2019economia circolare.\" \/>\n<meta name=\"robots\" content=\"index, follow, max-snippet:-1, max-image-preview:large, max-video-preview:-1\" \/>\n<link rel=\"canonical\" href=\"https:\/\/www.minipak.net\/it\/confezionamento-bustine-riciclabili\/\" \/>\n<meta property=\"og:locale\" content=\"it_IT\" \/>\n<meta property=\"og:type\" content=\"article\" \/>\n<meta property=\"og:title\" content=\"Confezionamento di bustine riciclabili | MINIPAK\" \/>\n<meta property=\"og:description\" content=\"Come soluzione sostenibile per i tuoi campioni di cosmetici possiamo confezionare i tuoi prodotti in bustine ecosostenibili e riciclabili; in questo modo potrai contribuire all\u2019economia circolare.\" \/>\n<meta property=\"og:url\" content=\"https:\/\/www.minipak.net\/it\/confezionamento-bustine-riciclabili\/\" \/>\n<meta property=\"og:site_name\" content=\"minipak\" \/>\n<meta property=\"article:modified_time\" content=\"2025-11-26T13:26:20+00:00\" \/>\n<meta name=\"twitter:card\" content=\"summary_large_image\" \/>\n<meta name=\"twitter:label1\" content=\"Tempo di lettura stimato\" \/>\n\t<meta name=\"twitter:data1\" content=\"6 minuti\" \/>\n<script type=\"application\/ld+json\" class=\"yoast-schema-graph\">{\"@context\":\"https:\/\/schema.org\",\"@graph\":[{\"@type\":\"WebPage\",\"@id\":\"https:\/\/www.minipak.net\/it\/confezionamento-bustine-riciclabili\/\",\"url\":\"https:\/\/www.minipak.net\/it\/confezionamento-bustine-riciclabili\/\",\"name\":\"Confezionamento di bustine riciclabili | MINIPAK\",\"isPartOf\":{\"@id\":\"https:\/\/www.minipak.net\/it\/#website\"},\"datePublished\":\"2023-06-24T15:32:57+00:00\",\"dateModified\":\"2025-11-26T13:26:20+00:00\",\"description\":\"Come soluzione sostenibile per i tuoi campioni di cosmetici possiamo confezionare i tuoi prodotti in bustine ecosostenibili e riciclabili; in questo modo potrai contribuire all\u2019economia circolare.\",\"breadcrumb\":{\"@id\":\"https:\/\/www.minipak.net\/it\/confezionamento-bustine-riciclabili\/#breadcrumb\"},\"inLanguage\":\"it-IT\",\"potentialAction\":[{\"@type\":\"ReadAction\",\"target\":[\"https:\/\/www.minipak.net\/it\/confezionamento-bustine-riciclabili\/\"]}]},{\"@type\":\"BreadcrumbList\",\"@id\":\"https:\/\/www.minipak.net\/it\/confezionamento-bustine-riciclabili\/#breadcrumb\",\"itemListElement\":[{\"@type\":\"ListItem\",\"position\":1,\"name\":\"Domovsk\u00e1 str\u00e1nka\",\"item\":\"https:\/\/www.minipak.net\/it\/\"},{\"@type\":\"ListItem\",\"position\":2,\"name\":\"Bustine riciclabili Sampless\u2122\"}]},{\"@type\":\"WebSite\",\"@id\":\"https:\/\/www.minipak.net\/it\/#website\",\"url\":\"https:\/\/www.minipak.net\/it\/\",\"name\":\"MINIPAK - Sachet sample packaging\",\"description\":\"\",\"publisher\":{\"@id\":\"https:\/\/www.minipak.net\/it\/#organization\"},\"potentialAction\":[{\"@type\":\"SearchAction\",\"target\":{\"@type\":\"EntryPoint\",\"urlTemplate\":\"https:\/\/www.minipak.net\/it\/?s={search_term_string}\"},\"query-input\":{\"@type\":\"PropertyValueSpecification\",\"valueRequired\":true,\"valueName\":\"search_term_string\"}}],\"inLanguage\":\"it-IT\"},{\"@type\":\"Organization\",\"@id\":\"https:\/\/www.minipak.net\/it\/#organization\",\"name\":\"MINIPAK\",\"url\":\"https:\/\/www.minipak.net\/it\/\",\"logo\":{\"@type\":\"ImageObject\",\"inLanguage\":\"it-IT\",\"@id\":\"https:\/\/www.minipak.net\/it\/#\/schema\/logo\/image\/\",\"url\":\"https:\/\/www.minipak.net\/wp-content\/uploads\/2022\/12\/logo_minipak.svg\",\"contentUrl\":\"https:\/\/www.minipak.net\/wp-content\/uploads\/2022\/12\/logo_minipak.svg\",\"width\":119,\"height\":32,\"caption\":\"MINIPAK\"},\"image\":{\"@id\":\"https:\/\/www.minipak.net\/it\/#\/schema\/logo\/image\/\"}}]}<\/script>\n<!-- \/ Yoast SEO plugin. -->","yoast_head_json":{"title":"Confezionamento di bustine riciclabili | MINIPAK","description":"Come soluzione sostenibile per i tuoi campioni di cosmetici possiamo confezionare i tuoi prodotti in bustine ecosostenibili e riciclabili; in questo modo potrai contribuire all\u2019economia circolare.","robots":{"index":"index","follow":"follow","max-snippet":"max-snippet:-1","max-image-preview":"max-image-preview:large","max-video-preview":"max-video-preview:-1"},"canonical":"https:\/\/www.minipak.net\/it\/confezionamento-bustine-riciclabili\/","og_locale":"it_IT","og_type":"article","og_title":"Confezionamento di bustine riciclabili | MINIPAK","og_description":"Come soluzione sostenibile per i tuoi campioni di cosmetici possiamo confezionare i tuoi prodotti in bustine ecosostenibili e riciclabili; in questo modo potrai contribuire all\u2019economia circolare.","og_url":"https:\/\/www.minipak.net\/it\/confezionamento-bustine-riciclabili\/","og_site_name":"minipak","article_modified_time":"2025-11-26T13:26:20+00:00","twitter_card":"summary_large_image","twitter_misc":{"Tempo di lettura stimato":"6 minuti"},"schema":{"@context":"https:\/\/schema.org","@graph":[{"@type":"WebPage","@id":"https:\/\/www.minipak.net\/it\/confezionamento-bustine-riciclabili\/","url":"https:\/\/www.minipak.net\/it\/confezionamento-bustine-riciclabili\/","name":"Confezionamento di bustine riciclabili | MINIPAK","isPartOf":{"@id":"https:\/\/www.minipak.net\/it\/#website"},"datePublished":"2023-06-24T15:32:57+00:00","dateModified":"2025-11-26T13:26:20+00:00","description":"Come soluzione sostenibile per i tuoi campioni di cosmetici possiamo confezionare i tuoi prodotti in bustine ecosostenibili e riciclabili; in questo modo potrai contribuire all\u2019economia circolare.","breadcrumb":{"@id":"https:\/\/www.minipak.net\/it\/confezionamento-bustine-riciclabili\/#breadcrumb"},"inLanguage":"it-IT","potentialAction":[{"@type":"ReadAction","target":["https:\/\/www.minipak.net\/it\/confezionamento-bustine-riciclabili\/"]}]},{"@type":"BreadcrumbList","@id":"https:\/\/www.minipak.net\/it\/confezionamento-bustine-riciclabili\/#breadcrumb","itemListElement":[{"@type":"ListItem","position":1,"name":"Domovsk\u00e1 str\u00e1nka","item":"https:\/\/www.minipak.net\/it\/"},{"@type":"ListItem","position":2,"name":"Bustine riciclabili Sampless\u2122"}]},{"@type":"WebSite","@id":"https:\/\/www.minipak.net\/it\/#website","url":"https:\/\/www.minipak.net\/it\/","name":"MINIPAK - Sachet sample packaging","description":"","publisher":{"@id":"https:\/\/www.minipak.net\/it\/#organization"},"potentialAction":[{"@type":"SearchAction","target":{"@type":"EntryPoint","urlTemplate":"https:\/\/www.minipak.net\/it\/?s={search_term_string}"},"query-input":{"@type":"PropertyValueSpecification","valueRequired":true,"valueName":"search_term_string"}}],"inLanguage":"it-IT"},{"@type":"Organization","@id":"https:\/\/www.minipak.net\/it\/#organization","name":"MINIPAK","url":"https:\/\/www.minipak.net\/it\/","logo":{"@type":"ImageObject","inLanguage":"it-IT","@id":"https:\/\/www.minipak.net\/it\/#\/schema\/logo\/image\/","url":"https:\/\/www.minipak.net\/wp-content\/uploads\/2022\/12\/logo_minipak.svg","contentUrl":"https:\/\/www.minipak.net\/wp-content\/uploads\/2022\/12\/logo_minipak.svg","width":119,"height":32,"caption":"MINIPAK"},"image":{"@id":"https:\/\/www.minipak.net\/it\/#\/schema\/logo\/image\/"}}]}},"_links":{"self":[{"href":"https:\/\/www.minipak.net\/it\/wp-json\/wp\/v2\/pages\/2032","targetHints":{"allow":["GET"]}}],"collection":[{"href":"https:\/\/www.minipak.net\/it\/wp-json\/wp\/v2\/pages"}],"about":[{"href":"https:\/\/www.minipak.net\/it\/wp-json\/wp\/v2\/types\/page"}],"author":[{"embeddable":true,"href":"https:\/\/www.minipak.net\/it\/wp-json\/wp\/v2\/users\/1"}],"replies":[{"embeddable":true,"href":"https:\/\/www.minipak.net\/it\/wp-json\/wp\/v2\/comments?post=2032"}],"version-history":[{"count":12,"href":"https:\/\/www.minipak.net\/it\/wp-json\/wp\/v2\/pages\/2032\/revisions"}],"predecessor-version":[{"id":4804,"href":"https:\/\/www.minipak.net\/it\/wp-json\/wp\/v2\/pages\/2032\/revisions\/4804"}],"wp:attachment":[{"href":"https:\/\/www.minipak.net\/it\/wp-json\/wp\/v2\/media?parent=2032"}],"curies":[{"name":"wp","href":"https:\/\/api.w.org\/{rel}","templated":true}]}}