{"id":2097,"date":"2022-12-11T16:40:49","date_gmt":"2022-12-11T16:40:49","guid":{"rendered":"https:\/\/www.minipak.net\/about-us\/"},"modified":"2024-08-16T13:26:05","modified_gmt":"2024-08-16T13:26:05","slug":"rolunk","status":"publish","type":"page","link":"https:\/\/www.minipak.net\/hu\/rolunk\/","title":{"rendered":"R\u00f3lunk"},"content":{"rendered":"<section class=\"l-section wpb_row us_custom_7b5b03a5 height_medium\"><div class=\"l-section-h i-cf\"><div class=\"g-cols vc_row via_grid cols_2 laptops-cols_inherit tablets-cols_inherit mobiles-cols_1 valign_top type_default stacking_default\"><div class=\"wpb_column vc_column_container\"><div class=\"vc_column-inner\"><div class=\"wpb_text_column us_custom_2aa4ebcf has_text_color\"><div class=\"wpb_wrapper\"><h1>T\u00f6rt\u00e9net\u00fcnk<\/h1>\n<\/div><\/div><div class=\"wpb_text_column us_custom_6c80d76d has_text_color\"><div class=\"wpb_wrapper\"><p>A Minipak egy 1992-ben alap\u00edtott csal\u00e1di tulajdonban l\u00e9v\u0151 tasakgy\u00e1rt\u00f3 v\u00e1llalat, amely Eur\u00f3pa sz\u00edv\u00e9ben, Szlov\u00e1ki\u00e1ban tal\u00e1lhat\u00f3. Kezdetben saj\u00e1t m\u00e1rk\u00e1s, kr\u00e9mes \u00e9lelmiszerekkel t\u00f6lt\u00f6tt, egyadagos tasakokat gy\u00e1rtottunk.<\/p>\n<p>2006-ban a v\u00e1llalatot korl\u00e1tolt felel\u0151ss\u00e9g\u0171 t\u00e1rsas\u00e1gg\u00e1 alak\u00edtott\u00e1k \u00e1t, \u00e9s az \u00fczleti modell fokozatosan a kozmetikai mintacsomagol\u00e1s \u00e9s a nemzetk\u00f6zi \u00fcgyfelek sz\u00e1m\u00e1ra t\u00f6rt\u00e9n\u0151 egyadagos csomagol\u00e1s fel\u00e9 mozdult el.<\/p>\n<p>Ma m\u00e1r ISO tan\u00fas\u00edtv\u00e1nnyal rendelkez\u0151 tasakgy\u00e1rt\u00f3 c\u00e9g vagyunk, modern g\u00e9pi berendez\u00e9sekkel \u00e9s t\u00f6bb \u00e9vtizedes tapasztalattal. Legf\u0151bb c\u00e9lunk, hogy folyamatosan cs\u00facsmin\u0151s\u00e9g\u0171 szolg\u00e1ltat\u00e1sokat ny\u00fajtsunk egy gyorsan v\u00e1ltoz\u00f3 k\u00f6rnyezetben.<\/p>\n<\/div><\/div><\/div><\/div><div class=\"wpb_column vc_column_container\"><div class=\"vc_column-inner\"><\/div><\/div><\/div><\/div><\/section><section class=\"l-section wpb_row us_custom_b6a72ce1 height_medium width_full\"><div class=\"l-section-h i-cf\"><div class=\"g-cols vc_row via_grid cols_1 laptops-cols_inherit tablets-cols_inherit mobiles-cols_1 valign_top type_default stacking_default\"><div class=\"wpb_column vc_column_container\"><div class=\"vc_column-inner\"><div class=\"w-grid type_carousel layout_gallery_default cols_4\" id=\"us_grid_1\"><style>#us_grid_1 .w-grid-item{padding:6px}#us_grid_1 .w-grid-list{margin:-6px}.w-grid + #us_grid_1 .w-grid-list,.w-grid-none + #us_grid_1 .w-grid-list{margin-top:6px}.layout_gallery_default .w-grid-item-h{}<\/style><div class=\"w-grid-list owl-carousel navstyle_circle navpos_outside\">\t<article class=\"w-grid-item post-1034 attachment type-attachment status-inherit hentry\" data-id=\"1034\">\r\n\t\t<div class=\"w-grid-item-h\">\r\n\t\t\t\t\t\t<div class=\"w-post-elm post_image usg_post_image_1 stretched\"><img loading=\"lazy\" decoding=\"async\" width=\"350\" height=\"240\" src=\"https:\/\/www.minipak.net\/wp-content\/uploads\/2022\/12\/image-37-1.jpg\" class=\"attachment-us_600_600_crop size-us_600_600_crop\" alt=\"Custom packaging\" srcset=\"https:\/\/www.minipak.net\/wp-content\/uploads\/2022\/12\/image-37-1.jpg 350w, https:\/\/www.minipak.net\/wp-content\/uploads\/2022\/12\/image-37-1-300x206.jpg 300w\" sizes=\"auto, (max-width: 350px) 100vw, 350px\" \/><\/div>\t\t<\/div>\r\n\t<\/article>\r\n\t<article class=\"w-grid-item post-1032 attachment type-attachment status-inherit hentry\" data-id=\"1032\">\r\n\t\t<div class=\"w-grid-item-h\">\r\n\t\t\t\t\t\t<div class=\"w-post-elm post_image usg_post_image_1 stretched\"><img loading=\"lazy\" decoding=\"async\" width=\"350\" height=\"240\" src=\"https:\/\/www.minipak.net\/wp-content\/uploads\/2022\/12\/image-36-2.jpg\" class=\"attachment-us_600_600_crop size-us_600_600_crop\" alt=\"Employee operates sachet packaging machine.\" srcset=\"https:\/\/www.minipak.net\/wp-content\/uploads\/2022\/12\/image-36-2.jpg 350w, https:\/\/www.minipak.net\/wp-content\/uploads\/2022\/12\/image-36-2-300x206.jpg 300w\" sizes=\"auto, (max-width: 350px) 100vw, 350px\" \/><\/div>\t\t<\/div>\r\n\t<\/article>\r\n\t<article class=\"w-grid-item post-1030 attachment type-attachment status-inherit hentry\" data-id=\"1030\">\r\n\t\t<div class=\"w-grid-item-h\">\r\n\t\t\t\t\t\t<div class=\"w-post-elm post_image usg_post_image_1 stretched\"><img loading=\"lazy\" decoding=\"async\" width=\"350\" height=\"240\" src=\"https:\/\/www.minipak.net\/wp-content\/uploads\/2022\/12\/image-35-2.jpg\" class=\"attachment-us_600_600_crop size-us_600_600_crop\" alt=\"ISO 9001 and GMP documentation.\" srcset=\"https:\/\/www.minipak.net\/wp-content\/uploads\/2022\/12\/image-35-2.jpg 350w, https:\/\/www.minipak.net\/wp-content\/uploads\/2022\/12\/image-35-2-300x206.jpg 300w\" sizes=\"auto, (max-width: 350px) 100vw, 350px\" \/><\/div>\t\t<\/div>\r\n\t<\/article>\r\n\t<article class=\"w-grid-item post-1028 attachment type-attachment status-inherit hentry\" data-id=\"1028\">\r\n\t\t<div class=\"w-grid-item-h\">\r\n\t\t\t\t\t\t<div class=\"w-post-elm post_image usg_post_image_1 stretched\"><img loading=\"lazy\" decoding=\"async\" width=\"350\" height=\"240\" src=\"https:\/\/www.minipak.net\/wp-content\/uploads\/2022\/12\/image-34-3.jpg\" class=\"attachment-us_600_600_crop size-us_600_600_crop\" alt=\"Sachet filling and production.\" srcset=\"https:\/\/www.minipak.net\/wp-content\/uploads\/2022\/12\/image-34-3.jpg 350w, https:\/\/www.minipak.net\/wp-content\/uploads\/2022\/12\/image-34-3-300x206.jpg 300w\" sizes=\"auto, (max-width: 350px) 100vw, 350px\" \/><\/div>\t\t<\/div>\r\n\t<\/article>\r\n<\/div><div class=\"g-preloader type_1\">\r\n\t<div><\/div>\r\n<\/div>\r\n\t<div class=\"w-grid-json hidden\" onclick='return {&quot;action&quot;:&quot;us_ajax_grid&quot;,&quot;ajax_url&quot;:&quot;https:\\\/\\\/www.minipak.net\\\/wp-admin\\\/admin-ajax.php&quot;,&quot;infinite_scroll&quot;:0,&quot;max_num_pages&quot;:1,&quot;pagination&quot;:&quot;none&quot;,&quot;permalink_url&quot;:&quot;https:\\\/\\\/www.minipak.net\\\/hu\\\/wp-json\\\/wp\\\/v2\\\/pages\\\/2097\\\/&quot;,&quot;template_vars&quot;:{&quot;columns&quot;:&quot;4&quot;,&quot;exclude_items&quot;:&quot;none&quot;,&quot;img_size&quot;:&quot;default&quot;,&quot;ignore_items_size&quot;:0,&quot;items_layout&quot;:&quot;gallery_default&quot;,&quot;items_offset&quot;:&quot;1&quot;,&quot;load_animation&quot;:&quot;none&quot;,&quot;overriding_link&quot;:&quot;none&quot;,&quot;post_id&quot;:2097,&quot;query_args&quot;:{&quot;post_type&quot;:[&quot;attachment&quot;],&quot;post__in&quot;:[&quot;142&quot;,&quot;141&quot;,&quot;140&quot;,&quot;139&quot;],&quot;post_status&quot;:&quot;inherit&quot;,&quot;post_mime_type&quot;:&quot;image&quot;,&quot;posts_per_page&quot;:&quot;11&quot;},&quot;orderby_query_args&quot;:{&quot;orderby&quot;:{&quot;date&quot;:&quot;DESC&quot;}},&quot;type&quot;:&quot;carousel&quot;,&quot;us_grid_ajax_index&quot;:1,&quot;us_grid_filter_params&quot;:null,&quot;us_grid_index&quot;:1,&quot;_us_grid_post_type&quot;:&quot;attachment&quot;,&quot;lang&quot;:&quot;hu&quot;},&quot;carousel_settings&quot;:{&quot;autoHeight&quot;:0,&quot;autoplay&quot;:0,&quot;carousel_fade&quot;:0,&quot;center&quot;:0,&quot;dots&quot;:0,&quot;items&quot;:&quot;4&quot;,&quot;loop&quot;:false,&quot;nav&quot;:0,&quot;slideby&quot;:&quot;1&quot;,&quot;smooth_play&quot;:0,&quot;speed&quot;:250,&quot;timeout&quot;:3000,&quot;transition&quot;:&quot;&quot;},&quot;carousel_breakpoints&quot;:{&quot;0&quot;:{&quot;autoHeight&quot;:0,&quot;autoplay&quot;:1,&quot;autoplayHoverPause&quot;:1,&quot;items&quot;:1,&quot;loop&quot;:true,&quot;stagePadding&quot;:0},&quot;600&quot;:{&quot;autoHeight&quot;:0,&quot;autoplay&quot;:1,&quot;autoplayHoverPause&quot;:1,&quot;items&quot;:2,&quot;loop&quot;:false,&quot;stagePadding&quot;:0},&quot;900&quot;:{&quot;autoHeight&quot;:0,&quot;autoplay&quot;:1,&quot;autoplayHoverPause&quot;:1,&quot;items&quot;:4,&quot;loop&quot;:false,&quot;stagePadding&quot;:0},&quot;1200&quot;:{&quot;items&quot;:4,&quot;stagePadding&quot;:0}}}'><\/div>\r\n\t<\/div><\/div><\/div><\/div><\/div><\/section>\n","protected":false},"excerpt":{"rendered":"","protected":false},"author":1,"featured_media":0,"parent":0,"menu_order":0,"comment_status":"closed","ping_status":"closed","template":"","meta":{"inline_featured_image":false,"footnotes":""},"class_list":["post-2097","page","type-page","status-publish","hentry"],"acf":[],"yoast_head":"<!-- This site is optimized with the Yoast SEO plugin v23.5 - https:\/\/yoast.com\/wordpress\/plugins\/seo\/ -->\n<title>R\u00f3lunk | MINIPAK<\/title>\n<meta name=\"description\" content=\"Csal\u00e1di tulajdonban l\u00e9v\u0151, szlov\u00e1kiai sz\u00e9khely\u0171, szerz\u0151d\u00e9ses tasakgy\u00e1rt\u00f3 v\u00e1llalat vagyunk. 1992 \u00f3ta sikeresen ny\u00fajtunk megfizethet\u0151, \u00fcgyf\u00e9lk\u00f6zpont\u00fa tasakt\u00f6lt\u00e9si \u00e9s csomagol\u00e1si szolg\u00e1ltat\u00e1sokat.\" \/>\n<meta name=\"robots\" content=\"index, follow, max-snippet:-1, max-image-preview:large, max-video-preview:-1\" \/>\n<link rel=\"canonical\" href=\"https:\/\/www.minipak.net\/hu\/rolunk\/\" \/>\n<meta property=\"og:locale\" content=\"hu_HU\" \/>\n<meta property=\"og:type\" content=\"article\" \/>\n<meta property=\"og:title\" content=\"R\u00f3lunk | MINIPAK\" \/>\n<meta property=\"og:description\" content=\"Csal\u00e1di tulajdonban l\u00e9v\u0151, szlov\u00e1kiai sz\u00e9khely\u0171, szerz\u0151d\u00e9ses tasakgy\u00e1rt\u00f3 v\u00e1llalat vagyunk. 1992 \u00f3ta sikeresen ny\u00fajtunk megfizethet\u0151, \u00fcgyf\u00e9lk\u00f6zpont\u00fa tasakt\u00f6lt\u00e9si \u00e9s csomagol\u00e1si szolg\u00e1ltat\u00e1sokat.\" \/>\n<meta property=\"og:url\" content=\"https:\/\/www.minipak.net\/hu\/rolunk\/\" \/>\n<meta property=\"og:site_name\" content=\"minipak\" \/>\n<meta property=\"article:modified_time\" content=\"2024-08-16T13:26:05+00:00\" \/>\n<meta name=\"twitter:card\" content=\"summary_large_image\" \/>\n<meta name=\"twitter:label1\" content=\"Becs\u00fclt olvas\u00e1si id\u0151\" \/>\n\t<meta name=\"twitter:data1\" content=\"4 perc\" \/>\n<script type=\"application\/ld+json\" class=\"yoast-schema-graph\">{\"@context\":\"https:\/\/schema.org\",\"@graph\":[{\"@type\":\"WebPage\",\"@id\":\"https:\/\/www.minipak.net\/hu\/rolunk\/\",\"url\":\"https:\/\/www.minipak.net\/hu\/rolunk\/\",\"name\":\"R\u00f3lunk | MINIPAK\",\"isPartOf\":{\"@id\":\"https:\/\/www.minipak.net\/hu\/#website\"},\"datePublished\":\"2022-12-11T16:40:49+00:00\",\"dateModified\":\"2024-08-16T13:26:05+00:00\",\"description\":\"Csal\u00e1di tulajdonban l\u00e9v\u0151, szlov\u00e1kiai sz\u00e9khely\u0171, szerz\u0151d\u00e9ses tasakgy\u00e1rt\u00f3 v\u00e1llalat vagyunk. 1992 \u00f3ta sikeresen ny\u00fajtunk megfizethet\u0151, \u00fcgyf\u00e9lk\u00f6zpont\u00fa tasakt\u00f6lt\u00e9si \u00e9s csomagol\u00e1si szolg\u00e1ltat\u00e1sokat.\",\"breadcrumb\":{\"@id\":\"https:\/\/www.minipak.net\/hu\/rolunk\/#breadcrumb\"},\"inLanguage\":\"hu\",\"potentialAction\":[{\"@type\":\"ReadAction\",\"target\":[\"https:\/\/www.minipak.net\/hu\/rolunk\/\"]}]},{\"@type\":\"BreadcrumbList\",\"@id\":\"https:\/\/www.minipak.net\/hu\/rolunk\/#breadcrumb\",\"itemListElement\":[{\"@type\":\"ListItem\",\"position\":1,\"name\":\"Domovsk\u00e1 str\u00e1nka\",\"item\":\"https:\/\/www.minipak.net\/hu\/\"},{\"@type\":\"ListItem\",\"position\":2,\"name\":\"R\u00f3lunk\"}]},{\"@type\":\"WebSite\",\"@id\":\"https:\/\/www.minipak.net\/hu\/#website\",\"url\":\"https:\/\/www.minipak.net\/hu\/\",\"name\":\"MINIPAK - Sachet sample packaging\",\"description\":\"\",\"publisher\":{\"@id\":\"https:\/\/www.minipak.net\/hu\/#organization\"},\"potentialAction\":[{\"@type\":\"SearchAction\",\"target\":{\"@type\":\"EntryPoint\",\"urlTemplate\":\"https:\/\/www.minipak.net\/hu\/?s={search_term_string}\"},\"query-input\":{\"@type\":\"PropertyValueSpecification\",\"valueRequired\":true,\"valueName\":\"search_term_string\"}}],\"inLanguage\":\"hu\"},{\"@type\":\"Organization\",\"@id\":\"https:\/\/www.minipak.net\/hu\/#organization\",\"name\":\"MINIPAK\",\"url\":\"https:\/\/www.minipak.net\/hu\/\",\"logo\":{\"@type\":\"ImageObject\",\"inLanguage\":\"hu\",\"@id\":\"https:\/\/www.minipak.net\/hu\/#\/schema\/logo\/image\/\",\"url\":\"https:\/\/www.minipak.net\/wp-content\/uploads\/2022\/12\/logo_minipak.svg\",\"contentUrl\":\"https:\/\/www.minipak.net\/wp-content\/uploads\/2022\/12\/logo_minipak.svg\",\"width\":119,\"height\":32,\"caption\":\"MINIPAK\"},\"image\":{\"@id\":\"https:\/\/www.minipak.net\/hu\/#\/schema\/logo\/image\/\"}}]}<\/script>\n<!-- \/ Yoast SEO plugin. -->","yoast_head_json":{"title":"R\u00f3lunk | MINIPAK","description":"Csal\u00e1di tulajdonban l\u00e9v\u0151, szlov\u00e1kiai sz\u00e9khely\u0171, szerz\u0151d\u00e9ses tasakgy\u00e1rt\u00f3 v\u00e1llalat vagyunk. 1992 \u00f3ta sikeresen ny\u00fajtunk megfizethet\u0151, \u00fcgyf\u00e9lk\u00f6zpont\u00fa tasakt\u00f6lt\u00e9si \u00e9s csomagol\u00e1si szolg\u00e1ltat\u00e1sokat.","robots":{"index":"index","follow":"follow","max-snippet":"max-snippet:-1","max-image-preview":"max-image-preview:large","max-video-preview":"max-video-preview:-1"},"canonical":"https:\/\/www.minipak.net\/hu\/rolunk\/","og_locale":"hu_HU","og_type":"article","og_title":"R\u00f3lunk | MINIPAK","og_description":"Csal\u00e1di tulajdonban l\u00e9v\u0151, szlov\u00e1kiai sz\u00e9khely\u0171, szerz\u0151d\u00e9ses tasakgy\u00e1rt\u00f3 v\u00e1llalat vagyunk. 1992 \u00f3ta sikeresen ny\u00fajtunk megfizethet\u0151, \u00fcgyf\u00e9lk\u00f6zpont\u00fa tasakt\u00f6lt\u00e9si \u00e9s csomagol\u00e1si szolg\u00e1ltat\u00e1sokat.","og_url":"https:\/\/www.minipak.net\/hu\/rolunk\/","og_site_name":"minipak","article_modified_time":"2024-08-16T13:26:05+00:00","twitter_card":"summary_large_image","twitter_misc":{"Becs\u00fclt olvas\u00e1si id\u0151":"4 perc"},"schema":{"@context":"https:\/\/schema.org","@graph":[{"@type":"WebPage","@id":"https:\/\/www.minipak.net\/hu\/rolunk\/","url":"https:\/\/www.minipak.net\/hu\/rolunk\/","name":"R\u00f3lunk | MINIPAK","isPartOf":{"@id":"https:\/\/www.minipak.net\/hu\/#website"},"datePublished":"2022-12-11T16:40:49+00:00","dateModified":"2024-08-16T13:26:05+00:00","description":"Csal\u00e1di tulajdonban l\u00e9v\u0151, szlov\u00e1kiai sz\u00e9khely\u0171, szerz\u0151d\u00e9ses tasakgy\u00e1rt\u00f3 v\u00e1llalat vagyunk. 1992 \u00f3ta sikeresen ny\u00fajtunk megfizethet\u0151, \u00fcgyf\u00e9lk\u00f6zpont\u00fa tasakt\u00f6lt\u00e9si \u00e9s csomagol\u00e1si szolg\u00e1ltat\u00e1sokat.","breadcrumb":{"@id":"https:\/\/www.minipak.net\/hu\/rolunk\/#breadcrumb"},"inLanguage":"hu","potentialAction":[{"@type":"ReadAction","target":["https:\/\/www.minipak.net\/hu\/rolunk\/"]}]},{"@type":"BreadcrumbList","@id":"https:\/\/www.minipak.net\/hu\/rolunk\/#breadcrumb","itemListElement":[{"@type":"ListItem","position":1,"name":"Domovsk\u00e1 str\u00e1nka","item":"https:\/\/www.minipak.net\/hu\/"},{"@type":"ListItem","position":2,"name":"R\u00f3lunk"}]},{"@type":"WebSite","@id":"https:\/\/www.minipak.net\/hu\/#website","url":"https:\/\/www.minipak.net\/hu\/","name":"MINIPAK - Sachet sample packaging","description":"","publisher":{"@id":"https:\/\/www.minipak.net\/hu\/#organization"},"potentialAction":[{"@type":"SearchAction","target":{"@type":"EntryPoint","urlTemplate":"https:\/\/www.minipak.net\/hu\/?s={search_term_string}"},"query-input":{"@type":"PropertyValueSpecification","valueRequired":true,"valueName":"search_term_string"}}],"inLanguage":"hu"},{"@type":"Organization","@id":"https:\/\/www.minipak.net\/hu\/#organization","name":"MINIPAK","url":"https:\/\/www.minipak.net\/hu\/","logo":{"@type":"ImageObject","inLanguage":"hu","@id":"https:\/\/www.minipak.net\/hu\/#\/schema\/logo\/image\/","url":"https:\/\/www.minipak.net\/wp-content\/uploads\/2022\/12\/logo_minipak.svg","contentUrl":"https:\/\/www.minipak.net\/wp-content\/uploads\/2022\/12\/logo_minipak.svg","width":119,"height":32,"caption":"MINIPAK"},"image":{"@id":"https:\/\/www.minipak.net\/hu\/#\/schema\/logo\/image\/"}}]}},"_links":{"self":[{"href":"https:\/\/www.minipak.net\/hu\/wp-json\/wp\/v2\/pages\/2097","targetHints":{"allow":["GET"]}}],"collection":[{"href":"https:\/\/www.minipak.net\/hu\/wp-json\/wp\/v2\/pages"}],"about":[{"href":"https:\/\/www.minipak.net\/hu\/wp-json\/wp\/v2\/types\/page"}],"author":[{"embeddable":true,"href":"https:\/\/www.minipak.net\/hu\/wp-json\/wp\/v2\/users\/1"}],"replies":[{"embeddable":true,"href":"https:\/\/www.minipak.net\/hu\/wp-json\/wp\/v2\/comments?post=2097"}],"version-history":[{"count":1,"href":"https:\/\/www.minipak.net\/hu\/wp-json\/wp\/v2\/pages\/2097\/revisions"}],"predecessor-version":[{"id":2255,"href":"https:\/\/www.minipak.net\/hu\/wp-json\/wp\/v2\/pages\/2097\/revisions\/2255"}],"wp:attachment":[{"href":"https:\/\/www.minipak.net\/hu\/wp-json\/wp\/v2\/media?parent=2097"}],"curies":[{"name":"wp","href":"https:\/\/api.w.org\/{rel}","templated":true}]}}