{"id":2107,"date":"2022-12-11T15:50:49","date_gmt":"2022-12-11T15:50:49","guid":{"rendered":"https:\/\/www.minipak.net\/certification\/"},"modified":"2024-10-30T13:06:05","modified_gmt":"2024-10-30T13:06:05","slug":"qualite","status":"publish","type":"page","link":"https:\/\/www.minipak.net\/fr\/qualite\/","title":{"rendered":"Qualit\u00e9"},"content":{"rendered":"<section class=\"l-section wpb_row us_custom_08c77000 height_medium\"><div class=\"l-section-h i-cf\"><div class=\"g-cols vc_row via_grid cols_2 laptops-cols_inherit tablets-cols_inherit mobiles-cols_1 valign_top type_default stacking_default\"><div class=\"wpb_column vc_column_container\"><div class=\"vc_column-inner\"><div class=\"wpb_text_column us_custom_2aa4ebcf has_text_color\"><div class=\"wpb_wrapper\"><h1>Qualit\u00e9<\/h1>\n<\/div><\/div><div class=\"wpb_text_column us_custom_87328569 has_text_color\"><div class=\"wpb_wrapper\"><p>En tant que fabricant des sachets d&#8217;emballage, nous nous engageons \u00e0 toujours offrir un produit de tr\u00e8s haute qualit\u00e9 et nous nous conformons aux normes de qualit\u00e9 internationales les plus strictes.<\/p>\n<p>Ainsi, tous nos processus sont certifi\u00e9s ISO 9001, ce qui garantit \u00e0 nos clients que nous nous engageons \u00e0 proposer des produits d&#8217;emballage de tr\u00e8s haute qualit\u00e9.<\/p>\n<p>En outre, nous nous conformons \u00e9galement \u00e0 la norme ISO 22716 (GMP).<\/p>\n<\/div><\/div><div class=\"g-cols wpb_row us_custom_8f2ba1f4 us_animate_this via_grid cols_2 laptops-cols_inherit tablets-cols_inherit mobiles-cols_1 valign_top type_default stacking_default\" style=\"grid-gap:12px;\"><div class=\"wpb_column vc_column_container us_custom_035423ab tuv_box has_bg_color\"><div class=\"vc_column-inner\"><div class=\"w-hwrapper open_certification align_none valign_middle\" id=\"certification1\" style=\"--hwrapper-gap:24px\"><div class=\"w-image align_none\"><div class=\"w-image-h\"><img loading=\"lazy\" decoding=\"async\" width=\"79\" height=\"79\" src=\"https:\/\/www.minipak.net\/wp-content\/uploads\/2022\/12\/image-18.png\" class=\"attachment-full size-full\" alt=\"\" \/><\/div><\/div><div class=\"wpb_text_column us_custom_6aa51426 has_text_color\"><div class=\"wpb_wrapper\"><p>ISO 9001:2016.<\/p>\n<\/div><\/div><\/div><\/div><\/div><div class=\"wpb_column vc_column_container us_custom_035423ab tuv_box has_bg_color\"><div class=\"vc_column-inner\"><div class=\"w-hwrapper open_certification align_none valign_middle\" id=\"certification2\" style=\"--hwrapper-gap:24px\"><div class=\"w-image open_certification certification2_open align_none\"><div class=\"w-image-h\"><img loading=\"lazy\" decoding=\"async\" width=\"79\" height=\"79\" src=\"https:\/\/www.minipak.net\/wp-content\/uploads\/2022\/12\/image-18.png\" class=\"attachment-full size-full\" alt=\"\" \/><\/div><\/div><div class=\"wpb_text_column us_custom_6aa51426 has_text_color\"><div class=\"wpb_wrapper\"><p>ISO 22716:2008.<\/p>\n<\/div><\/div><\/div><\/div><\/div><\/div><\/div><\/div><div class=\"wpb_column vc_column_container\"><div class=\"vc_column-inner\"><\/div><\/div><\/div><\/div><\/section><section class=\"l-section wpb_row hidden height_medium\"><div class=\"l-section-h i-cf\"><div class=\"g-cols vc_row via_grid cols_1 laptops-cols_inherit tablets-cols_inherit mobiles-cols_1 valign_top type_default stacking_default\"><div class=\"wpb_column vc_column_container\"><div class=\"vc_column-inner\"><div class=\"w-image certification_popup certification1 align_none\"><a href=\"https:\/\/www.minipak.net\/wp-content\/uploads\/2024\/10\/MINIPAK_ISO-9001_EN_2023_2026-scaled.webp\" ref=\"magnificPopup\" aria-label=\"Lien\" class=\"w-image-h\"><img loading=\"lazy\" decoding=\"async\" width=\"724\" height=\"1024\" src=\"https:\/\/www.minipak.net\/wp-content\/uploads\/2024\/10\/MINIPAK_ISO-9001_EN_2023_2026-724x1024.webp\" class=\"attachment-large size-large\" alt=\"\" srcset=\"https:\/\/www.minipak.net\/wp-content\/uploads\/2024\/10\/MINIPAK_ISO-9001_EN_2023_2026-724x1024.webp 724w, https:\/\/www.minipak.net\/wp-content\/uploads\/2024\/10\/MINIPAK_ISO-9001_EN_2023_2026-212x300.webp 212w, https:\/\/www.minipak.net\/wp-content\/uploads\/2024\/10\/MINIPAK_ISO-9001_EN_2023_2026-scaled.webp 1809w\" sizes=\"auto, (max-width: 724px) 100vw, 724px\" \/><\/a><\/div><div class=\"w-image certification_popup certification2 align_none\"><a href=\"https:\/\/www.minipak.net\/wp-content\/uploads\/2024\/01\/15.238.518_MINIPAK_EN_page-0001.jpg\" ref=\"magnificPopup\" aria-label=\"Lien\" class=\"w-image-h\"><img loading=\"lazy\" decoding=\"async\" width=\"724\" height=\"1024\" src=\"https:\/\/www.minipak.net\/wp-content\/uploads\/2024\/01\/15.238.518_MINIPAK_EN_page-0001-724x1024.jpg\" class=\"attachment-large size-large\" alt=\"\" srcset=\"https:\/\/www.minipak.net\/wp-content\/uploads\/2024\/01\/15.238.518_MINIPAK_EN_page-0001-724x1024.jpg 724w, https:\/\/www.minipak.net\/wp-content\/uploads\/2024\/01\/15.238.518_MINIPAK_EN_page-0001-212x300.jpg 212w, https:\/\/www.minipak.net\/wp-content\/uploads\/2024\/01\/15.238.518_MINIPAK_EN_page-0001.jpg 1240w\" sizes=\"auto, (max-width: 724px) 100vw, 724px\" \/><\/a><\/div><\/div><\/div><\/div><\/div><\/section>\n","protected":false},"excerpt":{"rendered":"Qualit\u00e9 En tant que fabricant des sachets d&#8217;emballage, nous nous engageons \u00e0 toujours offrir un produit de tr\u00e8s haute qualit\u00e9 et nous nous conformons aux normes de qualit\u00e9 internationales les plus strictes. Ainsi, tous nos processus sont certifi\u00e9s ISO 9001, ce qui garantit \u00e0 nos clients que nous nous engageons \u00e0 proposer des produits d&#8217;emballage...","protected":false},"author":1,"featured_media":0,"parent":0,"menu_order":0,"comment_status":"closed","ping_status":"closed","template":"","meta":{"inline_featured_image":false,"footnotes":""},"class_list":["post-2107","page","type-page","status-publish","hentry"],"acf":[],"yoast_head":"<!-- This site is optimized with the Yoast SEO plugin v23.5 - https:\/\/yoast.com\/wordpress\/plugins\/seo\/ -->\n<title>Qualit\u00e9 | MINIPAK<\/title>\n<meta name=\"robots\" content=\"index, follow, max-snippet:-1, max-image-preview:large, max-video-preview:-1\" \/>\n<link rel=\"canonical\" href=\"https:\/\/www.minipak.net\/fr\/qualite\/\" \/>\n<meta property=\"og:locale\" content=\"fr_FR\" \/>\n<meta property=\"og:type\" content=\"article\" \/>\n<meta property=\"og:title\" content=\"Qualit\u00e9 | MINIPAK\" \/>\n<meta property=\"og:url\" content=\"https:\/\/www.minipak.net\/fr\/qualite\/\" \/>\n<meta property=\"og:site_name\" content=\"minipak\" \/>\n<meta property=\"article:modified_time\" content=\"2024-10-30T13:06:05+00:00\" \/>\n<meta name=\"twitter:card\" content=\"summary_large_image\" \/>\n<meta name=\"twitter:label1\" content=\"Dur\u00e9e de lecture estim\u00e9e\" \/>\n\t<meta name=\"twitter:data1\" content=\"2 minutes\" \/>\n<script type=\"application\/ld+json\" class=\"yoast-schema-graph\">{\"@context\":\"https:\/\/schema.org\",\"@graph\":[{\"@type\":\"WebPage\",\"@id\":\"https:\/\/www.minipak.net\/fr\/qualite\/\",\"url\":\"https:\/\/www.minipak.net\/fr\/qualite\/\",\"name\":\"Qualit\u00e9 | MINIPAK\",\"isPartOf\":{\"@id\":\"https:\/\/www.minipak.net\/fr\/#website\"},\"datePublished\":\"2022-12-11T15:50:49+00:00\",\"dateModified\":\"2024-10-30T13:06:05+00:00\",\"breadcrumb\":{\"@id\":\"https:\/\/www.minipak.net\/fr\/qualite\/#breadcrumb\"},\"inLanguage\":\"fr-FR\",\"potentialAction\":[{\"@type\":\"ReadAction\",\"target\":[\"https:\/\/www.minipak.net\/fr\/qualite\/\"]}]},{\"@type\":\"BreadcrumbList\",\"@id\":\"https:\/\/www.minipak.net\/fr\/qualite\/#breadcrumb\",\"itemListElement\":[{\"@type\":\"ListItem\",\"position\":1,\"name\":\"Domovsk\u00e1 str\u00e1nka\",\"item\":\"https:\/\/www.minipak.net\/fr\/\"},{\"@type\":\"ListItem\",\"position\":2,\"name\":\"Qualit\u00e9\"}]},{\"@type\":\"WebSite\",\"@id\":\"https:\/\/www.minipak.net\/fr\/#website\",\"url\":\"https:\/\/www.minipak.net\/fr\/\",\"name\":\"MINIPAK - Sachet sample packaging\",\"description\":\"\",\"publisher\":{\"@id\":\"https:\/\/www.minipak.net\/fr\/#organization\"},\"potentialAction\":[{\"@type\":\"SearchAction\",\"target\":{\"@type\":\"EntryPoint\",\"urlTemplate\":\"https:\/\/www.minipak.net\/fr\/?s={search_term_string}\"},\"query-input\":{\"@type\":\"PropertyValueSpecification\",\"valueRequired\":true,\"valueName\":\"search_term_string\"}}],\"inLanguage\":\"fr-FR\"},{\"@type\":\"Organization\",\"@id\":\"https:\/\/www.minipak.net\/fr\/#organization\",\"name\":\"MINIPAK\",\"url\":\"https:\/\/www.minipak.net\/fr\/\",\"logo\":{\"@type\":\"ImageObject\",\"inLanguage\":\"fr-FR\",\"@id\":\"https:\/\/www.minipak.net\/fr\/#\/schema\/logo\/image\/\",\"url\":\"https:\/\/www.minipak.net\/wp-content\/uploads\/2022\/12\/logo_minipak.svg\",\"contentUrl\":\"https:\/\/www.minipak.net\/wp-content\/uploads\/2022\/12\/logo_minipak.svg\",\"width\":119,\"height\":32,\"caption\":\"MINIPAK\"},\"image\":{\"@id\":\"https:\/\/www.minipak.net\/fr\/#\/schema\/logo\/image\/\"}}]}<\/script>\n<!-- \/ Yoast SEO plugin. -->","yoast_head_json":{"title":"Qualit\u00e9 | MINIPAK","robots":{"index":"index","follow":"follow","max-snippet":"max-snippet:-1","max-image-preview":"max-image-preview:large","max-video-preview":"max-video-preview:-1"},"canonical":"https:\/\/www.minipak.net\/fr\/qualite\/","og_locale":"fr_FR","og_type":"article","og_title":"Qualit\u00e9 | MINIPAK","og_url":"https:\/\/www.minipak.net\/fr\/qualite\/","og_site_name":"minipak","article_modified_time":"2024-10-30T13:06:05+00:00","twitter_card":"summary_large_image","twitter_misc":{"Dur\u00e9e de lecture estim\u00e9e":"2 minutes"},"schema":{"@context":"https:\/\/schema.org","@graph":[{"@type":"WebPage","@id":"https:\/\/www.minipak.net\/fr\/qualite\/","url":"https:\/\/www.minipak.net\/fr\/qualite\/","name":"Qualit\u00e9 | MINIPAK","isPartOf":{"@id":"https:\/\/www.minipak.net\/fr\/#website"},"datePublished":"2022-12-11T15:50:49+00:00","dateModified":"2024-10-30T13:06:05+00:00","breadcrumb":{"@id":"https:\/\/www.minipak.net\/fr\/qualite\/#breadcrumb"},"inLanguage":"fr-FR","potentialAction":[{"@type":"ReadAction","target":["https:\/\/www.minipak.net\/fr\/qualite\/"]}]},{"@type":"BreadcrumbList","@id":"https:\/\/www.minipak.net\/fr\/qualite\/#breadcrumb","itemListElement":[{"@type":"ListItem","position":1,"name":"Domovsk\u00e1 str\u00e1nka","item":"https:\/\/www.minipak.net\/fr\/"},{"@type":"ListItem","position":2,"name":"Qualit\u00e9"}]},{"@type":"WebSite","@id":"https:\/\/www.minipak.net\/fr\/#website","url":"https:\/\/www.minipak.net\/fr\/","name":"MINIPAK - Sachet sample packaging","description":"","publisher":{"@id":"https:\/\/www.minipak.net\/fr\/#organization"},"potentialAction":[{"@type":"SearchAction","target":{"@type":"EntryPoint","urlTemplate":"https:\/\/www.minipak.net\/fr\/?s={search_term_string}"},"query-input":{"@type":"PropertyValueSpecification","valueRequired":true,"valueName":"search_term_string"}}],"inLanguage":"fr-FR"},{"@type":"Organization","@id":"https:\/\/www.minipak.net\/fr\/#organization","name":"MINIPAK","url":"https:\/\/www.minipak.net\/fr\/","logo":{"@type":"ImageObject","inLanguage":"fr-FR","@id":"https:\/\/www.minipak.net\/fr\/#\/schema\/logo\/image\/","url":"https:\/\/www.minipak.net\/wp-content\/uploads\/2022\/12\/logo_minipak.svg","contentUrl":"https:\/\/www.minipak.net\/wp-content\/uploads\/2022\/12\/logo_minipak.svg","width":119,"height":32,"caption":"MINIPAK"},"image":{"@id":"https:\/\/www.minipak.net\/fr\/#\/schema\/logo\/image\/"}}]}},"_links":{"self":[{"href":"https:\/\/www.minipak.net\/fr\/wp-json\/wp\/v2\/pages\/2107","targetHints":{"allow":["GET"]}}],"collection":[{"href":"https:\/\/www.minipak.net\/fr\/wp-json\/wp\/v2\/pages"}],"about":[{"href":"https:\/\/www.minipak.net\/fr\/wp-json\/wp\/v2\/types\/page"}],"author":[{"embeddable":true,"href":"https:\/\/www.minipak.net\/fr\/wp-json\/wp\/v2\/users\/1"}],"replies":[{"embeddable":true,"href":"https:\/\/www.minipak.net\/fr\/wp-json\/wp\/v2\/comments?post=2107"}],"version-history":[{"count":5,"href":"https:\/\/www.minipak.net\/fr\/wp-json\/wp\/v2\/pages\/2107\/revisions"}],"predecessor-version":[{"id":4333,"href":"https:\/\/www.minipak.net\/fr\/wp-json\/wp\/v2\/pages\/2107\/revisions\/4333"}],"wp:attachment":[{"href":"https:\/\/www.minipak.net\/fr\/wp-json\/wp\/v2\/media?parent=2107"}],"curies":[{"name":"wp","href":"https:\/\/api.w.org\/{rel}","templated":true}]}}