{"id":2053,"date":"2023-02-04T22:11:27","date_gmt":"2023-02-04T22:11:27","guid":{"rendered":"https:\/\/www.minipak.net\/impressum\/"},"modified":"2024-05-16T16:25:44","modified_gmt":"2024-05-16T16:25:44","slug":"impressum","status":"publish","type":"page","link":"https:\/\/www.minipak.net\/fr\/impressum\/","title":{"rendered":"Impressum"},"content":{"rendered":"<section class=\"l-section wpb_row us_custom_e5142fcc height_medium\"><div class=\"l-section-h i-cf\"><div class=\"g-cols vc_row via_grid cols_1 laptops-cols_inherit tablets-cols_inherit mobiles-cols_1 valign_top type_default reversed stacking_default\"><div class=\"wpb_column vc_column_container\"><div class=\"vc_column-inner\"><div class=\"wpb_text_column us_custom_e469de7f has_text_color\"><div class=\"wpb_wrapper\"><h1>Impressum<\/h1>\n<\/div><\/div><div class=\"wpb_text_column\"><div class=\"wpb_wrapper\"><p>Nom de la compagnie: MINIPAK s.r.o.<br \/>\nAdresse: J. Hagaru 9, 831 51 Bratislava &#8211; Ra\u010da, Slovakia<br \/>\nBusiness ID: 36673404<br \/>\nVAT number: SK2022240429<\/p>\n<p>Num\u00e9ro de t\u00e9l\u00e9phone: +421 948 033 286<br \/>\nEmail: info@minipak.net<\/p>\n<p>Soci\u00e9t\u00e9 inscrite au registre du commerce du tribunal de district Bratislava I, section: Sro, ins\u00e9rer no. 42222 \/ B.<\/p>\n<p><strong>Coordonn\u00e9es bancaires:<\/strong><br \/>\nTatra banka, a. s.<br \/>\nIBAN: SK89 1100 0000 0026 2202 9376<br \/>\nSWIFT: TATRSKBX<\/p>\n<p><strong>Avis de non-responsabilit\u00e9:<\/strong><br \/>\nTous les textes, images et r\u00e9f\u00e9rences ont \u00e9t\u00e9 compil\u00e9s et v\u00e9rifi\u00e9s par MINIPAK s.r.o. avec le plus grand soin. Cependant, des erreurs ne peuvent pas \u00eatre totalement exclues. MINIPAK s.r.o. ne peut assumer aucune responsabilit\u00e9 l\u00e9gale ou toute autre responsabilit\u00e9 pour des informations erron\u00e9es ou des pertes cons\u00e9cutives r\u00e9sultant de l&rsquo;utilisation de ce site Web.<\/p>\n<p><strong>Droits d&rsquo;auteur:<\/strong><br \/>\n\u00a9 Copyright 2024. Tous droits r\u00e9serv\u00e9s.<\/p>\n<p>Tous les textes, images et r\u00e9f\u00e9rences, ainsi que la conception de ce site Internet, sont soumis au droit d&rsquo;auteur et \u00e0 toutes autres lois relatives \u00e0 la protection de la propri\u00e9t\u00e9 intellectuelle. Toute utilisation, m\u00eame sous forme d&rsquo;extraits, sans l&rsquo;accord \u00e9crit de MINIPAK s.r.o. enfreint les lois sur le droit d&rsquo;auteur\u00a0; elle est donc punissable et entra\u00eenera certainement des poursuites. Ceci s&rsquo;applique \u00e0 toute forme de traitement, de reproduction ou de diffusion sur tous supports, quelle qu&rsquo;en soit la forme, mais en particulier au moyen de syst\u00e8mes \u00e9lectroniques.<\/p>\n<\/div><\/div><\/div><\/div><\/div><\/div><\/section>\n","protected":false},"excerpt":{"rendered":"Impressum Nom de la compagnie: MINIPAK s.r.o. Adresse: J. Hagaru 9, 831 51 Bratislava &#8211; Ra\u010da, Slovakia Business ID: 36673404 VAT number: SK2022240429 Num\u00e9ro de t\u00e9l\u00e9phone: +421 948 033 286 Email: info@minipak.net Soci\u00e9t\u00e9 inscrite au registre du commerce du tribunal de district Bratislava I, section: Sro, ins\u00e9rer no. 42222 \/ B. Coordonn\u00e9es bancaires: Tatra banka,...","protected":false},"author":1,"featured_media":0,"parent":0,"menu_order":0,"comment_status":"closed","ping_status":"closed","template":"","meta":{"inline_featured_image":false,"footnotes":""},"class_list":["post-2053","page","type-page","status-publish","hentry"],"acf":[],"yoast_head":"<!-- This site is optimized with the Yoast SEO plugin v23.5 - https:\/\/yoast.com\/wordpress\/plugins\/seo\/ -->\n<title>Impressum - minipak<\/title>\n<meta name=\"robots\" content=\"index, follow, max-snippet:-1, max-image-preview:large, max-video-preview:-1\" \/>\n<link rel=\"canonical\" href=\"https:\/\/www.minipak.net\/fr\/impressum\/\" \/>\n<meta property=\"og:locale\" content=\"fr_FR\" \/>\n<meta property=\"og:type\" content=\"article\" \/>\n<meta property=\"og:title\" content=\"Impressum - minipak\" \/>\n<meta property=\"og:url\" content=\"https:\/\/www.minipak.net\/fr\/impressum\/\" \/>\n<meta property=\"og:site_name\" content=\"minipak\" \/>\n<meta property=\"article:modified_time\" content=\"2024-05-16T16:25:44+00:00\" \/>\n<meta name=\"twitter:card\" content=\"summary_large_image\" \/>\n<meta name=\"twitter:label1\" content=\"Dur\u00e9e de lecture estim\u00e9e\" \/>\n\t<meta name=\"twitter:data1\" content=\"2 minutes\" \/>\n<script type=\"application\/ld+json\" class=\"yoast-schema-graph\">{\"@context\":\"https:\/\/schema.org\",\"@graph\":[{\"@type\":\"WebPage\",\"@id\":\"https:\/\/www.minipak.net\/fr\/impressum\/\",\"url\":\"https:\/\/www.minipak.net\/fr\/impressum\/\",\"name\":\"Impressum - minipak\",\"isPartOf\":{\"@id\":\"https:\/\/www.minipak.net\/fr\/#website\"},\"datePublished\":\"2023-02-04T22:11:27+00:00\",\"dateModified\":\"2024-05-16T16:25:44+00:00\",\"breadcrumb\":{\"@id\":\"https:\/\/www.minipak.net\/fr\/impressum\/#breadcrumb\"},\"inLanguage\":\"fr-FR\",\"potentialAction\":[{\"@type\":\"ReadAction\",\"target\":[\"https:\/\/www.minipak.net\/fr\/impressum\/\"]}]},{\"@type\":\"BreadcrumbList\",\"@id\":\"https:\/\/www.minipak.net\/fr\/impressum\/#breadcrumb\",\"itemListElement\":[{\"@type\":\"ListItem\",\"position\":1,\"name\":\"Domovsk\u00e1 str\u00e1nka\",\"item\":\"https:\/\/www.minipak.net\/fr\/\"},{\"@type\":\"ListItem\",\"position\":2,\"name\":\"Impressum\"}]},{\"@type\":\"WebSite\",\"@id\":\"https:\/\/www.minipak.net\/fr\/#website\",\"url\":\"https:\/\/www.minipak.net\/fr\/\",\"name\":\"MINIPAK - Sachet sample packaging\",\"description\":\"\",\"publisher\":{\"@id\":\"https:\/\/www.minipak.net\/fr\/#organization\"},\"potentialAction\":[{\"@type\":\"SearchAction\",\"target\":{\"@type\":\"EntryPoint\",\"urlTemplate\":\"https:\/\/www.minipak.net\/fr\/?s={search_term_string}\"},\"query-input\":{\"@type\":\"PropertyValueSpecification\",\"valueRequired\":true,\"valueName\":\"search_term_string\"}}],\"inLanguage\":\"fr-FR\"},{\"@type\":\"Organization\",\"@id\":\"https:\/\/www.minipak.net\/fr\/#organization\",\"name\":\"MINIPAK\",\"url\":\"https:\/\/www.minipak.net\/fr\/\",\"logo\":{\"@type\":\"ImageObject\",\"inLanguage\":\"fr-FR\",\"@id\":\"https:\/\/www.minipak.net\/fr\/#\/schema\/logo\/image\/\",\"url\":\"https:\/\/www.minipak.net\/wp-content\/uploads\/2022\/12\/logo_minipak.svg\",\"contentUrl\":\"https:\/\/www.minipak.net\/wp-content\/uploads\/2022\/12\/logo_minipak.svg\",\"width\":119,\"height\":32,\"caption\":\"MINIPAK\"},\"image\":{\"@id\":\"https:\/\/www.minipak.net\/fr\/#\/schema\/logo\/image\/\"}}]}<\/script>\n<!-- \/ Yoast SEO plugin. -->","yoast_head_json":{"title":"Impressum - minipak","robots":{"index":"index","follow":"follow","max-snippet":"max-snippet:-1","max-image-preview":"max-image-preview:large","max-video-preview":"max-video-preview:-1"},"canonical":"https:\/\/www.minipak.net\/fr\/impressum\/","og_locale":"fr_FR","og_type":"article","og_title":"Impressum - minipak","og_url":"https:\/\/www.minipak.net\/fr\/impressum\/","og_site_name":"minipak","article_modified_time":"2024-05-16T16:25:44+00:00","twitter_card":"summary_large_image","twitter_misc":{"Dur\u00e9e de lecture estim\u00e9e":"2 minutes"},"schema":{"@context":"https:\/\/schema.org","@graph":[{"@type":"WebPage","@id":"https:\/\/www.minipak.net\/fr\/impressum\/","url":"https:\/\/www.minipak.net\/fr\/impressum\/","name":"Impressum - minipak","isPartOf":{"@id":"https:\/\/www.minipak.net\/fr\/#website"},"datePublished":"2023-02-04T22:11:27+00:00","dateModified":"2024-05-16T16:25:44+00:00","breadcrumb":{"@id":"https:\/\/www.minipak.net\/fr\/impressum\/#breadcrumb"},"inLanguage":"fr-FR","potentialAction":[{"@type":"ReadAction","target":["https:\/\/www.minipak.net\/fr\/impressum\/"]}]},{"@type":"BreadcrumbList","@id":"https:\/\/www.minipak.net\/fr\/impressum\/#breadcrumb","itemListElement":[{"@type":"ListItem","position":1,"name":"Domovsk\u00e1 str\u00e1nka","item":"https:\/\/www.minipak.net\/fr\/"},{"@type":"ListItem","position":2,"name":"Impressum"}]},{"@type":"WebSite","@id":"https:\/\/www.minipak.net\/fr\/#website","url":"https:\/\/www.minipak.net\/fr\/","name":"MINIPAK - Sachet sample packaging","description":"","publisher":{"@id":"https:\/\/www.minipak.net\/fr\/#organization"},"potentialAction":[{"@type":"SearchAction","target":{"@type":"EntryPoint","urlTemplate":"https:\/\/www.minipak.net\/fr\/?s={search_term_string}"},"query-input":{"@type":"PropertyValueSpecification","valueRequired":true,"valueName":"search_term_string"}}],"inLanguage":"fr-FR"},{"@type":"Organization","@id":"https:\/\/www.minipak.net\/fr\/#organization","name":"MINIPAK","url":"https:\/\/www.minipak.net\/fr\/","logo":{"@type":"ImageObject","inLanguage":"fr-FR","@id":"https:\/\/www.minipak.net\/fr\/#\/schema\/logo\/image\/","url":"https:\/\/www.minipak.net\/wp-content\/uploads\/2022\/12\/logo_minipak.svg","contentUrl":"https:\/\/www.minipak.net\/wp-content\/uploads\/2022\/12\/logo_minipak.svg","width":119,"height":32,"caption":"MINIPAK"},"image":{"@id":"https:\/\/www.minipak.net\/fr\/#\/schema\/logo\/image\/"}}]}},"_links":{"self":[{"href":"https:\/\/www.minipak.net\/fr\/wp-json\/wp\/v2\/pages\/2053","targetHints":{"allow":["GET"]}}],"collection":[{"href":"https:\/\/www.minipak.net\/fr\/wp-json\/wp\/v2\/pages"}],"about":[{"href":"https:\/\/www.minipak.net\/fr\/wp-json\/wp\/v2\/types\/page"}],"author":[{"embeddable":true,"href":"https:\/\/www.minipak.net\/fr\/wp-json\/wp\/v2\/users\/1"}],"replies":[{"embeddable":true,"href":"https:\/\/www.minipak.net\/fr\/wp-json\/wp\/v2\/comments?post=2053"}],"version-history":[{"count":2,"href":"https:\/\/www.minipak.net\/fr\/wp-json\/wp\/v2\/pages\/2053\/revisions"}],"predecessor-version":[{"id":2453,"href":"https:\/\/www.minipak.net\/fr\/wp-json\/wp\/v2\/pages\/2053\/revisions\/2453"}],"wp:attachment":[{"href":"https:\/\/www.minipak.net\/fr\/wp-json\/wp\/v2\/media?parent=2053"}],"curies":[{"name":"wp","href":"https:\/\/api.w.org\/{rel}","templated":true}]}}