{"id":2029,"date":"2023-06-24T15:32:57","date_gmt":"2023-06-24T15:32:57","guid":{"rendered":"https:\/\/www.minipak.net\/recyclable-sachet\/"},"modified":"2025-11-12T12:07:46","modified_gmt":"2025-11-12T12:07:46","slug":"sachet-d-emballage-recyclable","status":"publish","type":"page","link":"https:\/\/www.minipak.net\/fr\/sachet-d-emballage-recyclable\/","title":{"rendered":"Sachet recyclable Sampless\u2122"},"content":{"rendered":"<section class=\"l-section wpb_row us_custom_e5142fcc height_medium\"><div class=\"l-section-h i-cf\"><div class=\"g-cols vc_row via_grid cols_2 laptops-cols_inherit tablets-cols_inherit mobiles-cols_1 valign_top type_default stacking_default\"><div class=\"wpb_column vc_column_container\"><div class=\"vc_column-inner\"><div class=\"w-slider pak_gallery style_none fit_cover\"><div class=\"w-slider-h\"><div class=\"royalSlider\"><div class=\"rsContent\"><a class=\"rsImg\" data-rsw=\"1000\" data-rsh=\"667\" href=\"https:\/\/www.minipak.net\/wp-content\/uploads\/2023\/10\/1-eco-sachets.png\"><span data-alt=\"Sachets recyclables de minipak.\"><\/span><\/a><\/div><\/div><img decoding=\"async\" src=\"https:\/\/www.minipak.net\/wp-content\/uploads\/2023\/10\/1-eco-sachets.png\" width=\"1000\" height=\"667\" alt=\"Sachets recyclables de minipak.\" loading=\"lazy\"><\/div><div class=\"w-slider-json\" onclick='return {&quot;loop&quot;:true,&quot;fadeInLoadedSlide&quot;:false,&quot;slidesSpacing&quot;:0,&quot;imageScalePadding&quot;:0,&quot;numImagesToPreload&quot;:2,&quot;arrowsNav&quot;:false,&quot;arrowsNavAutoHide&quot;:false,&quot;transitionType&quot;:&quot;move&quot;,&quot;transitionSpeed&quot;:250,&quot;block&quot;:{&quot;moveEffect&quot;:&quot;none&quot;,&quot;speed&quot;:300},&quot;controlNavigation&quot;:&quot;none&quot;,&quot;imageScaleMode&quot;:&quot;fill&quot;,&quot;autoScaleSlider&quot;:true,&quot;autoScaleSliderWidth&quot;:1000,&quot;autoScaleSliderHeight&quot;:667,&quot;fitInViewport&quot;:false}'><\/div><\/div><\/div><\/div><div class=\"wpb_column vc_column_container us_custom_6c87170b faq just\"><div class=\"vc_column-inner\"><div class=\"wpb_text_column us_custom_2bddcc3c has_text_color\"><div class=\"wpb_wrapper\"><h1>Sachet recyclable Sampless\u2122<\/h1>\n<\/div><\/div><div class=\"w-hwrapper us_custom_1b04de86 align_none valign_top\" style=\"--hwrapper-gap:1.20rem\"><div class=\"w-iconbox hide_on_tablets hide_on_mobiles iconpos_top style_default color_primary align_center no_title no_text\"><div class=\"w-iconbox-icon\" style=\"font-size:1.5rem;\"><i class=\"far fa-lightbulb\"><\/i><\/div><div class=\"w-iconbox-meta\"><\/div><\/div><div class=\"wpb_text_column hide_on_tablets hide_on_mobiles\"><div class=\"wpb_wrapper\"><p><strong>MOQ:<\/strong> 5 000 pi\u00e8ces<\/p>\n<\/div><\/div><div class=\"wpb_text_column us_custom_a833bf3c hide_on_tablets hide_on_mobiles\"><div class=\"wpb_wrapper\"><p><strong>Volume de remplissage:<\/strong> 0,5 &#8211; 15 ml<\/p>\n<\/div><\/div><div class=\"wpb_text_column hide_on_tablets hide_on_mobiles\"><div class=\"wpb_wrapper\"><p><strong>Vernis<\/strong>: brillant ou mat<\/p>\n<\/div><\/div><\/div><div class=\"wpb_text_column us_custom_cc260cac has_text_color hide_on_tablets hide_on_mobiles\"><div class=\"wpb_wrapper\"><p>\u00cates-vous \u00e0 la recherche de <a href=\"https:\/\/www.minipak.net\/fr\/\">sachet d&#8217;emballage<\/a> \u00e9co-responsable pour vos \u00e9chantillons de produits cosm\u00e9tiques ou vos produits \u00e0 usage unique ? Nos sachets recyclables en polypropyl\u00e8ne (PP) mono-mat\u00e9riau sont alors la meilleure option pour vous.<\/p>\n<p>Nous sous-traitons, remplissons et emballons divers produits cosm\u00e9tiques et alimentaires, des liquides et cr\u00e8mes aux poudres et produits solides (g\u00e9lules, sachets de nicotine et autres).<\/p>\n<p>Nous proposons la vente des sachets \u00e0 partir de 5 000 unit\u00e9s, avec un volume de remplissage de 0,5 ml \u00e0 15 ml ou g par sachet, et une impression pr\u00e9cise de la surface du sachet, brillante ou mate.<\/p>\n<\/div><\/div><div class=\"wpb_text_column us_custom_cc260cac has_text_color hide_on_default hide_on_laptops\"><div class=\"wpb_wrapper\"><p>\u00cates-vous \u00e0 la recherche de <a href=\"https:\/\/www.minipak.net\/fr\/\">sachet d&#8217;emballage<\/a> \u00e9co-responsable pour vos \u00e9chantillons de produits cosm\u00e9tiques ou vos produits \u00e0 usage unique ? Nos sachets recyclables en polypropyl\u00e8ne (PP) mono-mat\u00e9riau sont alors la meilleure option pour vous.<\/p>\n<p>Nous sous-traitons, remplissons et emballons divers produits cosm\u00e9tiques et alimentaires, des liquides et cr\u00e8mes aux poudres et produits solides (g\u00e9lules, sachets de nicotine et autres).<\/p>\n<p>Nous proposons la vente des sachets \u00e0 partir de 5 000 unit\u00e9s, avec un volume de remplissage de 0,5 ml \u00e0 15 ml ou g par sachet, et une impression pr\u00e9cise de la surface du sachet, brillante ou mate.<\/p>\n<\/div><\/div><div class=\"w-hwrapper us_custom_9de1e360 btn_streching align_none valign_top wrap\" style=\"--hwrapper-gap:13px\"><div class=\"w-btn-wrapper align_none\"><a class=\"w-btn us-btn-style_1 us_custom_d4f3a8e0 open_form us_animate_this icon_atright\" href=\"#form\"><span class=\"w-btn-label\">Contactez-nous<\/span><i class=\"fas fa-chevron-right\"><\/i><\/a><\/div><\/div><\/div><\/div><\/div><\/div><\/section><section class=\"l-section wpb_row us_custom_e8bf21ea three_section height_medium\"><div class=\"l-section-h i-cf\"><div class=\"g-cols vc_row via_grid cols_3 laptops-cols_inherit tablets-cols_inherit mobiles-cols_1 valign_top type_default stacking_default\" style=\"grid-gap:13px;\"><div class=\"wpb_column vc_column_container\"><div class=\"vc_column-inner\"><div class=\"w-hwrapper align_none valign_top\" style=\"--hwrapper-gap:13px\"><div class=\"w-image us_custom_3ef3ea6e align_none\"><div class=\"w-image-h\"><img decoding=\"async\" src=\"https:\/\/www.minipak.net\/wp-content\/uploads\/2023\/10\/menej-odpadu.svg\" class=\"attachment-full size-full\" alt=\"\" \/><\/div><\/div><div class=\"w-vwrapper align_none valign_top\" style=\"--vwrapper-gap:8px\"><div class=\"wpb_text_column us_custom_767709ed has_text_color\"><div class=\"wpb_wrapper\"><p>Moins de d\u00e9chets<\/p>\n<\/div><\/div><div class=\"wpb_text_column us_custom_ec60cf73 has_text_color\"><div class=\"wpb_wrapper\"><p>Notre sachet d\u2019emballage, durable et \u00e9cologique, est compos\u00e9 d&rsquo;un film d&rsquo;aluminium con\u00e7u pour \u00eatre recycl\u00e9, ce qui permet de contribuer \u00e0 l&rsquo;\u00e9conomie circulaire.<\/p>\n<\/div><\/div><\/div><\/div><\/div><\/div><div class=\"wpb_column vc_column_container\"><div class=\"vc_column-inner\"><div class=\"w-hwrapper align_none valign_top\" style=\"--hwrapper-gap:13px\"><div class=\"w-image us_custom_3ef3ea6e align_none\"><div class=\"w-image-h\"><img decoding=\"async\" src=\"https:\/\/www.minipak.net\/wp-content\/uploads\/2023\/10\/uhlikova-stopa.svg\" class=\"attachment-full size-full\" alt=\"\" \/><\/div><\/div><div class=\"w-vwrapper align_none valign_top\" style=\"--vwrapper-gap:8px\"><div class=\"wpb_text_column us_custom_767709ed has_text_color\"><div class=\"wpb_wrapper\"><p>Moins de carbone<\/p>\n<\/div><\/div><div class=\"wpb_text_column us_custom_ec60cf73 has_text_color\"><div class=\"wpb_wrapper\"><p>Compar\u00e9 aux films multicouches conventionnels utilis\u00e9s dans l&rsquo;industrie cosm\u00e9tique, le processus de fabrication de la feuille de polypropyl\u00e8ne \u00e9met moins de CO2.<\/p>\n<\/div><\/div><\/div><\/div><\/div><\/div><div class=\"wpb_column vc_column_container\"><div class=\"vc_column-inner\"><div class=\"w-hwrapper align_none valign_top\" style=\"--hwrapper-gap:13px\"><div class=\"w-image us_custom_3ef3ea6e align_none\"><div class=\"w-image-h\"><img decoding=\"async\" src=\"https:\/\/www.minipak.net\/wp-content\/uploads\/2023\/10\/menej-obalu.svg\" class=\"attachment-full size-full\" alt=\"\" \/><\/div><\/div><div class=\"w-vwrapper align_none valign_top\" style=\"--vwrapper-gap:8px\"><div class=\"wpb_text_column us_custom_767709ed has_text_color\"><div class=\"wpb_wrapper\"><p>Moins de films<\/p>\n<\/div><\/div><div class=\"wpb_text_column us_custom_ec60cf73 has_text_color\"><div class=\"wpb_wrapper\"><p>Le sachet Sampless\u2122 est environ 20 % plus l\u00e9ger qu&rsquo;un sachet standard fabriqu\u00e9 \u00e0 partir de film d\u2019aluminium.<\/p>\n<\/div><\/div><\/div><\/div><\/div><\/div><\/div><\/div><\/section><section class=\"l-section wpb_row us_custom_d5884244 height_medium\"><div class=\"l-section-h i-cf\"><div class=\"g-cols vc_row via_grid cols_2 laptops-cols_inherit tablets-cols_inherit mobiles-cols_1 valign_middle type_default stacking_default\"><div class=\"wpb_column vc_column_container us_custom_34da2785\"><div class=\"vc_column-inner\"><div class=\"g-cols wpb_row us_custom_29c2b99a via_grid cols_1 laptops-cols_inherit tablets-cols_inherit mobiles-cols_1 valign_middle type_default stacking_default\"><div class=\"wpb_column vc_column_container\"><div class=\"vc_column-inner\"><div class=\"wpb_text_column us_custom_be37e48e has_text_color\"><div class=\"wpb_wrapper\"><h2 class=\"p1\">Vous recherchez une solution personnalis\u00e9e?<\/h2>\n<\/div><\/div><div class=\"wpb_text_column us_custom_6cd7f7a0 has_text_color\"><div class=\"wpb_wrapper\"><p class=\"p1\">Nous pouvons am\u00e9liorer l&rsquo;exp\u00e9rience de vos clients en fixant les sachets sur des cartes imprim\u00e9es ou en les emballant dans des bo\u00eetes d\u00e9couvertes ou de vente au d\u00e9tail.<\/p>\n<\/div><\/div><div class=\"w-btn-wrapper align_left\"><a class=\"w-btn us-btn-style_7 us_custom_59f8a9dd has_text_color\" title=\"Aluminum-based sachet\" href=\"https:\/\/www.minipak.net\/fr\/contactez-nous\/\"><span class=\"w-btn-label\">Contactez-nous<\/span><\/a><\/div><\/div><\/div><\/div><\/div><\/div><div class=\"wpb_column vc_column_container us_custom_ae7301c9\"><div class=\"vc_column-inner\"><div class=\"w-image us_custom_45e749fe img_100 align_center\"><div class=\"w-image-h\"><img loading=\"lazy\" decoding=\"async\" width=\"1000\" height=\"645\" src=\"https:\/\/www.minipak.net\/wp-content\/uploads\/2024\/10\/Discovery-box-with-sachet-1-png.webp\" class=\"attachment-full size-full\" alt=\"\" \/><\/div><\/div><\/div><\/div><\/div><\/div><\/section><section class=\"l-section wpb_row us_custom_24088483 faq height_medium\"><div class=\"l-section-h i-cf\"><div class=\"g-cols vc_row via_grid cols_1-2 laptops-cols_inherit tablets-cols_inherit mobiles-cols_1 valign_top type_default stacking_default\"><div class=\"wpb_column vc_column_container\"><div class=\"vc_column-inner\"><div class=\"wpb_text_column us_custom_7c272b90 has_text_color\"><div class=\"wpb_wrapper\"><h2>Questions fr\u00e9quemment pos\u00e9es<\/h2>\n<\/div><\/div><div class=\"wpb_text_column us_custom_2126d6d1 has_text_color\"><div class=\"wpb_wrapper\"><p>Vous ne trouvez pas la r\u00e9ponse que vous cherchez ? <a href=\"mailto:info@minipak.net\">info@minipak.net<\/a>.<\/p>\n<\/div><\/div><div class=\"w-btn-wrapper align_none\"><a class=\"w-btn us-btn-style_4 icon_atright\" title=\"ot\u00e1zky a odpovede\" href=\"\/fr\/faq\/\"><span class=\"w-btn-label\">Voir toutes les FAQ<\/span><i class=\"fas fa-arrow-right\"><\/i><\/a><\/div><\/div><\/div><div class=\"wpb_column vc_column_container\"><div class=\"vc_column-inner\"><div class=\"w-tabs style_default switch_click accordion\" style=\"--sections-title-size:inherit\"><div class=\"w-tabs-sections titles-align_none icon_chevron cpos_right\"><div class=\"w-tabs-section\" id=\"cbe9\"><button class=\"w-tabs-section-header\" aria-controls=\"content-cbe9\" aria-expanded=\"false\"><div class=\"w-tabs-section-title\">Quel est le processus de fabrication des sachets d&#8217;emballage ?<\/div><div class=\"w-tabs-section-control\"><\/div><\/button><div  class=\"w-tabs-section-content\" id=\"content-cbe9\"><div class=\"w-tabs-section-content-h i-cf\"><div class=\"wpb_text_column us_custom_687a0b20 has_text_color\"><div class=\"wpb_wrapper\"><ol>\n<li>Utilisez notre calculateur de prix interactif ou contactez-nous et faites-nous part de votre projet d&#8217;emballage.<\/li>\n<li>Nous vous ferons une offre pr\u00e9alable pour l&#8217;emballage de votre \u00e9chantillon de produit cosm\u00e9tique.<\/li>\n<li>Si vous \u00eates satisfaits, nous vous demanderons de nous fournir votre\/vos dessin(s) vectoriel(s) final(aux), et nous pourrons vous proposer un\/des \u00e9chantillon(s) de produit de 50 ml afin de v\u00e9rifier la viscosit\u00e9 de votre produit. Nous vous soumettrons ensuite une offre finale sans engagement.<\/li>\n<li>Par la suite, nous vous adresserons une facture pro forma pour couvrir les frais d&rsquo;installation et d&rsquo;impression des sachets d\u2019emballage. Une fois la facture r\u00e9gl\u00e9e, nous passerons commande aupr\u00e8s de l&rsquo;une de nos imprimeries partenaires de renom.<\/li>\n<li>Avant l&rsquo;impression, vous recevrez une version finale du PDF pour votre validation. Si vous le souhaitez, nous pouvons \u00e9galement vous fournir une version papier.<\/li>\n<li>Nous attendons ensuite que vos produits soient livr\u00e9s en gros dans nos locaux, ou nous nous chargeons de l&rsquo;exp\u00e9dition pour vous.<\/li>\n<li>Une fois que vos produits sont livr\u00e9s chez nous, nous produisons, remplissons et emballons votre produit de mani\u00e8re optimale dans nos sachets d&#8217;emballage.<br \/>\nNous proposons \u00e9galement des services suppl\u00e9mentaires tels que l&#8217;emballage en vrac des sachets produits ou la possibilit\u00e9 d&rsquo;apposer vos sachets sur des cartes imprim\u00e9es.<\/li>\n<li>Apr\u00e8s la production, nous nous chargeons de l&rsquo;exp\u00e9dition de votre commande ou, si vous le pr\u00e9f\u00e9rez, nous vous communiquons les informations relatives \u00e0 celle-ci afin que vous puissiez vous en charger vous-m\u00eame.<\/li>\n<\/ol>\n<\/div><\/div><\/div><\/div><\/div><div class=\"w-tabs-section\" id=\"xda4\"><button class=\"w-tabs-section-header\" aria-controls=\"content-xda4\" aria-expanded=\"false\"><div class=\"w-tabs-section-title\">Combien de temps faut-il pour produire des sachets d&#8217;emballage ?<\/div><div class=\"w-tabs-section-control\"><\/div><\/button><div  class=\"w-tabs-section-content\" id=\"content-xda4\"><div class=\"w-tabs-section-content-h i-cf\"><div class=\"wpb_text_column us_custom_687a0b20 has_text_color\"><div class=\"wpb_wrapper\"><p>Sur la base actuelle de nos capacit\u00e9s de production de sachets d&#8217;emballage, notre d\u00e9lai de fabrication standard pour les commandes standard est de 5 \u00e0 8 semaines \u00e0 compter du paiement de l&rsquo;acompte, de la validation finale du design et de la livraison de l&rsquo;ensemble des produits.<\/p>\n<p>Pour les commandes allant jusqu&rsquo;\u00e0 100 000 sachets, nous pouvons proposer une production express avec un d\u00e9lai de 4 \u00e0 5 semaines.<\/p>\n<\/div><\/div><\/div><\/div><\/div><div class=\"w-tabs-section\" id=\"of3f\"><button class=\"w-tabs-section-header\" aria-controls=\"content-of3f\" aria-expanded=\"false\"><div class=\"w-tabs-section-title\">Proposez-vous \u00e9galement des sachets \u00e9cologiques ?<\/div><div class=\"w-tabs-section-control\"><\/div><\/button><div  class=\"w-tabs-section-content\" id=\"content-of3f\"><div class=\"w-tabs-section-content-h i-cf\"><div class=\"wpb_text_column us_custom_687a0b20 has_text_color\"><div class=\"wpb_wrapper\"><p>Oui, nous proposons une version certifi\u00e9e pour le recyclage des sachets fabriqu\u00e9s en polypropyl\u00e8ne mono-mat\u00e9riau. Pour plus d&rsquo;informations, veuillez consulter la page relative \u00e0 notre sachet Sampless\u2122.<\/p>\n<\/div><\/div><\/div><\/div><\/div><div class=\"w-tabs-section\" id=\"e0e7\"><button class=\"w-tabs-section-header\" aria-controls=\"content-e0e7\" aria-expanded=\"false\"><div class=\"w-tabs-section-title\">Combien co\u00fbte votre service pour les sachets d&#8217;emballage ?<\/div><div class=\"w-tabs-section-control\"><\/div><\/button><div  class=\"w-tabs-section-content\" id=\"content-e0e7\"><div class=\"w-tabs-section-content-h i-cf\"><div class=\"wpb_text_column us_custom_687a0b20 has_text_color\"><div class=\"wpb_wrapper\"><p>Pour avoir une meilleure id\u00e9e de notre fourchette de prix, veuillez tester notre calculateur de prix interactif.<\/p>\n<p>Si notre calculateur ne convient pas aux particularit\u00e9s de votre projet, <a href=\"\/fr\/contact\/\">contactez-nous<\/a> et nous vous soumettrons une offre personnalis\u00e9e dans un d\u00e9lai de 1 \u00e0 2 jours ouvrables.<\/p>\n<\/div><\/div><\/div><\/div><\/div><div class=\"w-tabs-section\" id=\"l279\"><button class=\"w-tabs-section-header\" aria-controls=\"content-l279\" aria-expanded=\"false\"><div class=\"w-tabs-section-title\">Quelle est la quantit\u00e9 minimale \u00e0 commander ?<\/div><div class=\"w-tabs-section-control\"><\/div><\/button><div  class=\"w-tabs-section-content\" id=\"content-l279\"><div class=\"w-tabs-section-content-h i-cf\"><div class=\"wpb_text_column us_custom_687a0b20 has_text_color\"><div class=\"wpb_wrapper\"><p>La quantit\u00e9 minimale de commande est de 5 000 sachets par produit en vrac ou par mod\u00e8le.<\/p>\n<\/div><\/div><\/div><\/div><\/div><\/div><\/div><\/div><\/div><\/div><\/div><\/section>\n","protected":false},"excerpt":{"rendered":"Sachet recyclable Sampless\u2122 MOQ: 5 000 pi\u00e8ces Volume de remplissage: 0,5 &#8211; 15 ml Vernis: brillant ou mat \u00cates-vous \u00e0 la recherche de sachet d&#8217;emballage \u00e9co-responsable pour vos \u00e9chantillons de produits cosm\u00e9tiques ou vos produits \u00e0 usage unique ? Nos sachets recyclables en polypropyl\u00e8ne (PP) mono-mat\u00e9riau sont alors la meilleure option pour vous. Nous sous-traitons,...","protected":false},"author":1,"featured_media":0,"parent":0,"menu_order":0,"comment_status":"closed","ping_status":"closed","template":"","meta":{"inline_featured_image":false,"footnotes":""},"class_list":["post-2029","page","type-page","status-publish","hentry"],"acf":[],"yoast_head":"<!-- This site is optimized with the Yoast SEO plugin v23.5 - https:\/\/yoast.com\/wordpress\/plugins\/seo\/ -->\n<title>Des sachets d&#039;emballage recyclables | MINIPAK<\/title>\n<meta name=\"description\" content=\"Nous pouvons emballer vos produits dans des sachets recyclables conformes aux exigences de l&#039;environnement afin de fournir une solution durable d&#039;emballage d&#039;\u00e9chantillons cosm\u00e9tiques, contribuant ainsi \u00e0 l&#039;\u00e9conomie circulaire.\" \/>\n<meta name=\"robots\" content=\"index, follow, max-snippet:-1, max-image-preview:large, max-video-preview:-1\" \/>\n<link rel=\"canonical\" href=\"https:\/\/www.minipak.net\/fr\/sachet-d-emballage-recyclable\/\" \/>\n<meta property=\"og:locale\" content=\"fr_FR\" \/>\n<meta property=\"og:type\" content=\"article\" \/>\n<meta property=\"og:title\" content=\"Des sachets d&#039;emballage recyclables | MINIPAK\" \/>\n<meta property=\"og:description\" content=\"Nous pouvons emballer vos produits dans des sachets recyclables conformes aux exigences de l&#039;environnement afin de fournir une solution durable d&#039;emballage d&#039;\u00e9chantillons cosm\u00e9tiques, contribuant ainsi \u00e0 l&#039;\u00e9conomie circulaire.\" \/>\n<meta property=\"og:url\" content=\"https:\/\/www.minipak.net\/fr\/sachet-d-emballage-recyclable\/\" \/>\n<meta property=\"og:site_name\" content=\"minipak\" \/>\n<meta property=\"article:modified_time\" content=\"2025-11-12T12:07:46+00:00\" \/>\n<meta name=\"twitter:card\" content=\"summary_large_image\" \/>\n<meta name=\"twitter:label1\" content=\"Dur\u00e9e de lecture estim\u00e9e\" \/>\n\t<meta name=\"twitter:data1\" content=\"6 minutes\" \/>\n<script type=\"application\/ld+json\" class=\"yoast-schema-graph\">{\"@context\":\"https:\/\/schema.org\",\"@graph\":[{\"@type\":\"WebPage\",\"@id\":\"https:\/\/www.minipak.net\/fr\/sachet-d-emballage-recyclable\/\",\"url\":\"https:\/\/www.minipak.net\/fr\/sachet-d-emballage-recyclable\/\",\"name\":\"Des sachets d'emballage recyclables | MINIPAK\",\"isPartOf\":{\"@id\":\"https:\/\/www.minipak.net\/fr\/#website\"},\"datePublished\":\"2023-06-24T15:32:57+00:00\",\"dateModified\":\"2025-11-12T12:07:46+00:00\",\"description\":\"Nous pouvons emballer vos produits dans des sachets recyclables conformes aux exigences de l'environnement afin de fournir une solution durable d'emballage d'\u00e9chantillons cosm\u00e9tiques, contribuant ainsi \u00e0 l'\u00e9conomie circulaire.\",\"breadcrumb\":{\"@id\":\"https:\/\/www.minipak.net\/fr\/sachet-d-emballage-recyclable\/#breadcrumb\"},\"inLanguage\":\"fr-FR\",\"potentialAction\":[{\"@type\":\"ReadAction\",\"target\":[\"https:\/\/www.minipak.net\/fr\/sachet-d-emballage-recyclable\/\"]}]},{\"@type\":\"BreadcrumbList\",\"@id\":\"https:\/\/www.minipak.net\/fr\/sachet-d-emballage-recyclable\/#breadcrumb\",\"itemListElement\":[{\"@type\":\"ListItem\",\"position\":1,\"name\":\"Domovsk\u00e1 str\u00e1nka\",\"item\":\"https:\/\/www.minipak.net\/fr\/\"},{\"@type\":\"ListItem\",\"position\":2,\"name\":\"Sachet recyclable Sampless\u2122\"}]},{\"@type\":\"WebSite\",\"@id\":\"https:\/\/www.minipak.net\/fr\/#website\",\"url\":\"https:\/\/www.minipak.net\/fr\/\",\"name\":\"MINIPAK - Sachet sample packaging\",\"description\":\"\",\"publisher\":{\"@id\":\"https:\/\/www.minipak.net\/fr\/#organization\"},\"potentialAction\":[{\"@type\":\"SearchAction\",\"target\":{\"@type\":\"EntryPoint\",\"urlTemplate\":\"https:\/\/www.minipak.net\/fr\/?s={search_term_string}\"},\"query-input\":{\"@type\":\"PropertyValueSpecification\",\"valueRequired\":true,\"valueName\":\"search_term_string\"}}],\"inLanguage\":\"fr-FR\"},{\"@type\":\"Organization\",\"@id\":\"https:\/\/www.minipak.net\/fr\/#organization\",\"name\":\"MINIPAK\",\"url\":\"https:\/\/www.minipak.net\/fr\/\",\"logo\":{\"@type\":\"ImageObject\",\"inLanguage\":\"fr-FR\",\"@id\":\"https:\/\/www.minipak.net\/fr\/#\/schema\/logo\/image\/\",\"url\":\"https:\/\/www.minipak.net\/wp-content\/uploads\/2022\/12\/logo_minipak.svg\",\"contentUrl\":\"https:\/\/www.minipak.net\/wp-content\/uploads\/2022\/12\/logo_minipak.svg\",\"width\":119,\"height\":32,\"caption\":\"MINIPAK\"},\"image\":{\"@id\":\"https:\/\/www.minipak.net\/fr\/#\/schema\/logo\/image\/\"}}]}<\/script>\n<!-- \/ Yoast SEO plugin. -->","yoast_head_json":{"title":"Des sachets d'emballage recyclables | MINIPAK","description":"Nous pouvons emballer vos produits dans des sachets recyclables conformes aux exigences de l'environnement afin de fournir une solution durable d'emballage d'\u00e9chantillons cosm\u00e9tiques, contribuant ainsi \u00e0 l'\u00e9conomie circulaire.","robots":{"index":"index","follow":"follow","max-snippet":"max-snippet:-1","max-image-preview":"max-image-preview:large","max-video-preview":"max-video-preview:-1"},"canonical":"https:\/\/www.minipak.net\/fr\/sachet-d-emballage-recyclable\/","og_locale":"fr_FR","og_type":"article","og_title":"Des sachets d'emballage recyclables | MINIPAK","og_description":"Nous pouvons emballer vos produits dans des sachets recyclables conformes aux exigences de l'environnement afin de fournir une solution durable d'emballage d'\u00e9chantillons cosm\u00e9tiques, contribuant ainsi \u00e0 l'\u00e9conomie circulaire.","og_url":"https:\/\/www.minipak.net\/fr\/sachet-d-emballage-recyclable\/","og_site_name":"minipak","article_modified_time":"2025-11-12T12:07:46+00:00","twitter_card":"summary_large_image","twitter_misc":{"Dur\u00e9e de lecture estim\u00e9e":"6 minutes"},"schema":{"@context":"https:\/\/schema.org","@graph":[{"@type":"WebPage","@id":"https:\/\/www.minipak.net\/fr\/sachet-d-emballage-recyclable\/","url":"https:\/\/www.minipak.net\/fr\/sachet-d-emballage-recyclable\/","name":"Des sachets d'emballage recyclables | MINIPAK","isPartOf":{"@id":"https:\/\/www.minipak.net\/fr\/#website"},"datePublished":"2023-06-24T15:32:57+00:00","dateModified":"2025-11-12T12:07:46+00:00","description":"Nous pouvons emballer vos produits dans des sachets recyclables conformes aux exigences de l'environnement afin de fournir une solution durable d'emballage d'\u00e9chantillons cosm\u00e9tiques, contribuant ainsi \u00e0 l'\u00e9conomie circulaire.","breadcrumb":{"@id":"https:\/\/www.minipak.net\/fr\/sachet-d-emballage-recyclable\/#breadcrumb"},"inLanguage":"fr-FR","potentialAction":[{"@type":"ReadAction","target":["https:\/\/www.minipak.net\/fr\/sachet-d-emballage-recyclable\/"]}]},{"@type":"BreadcrumbList","@id":"https:\/\/www.minipak.net\/fr\/sachet-d-emballage-recyclable\/#breadcrumb","itemListElement":[{"@type":"ListItem","position":1,"name":"Domovsk\u00e1 str\u00e1nka","item":"https:\/\/www.minipak.net\/fr\/"},{"@type":"ListItem","position":2,"name":"Sachet recyclable Sampless\u2122"}]},{"@type":"WebSite","@id":"https:\/\/www.minipak.net\/fr\/#website","url":"https:\/\/www.minipak.net\/fr\/","name":"MINIPAK - Sachet sample packaging","description":"","publisher":{"@id":"https:\/\/www.minipak.net\/fr\/#organization"},"potentialAction":[{"@type":"SearchAction","target":{"@type":"EntryPoint","urlTemplate":"https:\/\/www.minipak.net\/fr\/?s={search_term_string}"},"query-input":{"@type":"PropertyValueSpecification","valueRequired":true,"valueName":"search_term_string"}}],"inLanguage":"fr-FR"},{"@type":"Organization","@id":"https:\/\/www.minipak.net\/fr\/#organization","name":"MINIPAK","url":"https:\/\/www.minipak.net\/fr\/","logo":{"@type":"ImageObject","inLanguage":"fr-FR","@id":"https:\/\/www.minipak.net\/fr\/#\/schema\/logo\/image\/","url":"https:\/\/www.minipak.net\/wp-content\/uploads\/2022\/12\/logo_minipak.svg","contentUrl":"https:\/\/www.minipak.net\/wp-content\/uploads\/2022\/12\/logo_minipak.svg","width":119,"height":32,"caption":"MINIPAK"},"image":{"@id":"https:\/\/www.minipak.net\/fr\/#\/schema\/logo\/image\/"}}]}},"_links":{"self":[{"href":"https:\/\/www.minipak.net\/fr\/wp-json\/wp\/v2\/pages\/2029","targetHints":{"allow":["GET"]}}],"collection":[{"href":"https:\/\/www.minipak.net\/fr\/wp-json\/wp\/v2\/pages"}],"about":[{"href":"https:\/\/www.minipak.net\/fr\/wp-json\/wp\/v2\/types\/page"}],"author":[{"embeddable":true,"href":"https:\/\/www.minipak.net\/fr\/wp-json\/wp\/v2\/users\/1"}],"replies":[{"embeddable":true,"href":"https:\/\/www.minipak.net\/fr\/wp-json\/wp\/v2\/comments?post=2029"}],"version-history":[{"count":11,"href":"https:\/\/www.minipak.net\/fr\/wp-json\/wp\/v2\/pages\/2029\/revisions"}],"predecessor-version":[{"id":4779,"href":"https:\/\/www.minipak.net\/fr\/wp-json\/wp\/v2\/pages\/2029\/revisions\/4779"}],"wp:attachment":[{"href":"https:\/\/www.minipak.net\/fr\/wp-json\/wp\/v2\/media?parent=2029"}],"curies":[{"name":"wp","href":"https:\/\/api.w.org\/{rel}","templated":true}]}}