{"id":2096,"date":"2022-12-11T16:40:49","date_gmt":"2022-12-11T16:40:49","guid":{"rendered":"https:\/\/www.minipak.net\/about-us\/"},"modified":"2024-08-16T13:17:46","modified_gmt":"2024-08-16T13:17:46","slug":"ueber-uns","status":"publish","type":"page","link":"https:\/\/www.minipak.net\/de\/ueber-uns\/","title":{"rendered":"\u00dcber uns"},"content":{"rendered":"<section class=\"l-section wpb_row us_custom_7b5b03a5 height_medium\"><div class=\"l-section-h i-cf\"><div class=\"g-cols vc_row via_grid cols_2 laptops-cols_inherit tablets-cols_inherit mobiles-cols_1 valign_top type_default stacking_default\"><div class=\"wpb_column vc_column_container\"><div class=\"vc_column-inner\"><div class=\"wpb_text_column us_custom_2aa4ebcf has_text_color\"><div class=\"wpb_wrapper\"><h1>Unsere Geschichte<\/h1>\n<\/div><\/div><div class=\"wpb_text_column us_custom_6c80d76d has_text_color\"><div class=\"wpb_wrapper\"><p>Minipak ist ein 1992 gegr\u00fcndeter Sachet-Hersteller in Familienbesitz mit Sitz im Herzen Europas, in der Slowakei. Urspr\u00fcnglich produzierten wir unter eigenem Namen Sachets, die mit cremigen Lebensmitteln gef\u00fcllt waren.<\/p>\n<p>Im Jahr 2006 wurde das Unternehmen in eine Gesellschaft mit beschr\u00e4nkter Haftung umgewandelt, woraufhin sich das Gesch\u00e4ftsmodell allm\u00e4hlich auf Kosmetikproben-Verpackungen und Einzelportionsverpackungen f\u00fcr internationale Kunden verlagerte.<\/p>\n<p>Heute sind wir ein ISO-zertifizierter Sachet-Hersteller mit einem modernen Maschinenpark und jahrzehntelanger Erfahrung. Unser oberstes Ziel ist es, in einem sich schnell ver\u00e4ndernden Umfeld konstant erstklassige Dienstleistungen zu erbringen.<\/p>\n<\/div><\/div><\/div><\/div><div class=\"wpb_column vc_column_container\"><div class=\"vc_column-inner\"><\/div><\/div><\/div><\/div><\/section><section class=\"l-section wpb_row us_custom_b6a72ce1 height_medium width_full\"><div class=\"l-section-h i-cf\"><div class=\"g-cols vc_row via_grid cols_1 laptops-cols_inherit tablets-cols_inherit mobiles-cols_1 valign_top type_default stacking_default\"><div class=\"wpb_column vc_column_container\"><div class=\"vc_column-inner\"><div class=\"w-grid type_carousel layout_gallery_default cols_4\" id=\"us_grid_1\"><style>#us_grid_1 .w-grid-item{padding:6px}#us_grid_1 .w-grid-list{margin:-6px}.w-grid + #us_grid_1 .w-grid-list,.w-grid-none + #us_grid_1 .w-grid-list{margin-top:6px}.layout_gallery_default .w-grid-item-h{}<\/style><div class=\"w-grid-list owl-carousel navstyle_circle navpos_outside\">\t<article class=\"w-grid-item post-908 attachment type-attachment status-inherit hentry\" data-id=\"908\">\r\n\t\t<div class=\"w-grid-item-h\">\r\n\t\t\t\t\t\t<div class=\"w-post-elm post_image usg_post_image_1 stretched\"><img loading=\"lazy\" decoding=\"async\" width=\"350\" height=\"240\" src=\"https:\/\/www.minipak.net\/wp-content\/uploads\/2022\/12\/image-37-1.jpg\" class=\"attachment-us_600_600_crop size-us_600_600_crop\" alt=\"Beutelproduktion.\" srcset=\"https:\/\/www.minipak.net\/wp-content\/uploads\/2022\/12\/image-37-1.jpg 350w, https:\/\/www.minipak.net\/wp-content\/uploads\/2022\/12\/image-37-1-300x206.jpg 300w\" sizes=\"auto, (max-width: 350px) 100vw, 350px\" \/><\/div>\t\t<\/div>\r\n\t<\/article>\r\n\t<article class=\"w-grid-item post-907 attachment type-attachment status-inherit hentry\" data-id=\"907\">\r\n\t\t<div class=\"w-grid-item-h\">\r\n\t\t\t\t\t\t<div class=\"w-post-elm post_image usg_post_image_1 stretched\"><img loading=\"lazy\" decoding=\"async\" width=\"350\" height=\"240\" src=\"https:\/\/www.minipak.net\/wp-content\/uploads\/2022\/12\/image-36-2.jpg\" class=\"attachment-us_600_600_crop size-us_600_600_crop\" alt=\"Mitarbeiter bedient Beutelverpackungsmaschine.\" srcset=\"https:\/\/www.minipak.net\/wp-content\/uploads\/2022\/12\/image-36-2.jpg 350w, https:\/\/www.minipak.net\/wp-content\/uploads\/2022\/12\/image-36-2-300x206.jpg 300w\" sizes=\"auto, (max-width: 350px) 100vw, 350px\" \/><\/div>\t\t<\/div>\r\n\t<\/article>\r\n\t<article class=\"w-grid-item post-906 attachment type-attachment status-inherit hentry\" data-id=\"906\">\r\n\t\t<div class=\"w-grid-item-h\">\r\n\t\t\t\t\t\t<div class=\"w-post-elm post_image usg_post_image_1 stretched\"><img loading=\"lazy\" decoding=\"async\" width=\"350\" height=\"240\" src=\"https:\/\/www.minipak.net\/wp-content\/uploads\/2022\/12\/image-35-2.jpg\" class=\"attachment-us_600_600_crop size-us_600_600_crop\" alt=\"ISO 9001- und GMP-Dokumentation.\" srcset=\"https:\/\/www.minipak.net\/wp-content\/uploads\/2022\/12\/image-35-2.jpg 350w, https:\/\/www.minipak.net\/wp-content\/uploads\/2022\/12\/image-35-2-300x206.jpg 300w\" sizes=\"auto, (max-width: 350px) 100vw, 350px\" \/><\/div>\t\t<\/div>\r\n\t<\/article>\r\n\t<article class=\"w-grid-item post-905 attachment type-attachment status-inherit hentry\" data-id=\"905\">\r\n\t\t<div class=\"w-grid-item-h\">\r\n\t\t\t\t\t\t<div class=\"w-post-elm post_image usg_post_image_1 stretched\"><img loading=\"lazy\" decoding=\"async\" width=\"350\" height=\"240\" src=\"https:\/\/www.minipak.net\/wp-content\/uploads\/2022\/12\/image-34-3.jpg\" class=\"attachment-us_600_600_crop size-us_600_600_crop\" alt=\"Beutelabf\u00fcllung und -herstellung.\" srcset=\"https:\/\/www.minipak.net\/wp-content\/uploads\/2022\/12\/image-34-3.jpg 350w, https:\/\/www.minipak.net\/wp-content\/uploads\/2022\/12\/image-34-3-300x206.jpg 300w\" sizes=\"auto, (max-width: 350px) 100vw, 350px\" \/><\/div>\t\t<\/div>\r\n\t<\/article>\r\n<\/div><div class=\"g-preloader type_1\">\r\n\t<div><\/div>\r\n<\/div>\r\n\t<div class=\"w-grid-json hidden\" onclick='return {&quot;action&quot;:&quot;us_ajax_grid&quot;,&quot;ajax_url&quot;:&quot;https:\\\/\\\/www.minipak.net\\\/wp-admin\\\/admin-ajax.php&quot;,&quot;infinite_scroll&quot;:0,&quot;max_num_pages&quot;:1,&quot;pagination&quot;:&quot;none&quot;,&quot;permalink_url&quot;:&quot;https:\\\/\\\/www.minipak.net\\\/de\\\/wp-json\\\/wp\\\/v2\\\/pages\\\/2096\\\/&quot;,&quot;template_vars&quot;:{&quot;columns&quot;:&quot;4&quot;,&quot;exclude_items&quot;:&quot;none&quot;,&quot;img_size&quot;:&quot;default&quot;,&quot;ignore_items_size&quot;:0,&quot;items_layout&quot;:&quot;gallery_default&quot;,&quot;items_offset&quot;:&quot;1&quot;,&quot;load_animation&quot;:&quot;none&quot;,&quot;overriding_link&quot;:&quot;none&quot;,&quot;post_id&quot;:2096,&quot;query_args&quot;:{&quot;post_type&quot;:[&quot;attachment&quot;],&quot;post__in&quot;:[&quot;142&quot;,&quot;141&quot;,&quot;140&quot;,&quot;139&quot;],&quot;post_status&quot;:&quot;inherit&quot;,&quot;post_mime_type&quot;:&quot;image&quot;,&quot;posts_per_page&quot;:&quot;11&quot;},&quot;orderby_query_args&quot;:{&quot;orderby&quot;:{&quot;date&quot;:&quot;DESC&quot;}},&quot;type&quot;:&quot;carousel&quot;,&quot;us_grid_ajax_index&quot;:1,&quot;us_grid_filter_params&quot;:null,&quot;us_grid_index&quot;:1,&quot;_us_grid_post_type&quot;:&quot;attachment&quot;,&quot;lang&quot;:&quot;de&quot;},&quot;carousel_settings&quot;:{&quot;autoHeight&quot;:0,&quot;autoplay&quot;:0,&quot;carousel_fade&quot;:0,&quot;center&quot;:0,&quot;dots&quot;:0,&quot;items&quot;:&quot;4&quot;,&quot;loop&quot;:false,&quot;nav&quot;:0,&quot;slideby&quot;:&quot;1&quot;,&quot;smooth_play&quot;:0,&quot;speed&quot;:250,&quot;timeout&quot;:3000,&quot;transition&quot;:&quot;&quot;},&quot;carousel_breakpoints&quot;:{&quot;0&quot;:{&quot;autoHeight&quot;:0,&quot;autoplay&quot;:1,&quot;autoplayHoverPause&quot;:1,&quot;items&quot;:1,&quot;loop&quot;:true,&quot;stagePadding&quot;:0},&quot;600&quot;:{&quot;autoHeight&quot;:0,&quot;autoplay&quot;:1,&quot;autoplayHoverPause&quot;:1,&quot;items&quot;:2,&quot;loop&quot;:false,&quot;stagePadding&quot;:0},&quot;900&quot;:{&quot;autoHeight&quot;:0,&quot;autoplay&quot;:1,&quot;autoplayHoverPause&quot;:1,&quot;items&quot;:4,&quot;loop&quot;:false,&quot;stagePadding&quot;:0},&quot;1200&quot;:{&quot;items&quot;:4,&quot;stagePadding&quot;:0}}}'><\/div>\r\n\t<\/div><\/div><\/div><\/div><\/div><\/section>\n","protected":false},"excerpt":{"rendered":"","protected":false},"author":1,"featured_media":0,"parent":0,"menu_order":0,"comment_status":"closed","ping_status":"closed","template":"","meta":{"inline_featured_image":false,"footnotes":""},"class_list":["post-2096","page","type-page","status-publish","hentry"],"acf":[],"yoast_head":"<!-- This site is optimized with the Yoast SEO plugin v23.5 - https:\/\/yoast.com\/wordpress\/plugins\/seo\/ -->\n<title>\u00dcber uns | MINIPAK<\/title>\n<meta name=\"description\" content=\"Wir sind ein familiengef\u00fchrter Fertigungsbetrieb f\u00fcr Sachets mit Sitz in der Slowakei. Seit 1992 bieten wir erfolgreich erschwingliche, kundenorientierte Sachet-Abf\u00fcll- und Verpackungsdienstleistungen an.\" \/>\n<meta name=\"robots\" content=\"index, follow, max-snippet:-1, max-image-preview:large, max-video-preview:-1\" \/>\n<link rel=\"canonical\" href=\"https:\/\/www.minipak.net\/de\/ueber-uns\/\" \/>\n<meta property=\"og:locale\" content=\"de_DE\" \/>\n<meta property=\"og:type\" content=\"article\" \/>\n<meta property=\"og:title\" content=\"\u00dcber uns | MINIPAK\" \/>\n<meta property=\"og:description\" content=\"Wir sind ein familiengef\u00fchrter Fertigungsbetrieb f\u00fcr Sachets mit Sitz in der Slowakei. Seit 1992 bieten wir erfolgreich erschwingliche, kundenorientierte Sachet-Abf\u00fcll- und Verpackungsdienstleistungen an.\" \/>\n<meta property=\"og:url\" content=\"https:\/\/www.minipak.net\/de\/ueber-uns\/\" \/>\n<meta property=\"og:site_name\" content=\"minipak\" \/>\n<meta property=\"article:modified_time\" content=\"2024-08-16T13:17:46+00:00\" \/>\n<meta name=\"twitter:card\" content=\"summary_large_image\" \/>\n<meta name=\"twitter:label1\" content=\"Gesch\u00e4tzte Lesezeit\" \/>\n\t<meta name=\"twitter:data1\" content=\"4\u00a0Minuten\" \/>\n<script type=\"application\/ld+json\" class=\"yoast-schema-graph\">{\"@context\":\"https:\/\/schema.org\",\"@graph\":[{\"@type\":\"WebPage\",\"@id\":\"https:\/\/www.minipak.net\/de\/ueber-uns\/\",\"url\":\"https:\/\/www.minipak.net\/de\/ueber-uns\/\",\"name\":\"\u00dcber uns | MINIPAK\",\"isPartOf\":{\"@id\":\"https:\/\/www.minipak.net\/de\/#website\"},\"datePublished\":\"2022-12-11T16:40:49+00:00\",\"dateModified\":\"2024-08-16T13:17:46+00:00\",\"description\":\"Wir sind ein familiengef\u00fchrter Fertigungsbetrieb f\u00fcr Sachets mit Sitz in der Slowakei. Seit 1992 bieten wir erfolgreich erschwingliche, kundenorientierte Sachet-Abf\u00fcll- und Verpackungsdienstleistungen an.\",\"breadcrumb\":{\"@id\":\"https:\/\/www.minipak.net\/de\/ueber-uns\/#breadcrumb\"},\"inLanguage\":\"de\",\"potentialAction\":[{\"@type\":\"ReadAction\",\"target\":[\"https:\/\/www.minipak.net\/de\/ueber-uns\/\"]}]},{\"@type\":\"BreadcrumbList\",\"@id\":\"https:\/\/www.minipak.net\/de\/ueber-uns\/#breadcrumb\",\"itemListElement\":[{\"@type\":\"ListItem\",\"position\":1,\"name\":\"Domovsk\u00e1 str\u00e1nka\",\"item\":\"https:\/\/www.minipak.net\/de\/\"},{\"@type\":\"ListItem\",\"position\":2,\"name\":\"\u00dcber uns\"}]},{\"@type\":\"WebSite\",\"@id\":\"https:\/\/www.minipak.net\/de\/#website\",\"url\":\"https:\/\/www.minipak.net\/de\/\",\"name\":\"MINIPAK - Sachet sample packaging\",\"description\":\"\",\"publisher\":{\"@id\":\"https:\/\/www.minipak.net\/de\/#organization\"},\"potentialAction\":[{\"@type\":\"SearchAction\",\"target\":{\"@type\":\"EntryPoint\",\"urlTemplate\":\"https:\/\/www.minipak.net\/de\/?s={search_term_string}\"},\"query-input\":{\"@type\":\"PropertyValueSpecification\",\"valueRequired\":true,\"valueName\":\"search_term_string\"}}],\"inLanguage\":\"de\"},{\"@type\":\"Organization\",\"@id\":\"https:\/\/www.minipak.net\/de\/#organization\",\"name\":\"MINIPAK\",\"url\":\"https:\/\/www.minipak.net\/de\/\",\"logo\":{\"@type\":\"ImageObject\",\"inLanguage\":\"de\",\"@id\":\"https:\/\/www.minipak.net\/de\/#\/schema\/logo\/image\/\",\"url\":\"https:\/\/www.minipak.net\/wp-content\/uploads\/2022\/12\/logo_minipak.svg\",\"contentUrl\":\"https:\/\/www.minipak.net\/wp-content\/uploads\/2022\/12\/logo_minipak.svg\",\"width\":119,\"height\":32,\"caption\":\"MINIPAK\"},\"image\":{\"@id\":\"https:\/\/www.minipak.net\/de\/#\/schema\/logo\/image\/\"}}]}<\/script>\n<!-- \/ Yoast SEO plugin. -->","yoast_head_json":{"title":"\u00dcber uns | MINIPAK","description":"Wir sind ein familiengef\u00fchrter Fertigungsbetrieb f\u00fcr Sachets mit Sitz in der Slowakei. Seit 1992 bieten wir erfolgreich erschwingliche, kundenorientierte Sachet-Abf\u00fcll- und Verpackungsdienstleistungen an.","robots":{"index":"index","follow":"follow","max-snippet":"max-snippet:-1","max-image-preview":"max-image-preview:large","max-video-preview":"max-video-preview:-1"},"canonical":"https:\/\/www.minipak.net\/de\/ueber-uns\/","og_locale":"de_DE","og_type":"article","og_title":"\u00dcber uns | MINIPAK","og_description":"Wir sind ein familiengef\u00fchrter Fertigungsbetrieb f\u00fcr Sachets mit Sitz in der Slowakei. Seit 1992 bieten wir erfolgreich erschwingliche, kundenorientierte Sachet-Abf\u00fcll- und Verpackungsdienstleistungen an.","og_url":"https:\/\/www.minipak.net\/de\/ueber-uns\/","og_site_name":"minipak","article_modified_time":"2024-08-16T13:17:46+00:00","twitter_card":"summary_large_image","twitter_misc":{"Gesch\u00e4tzte Lesezeit":"4\u00a0Minuten"},"schema":{"@context":"https:\/\/schema.org","@graph":[{"@type":"WebPage","@id":"https:\/\/www.minipak.net\/de\/ueber-uns\/","url":"https:\/\/www.minipak.net\/de\/ueber-uns\/","name":"\u00dcber uns | MINIPAK","isPartOf":{"@id":"https:\/\/www.minipak.net\/de\/#website"},"datePublished":"2022-12-11T16:40:49+00:00","dateModified":"2024-08-16T13:17:46+00:00","description":"Wir sind ein familiengef\u00fchrter Fertigungsbetrieb f\u00fcr Sachets mit Sitz in der Slowakei. Seit 1992 bieten wir erfolgreich erschwingliche, kundenorientierte Sachet-Abf\u00fcll- und Verpackungsdienstleistungen an.","breadcrumb":{"@id":"https:\/\/www.minipak.net\/de\/ueber-uns\/#breadcrumb"},"inLanguage":"de","potentialAction":[{"@type":"ReadAction","target":["https:\/\/www.minipak.net\/de\/ueber-uns\/"]}]},{"@type":"BreadcrumbList","@id":"https:\/\/www.minipak.net\/de\/ueber-uns\/#breadcrumb","itemListElement":[{"@type":"ListItem","position":1,"name":"Domovsk\u00e1 str\u00e1nka","item":"https:\/\/www.minipak.net\/de\/"},{"@type":"ListItem","position":2,"name":"\u00dcber uns"}]},{"@type":"WebSite","@id":"https:\/\/www.minipak.net\/de\/#website","url":"https:\/\/www.minipak.net\/de\/","name":"MINIPAK - Sachet sample packaging","description":"","publisher":{"@id":"https:\/\/www.minipak.net\/de\/#organization"},"potentialAction":[{"@type":"SearchAction","target":{"@type":"EntryPoint","urlTemplate":"https:\/\/www.minipak.net\/de\/?s={search_term_string}"},"query-input":{"@type":"PropertyValueSpecification","valueRequired":true,"valueName":"search_term_string"}}],"inLanguage":"de"},{"@type":"Organization","@id":"https:\/\/www.minipak.net\/de\/#organization","name":"MINIPAK","url":"https:\/\/www.minipak.net\/de\/","logo":{"@type":"ImageObject","inLanguage":"de","@id":"https:\/\/www.minipak.net\/de\/#\/schema\/logo\/image\/","url":"https:\/\/www.minipak.net\/wp-content\/uploads\/2022\/12\/logo_minipak.svg","contentUrl":"https:\/\/www.minipak.net\/wp-content\/uploads\/2022\/12\/logo_minipak.svg","width":119,"height":32,"caption":"MINIPAK"},"image":{"@id":"https:\/\/www.minipak.net\/de\/#\/schema\/logo\/image\/"}}]}},"_links":{"self":[{"href":"https:\/\/www.minipak.net\/de\/wp-json\/wp\/v2\/pages\/2096","targetHints":{"allow":["GET"]}}],"collection":[{"href":"https:\/\/www.minipak.net\/de\/wp-json\/wp\/v2\/pages"}],"about":[{"href":"https:\/\/www.minipak.net\/de\/wp-json\/wp\/v2\/types\/page"}],"author":[{"embeddable":true,"href":"https:\/\/www.minipak.net\/de\/wp-json\/wp\/v2\/users\/1"}],"replies":[{"embeddable":true,"href":"https:\/\/www.minipak.net\/de\/wp-json\/wp\/v2\/comments?post=2096"}],"version-history":[{"count":2,"href":"https:\/\/www.minipak.net\/de\/wp-json\/wp\/v2\/pages\/2096\/revisions"}],"predecessor-version":[{"id":2252,"href":"https:\/\/www.minipak.net\/de\/wp-json\/wp\/v2\/pages\/2096\/revisions\/2252"}],"wp:attachment":[{"href":"https:\/\/www.minipak.net\/de\/wp-json\/wp\/v2\/media?parent=2096"}],"curies":[{"name":"wp","href":"https:\/\/api.w.org\/{rel}","templated":true}]}}