{"id":2077,"date":"2022-12-12T15:29:39","date_gmt":"2022-12-12T15:29:39","guid":{"rendered":"https:\/\/www.minipak.net\/contact\/"},"modified":"2024-08-16T13:18:40","modified_gmt":"2024-08-16T13:18:40","slug":"kontakt","status":"publish","type":"page","link":"https:\/\/www.minipak.net\/de\/kontakt\/","title":{"rendered":"Kontakt"},"content":{"rendered":"<section class=\"l-section wpb_row us_custom_43361e24 height_medium\"><div class=\"l-section-h i-cf\"><div class=\"g-cols vc_row via_grid cols_1 laptops-cols_inherit tablets-cols_inherit mobiles-cols_1 valign_top type_default reversed stacking_default\"><div class=\"wpb_column vc_column_container us_custom_63a8e29b\"><div class=\"vc_column-inner\"><div class=\"g-cols wpb_row us_custom_7f5dfc36 via_grid cols_2 laptops-cols_inherit tablets-cols_inherit mobiles-cols_1 valign_middle type_default stacking_default\" style=\"grid-gap:0rem;\"><div class=\"wpb_column vc_column_container us_custom_f16fdf46 hide_on_tablets hide_on_mobiles\"><div class=\"vc_column-inner\"><div class=\"wpb_text_column us_custom_e469de7f has_text_color hide_on_tablets hide_on_mobiles\"><div class=\"wpb_wrapper\"><h1>Kontakt<\/h1>\n<\/div><\/div><div class=\"w-iconbox us_custom_8d5aa4e2 iconpos_left style_default color_primary align_left no_title\"><div class=\"w-iconbox-icon\" style=\"font-size:2rem;\"><i class=\"far fa-clock\"><\/i><\/div><div class=\"w-iconbox-meta\"><div class=\"w-iconbox-text\"><p>Wir antworten in der Regel innerhalb eines Werktages.<\/p>\n<\/div><\/div><\/div><div class=\"w-iconbox us_custom_8d5aa4e2 iconpos_left style_default color_primary align_left no_title\"><div class=\"w-iconbox-icon\" style=\"font-size:2rem;\"><i class=\"fas fa-map-marker-alt\"><\/i><\/div><div class=\"w-iconbox-meta\"><div class=\"w-iconbox-text\"><p><strong>MINIPAK s.r.o.<\/strong><br \/>\n<span style=\"color: #8c837a;\">Jozefa Hagaru 9, 831 51 Bratislava, Slovakia<\/span><br \/>\n<a href=\"https:\/\/www.minipak.net\/de\/impressum\/\">Impressum<\/a> | <a href=\"https:\/\/maps.app.goo.gl\/oRGJvQtcRqj12bob9\" target=\"_blank\" rel=\"noopener\">Auf der Karte anzeigen<\/a><\/p>\n<\/div><\/div><\/div><\/div><\/div><div class=\"wpb_column vc_column_container minipak_form page\"><div class=\"vc_column-inner\"><div class=\"wpb_text_column us_custom_514c7f0f has_text_color hide_on_default hide_on_laptops\"><div class=\"wpb_wrapper\"><h1>Kontakt<\/h1>\n<\/div><\/div><div class=\"w-iconbox us_custom_2dbf7b3f hide_on_default hide_on_laptops iconpos_left style_default color_primary align_left no_title\"><div class=\"w-iconbox-icon\" style=\"font-size:2rem;\"><i class=\"far fa-clock\"><\/i><\/div><div class=\"w-iconbox-meta\"><div class=\"w-iconbox-text\"><p>Wir antworten in der Regel innerhalb eines Werktages.<\/p>\n<\/div><\/div><\/div><div class=\"wpb_text_column\"><div class=\"wpb_wrapper\"><div class=\"minipak_wpcf\">\n<div class=\"loader\">\n<div class=\"paging\"><\/div>\n<div class=\"loadbar\"><\/div>\n<\/div>\n\n<div class=\"wpcf7 no-js\" id=\"wpcf7-f1491-o1\" lang=\"de-DE\" dir=\"ltr\">\n<div class=\"screen-reader-response\"><p role=\"status\" aria-live=\"polite\" aria-atomic=\"true\"><\/p> <ul><\/ul><\/div>\n<form action=\"\/de\/wp-json\/wp\/v2\/pages\/2077#wpcf7-f1491-o1\" method=\"post\" class=\"wpcf7-form init\" aria-label=\"Kontaktformular\" enctype=\"multipart\/form-data\" novalidate=\"novalidate\" data-status=\"init\">\n<div style=\"display: none;\">\n<input type=\"hidden\" name=\"_wpcf7\" value=\"1491\" \/>\n<input type=\"hidden\" name=\"_wpcf7_version\" value=\"5.9.8\" \/>\n<input type=\"hidden\" name=\"_wpcf7_locale\" value=\"de_DE\" \/>\n<input type=\"hidden\" name=\"_wpcf7_unit_tag\" value=\"wpcf7-f1491-o1\" \/>\n<input type=\"hidden\" name=\"_wpcf7_container_post\" value=\"0\" \/>\n<input type=\"hidden\" name=\"_wpcf7_posted_data_hash\" value=\"\" \/>\n<input type=\"hidden\" name=\"_wpcf7cf_hidden_group_fields\" value=\"[]\" \/>\n<input type=\"hidden\" name=\"_wpcf7cf_hidden_groups\" value=\"[]\" \/>\n<input type=\"hidden\" name=\"_wpcf7cf_visible_groups\" value=\"[]\" \/>\n<input type=\"hidden\" name=\"_wpcf7cf_repeaters\" value=\"[]\" \/>\n<input type=\"hidden\" name=\"_wpcf7cf_steps\" value=\"{}\" \/>\n<input type=\"hidden\" name=\"_wpcf7cf_options\" value=\"{&quot;form_id&quot;:1491,&quot;conditions&quot;:[],&quot;settings&quot;:{&quot;animation&quot;:&quot;yes&quot;,&quot;animation_intime&quot;:200,&quot;animation_outtime&quot;:200,&quot;conditions_ui&quot;:&quot;normal&quot;,&quot;notice_dismissed&quot;:false,&quot;notice_dismissed_update-cf7-5.7.3&quot;:true}}\" \/>\n<\/div>\n<div class=\"step1\">\n\t<p><label>Name<br \/>\n<span class=\"wpcf7-form-control-wrap\" data-name=\"your-name\"><input size=\"40\" maxlength=\"400\" class=\"wpcf7-form-control wpcf7-text wpcf7-validates-as-required\" autocomplete=\"name\" aria-required=\"true\" aria-invalid=\"false\" placeholder=\"Name\" value=\"\" type=\"text\" name=\"your-name\" \/><\/span> <\/label>\n\t<\/p>\n\t<p><label> Arbeits-E-Mail<br \/>\n<span class=\"wpcf7-form-control-wrap\" data-name=\"email\"><input size=\"40\" maxlength=\"400\" class=\"wpcf7-form-control wpcf7-email wpcf7-validates-as-required wpcf7-text wpcf7-validates-as-email\" autocomplete=\"email\" aria-required=\"true\" aria-invalid=\"false\" placeholder=\"@\" value=\"\" type=\"email\" name=\"email\" \/><\/span> <\/label>\n\t<\/p>\n\t<p><label> Firmenname<br \/>\n<span class=\"wpcf7-form-control-wrap\" data-name=\"company\"><input size=\"40\" maxlength=\"400\" class=\"wpcf7-form-control wpcf7-text wpcf7-validates-as-required\" aria-required=\"true\" aria-invalid=\"false\" placeholder=\"Firmenname\" value=\"\" type=\"text\" name=\"company\" \/><\/span> <\/label>\n\t<\/p>\n\t<p><label> Wie k\u00f6nnen wir Ihnen helfen?<br \/>\n<span class=\"wpcf7-form-control-wrap\" data-name=\"help\"><select class=\"wpcf7-form-control wpcf7-select wpcf7-validates-as-required\" aria-required=\"true\" aria-invalid=\"false\" name=\"help\"><option value=\"Ich interessiere mich f\u00fcr das Preisangebot f\u00fcr Ihre Sachets-Verpackungen.\">Ich interessiere mich f\u00fcr das Preisangebot f\u00fcr Ihre Sachets-Verpackungen.<\/option><option value=\"Ich m\u00f6chte Ihr Probenpaket erhalten.\">Ich m\u00f6chte Ihr Probenpaket erhalten.<\/option><option value=\"Ich habe weitere Fragen zu Ihren Verpackungsdienstleistungen.\">Ich habe weitere Fragen zu Ihren Verpackungsdienstleistungen.<\/option><\/select><\/span><\/label><br \/>\n<a class=\"w-btn us-btn-style_4 step\" href=\"#\"><span class=\"w-btn-label\">Bitte fortfahren<\/span><span class=\"ripple-container\"><\/span><\/a>\n\t<\/p>\n<\/div>\n<div class=\"step2\">\n\t<div class=\"opt1\">\n\t\t<p><label>Bitte w\u00e4hlen Sie Ihre bevorzugte Sachets-Verpackungsfolie.<br \/>\n<span class=\"wpcf7-form-control-wrap\" data-name=\"packaging\"><select class=\"wpcf7-form-control wpcf7-select wpcf7-validates-as-required\" aria-required=\"true\" aria-invalid=\"false\" name=\"packaging\"><option value=\"Nicht recycelbar\">Nicht recycelbar<\/option><option value=\"Recycelbar\">Recycelbar<\/option><\/select><\/span><\/label>\n\t\t<\/p>\n\t\t<p><label> Wie sieht die Konsistenz Ihrer Produkte aus?<br \/>\n<span class=\"wpcf7-form-control-wrap\" data-name=\"consistency\"><select class=\"wpcf7-form-control wpcf7-select wpcf7-validates-as-required\" aria-required=\"true\" aria-invalid=\"false\" name=\"consistency\"><option value=\"Fl\u00fcssig (Creme, \u00d6l, Gel oder \u00e4hnliches)\">Fl\u00fcssig (Creme, \u00d6l, Gel oder \u00e4hnliches)<\/option><option value=\"Puder\">Puder<\/option><option value=\"Fest (Kapseln, Nikotinbeutel oder \u00e4hnliches)\">Fest (Kapseln, Nikotinbeutel oder \u00e4hnliches)<\/option><\/select><\/span><\/label>\n\t\t<\/p>\n\t\t<p><label> Wie viel Produkt sollen wir in Sachets abf\u00fcllen (z. B. 2 ml, 5 g, 1 St\u00fcck\/Sachet)??<br \/>\n<span class=\"wpcf7-form-control-wrap\" data-name=\"how-much\"><input size=\"40\" maxlength=\"400\" class=\"wpcf7-form-control wpcf7-text wpcf7-validates-as-required\" aria-required=\"true\" aria-invalid=\"false\" placeholder=\"Menge\" value=\"\" type=\"text\" name=\"how-much\" \/><\/span><\/label>\n\t\t<\/p>\n\t\t<p><label> Wie hoch ist Ihre geplante Gesamtbestellmenge, und wie viele einzelne Produkte gibt es?<br \/>\n<span class=\"wpcf7-form-control-wrap\" data-name=\"how-many-quantity\"><input size=\"40\" maxlength=\"400\" class=\"wpcf7-form-control wpcf7-text wpcf7-validates-as-required\" aria-required=\"true\" aria-invalid=\"false\" placeholder=\"Menge\" value=\"\" type=\"text\" name=\"how-many-quantity\" \/><\/span><\/label>\n\t\t<\/p>\n\t\t<p><span class=\"notes\">Bitte beachten Sie, dass unsere Standard-Mindestbestellmenge bei 5.000 Sachets\/SKU oder Vorlage liegt.<\/span>\n\t\t<\/p>\n\t\t<p><label>Gibt es noch etwas, das wir wissen sollten?<span class=\"wpcf7-form-control-wrap\" data-name=\"know\"><textarea cols=\"40\" rows=\"10\" maxlength=\"2000\" class=\"wpcf7-form-control wpcf7-textarea\" aria-invalid=\"false\" placeholder=\"Nachricht\" name=\"know\"><\/textarea><\/span><\/label>\n\t\t<\/p>\n\t\t<p><label> Datei hochladen<br \/>\n<span class=\"wpcf7-form-control-wrap\" data-name=\"file\"><input size=\"40\" class=\"wpcf7-form-control wpcf7-file\" accept=\"audio\/*,video\/*,image\/*\" aria-invalid=\"false\" type=\"file\" name=\"file\" \/><\/span><\/label>\n\t\t<\/p>\n\t<\/div>\n\t<div class=\"opt2\">\n\t\t<p><label>Lieferadresse in der EU<span class=\"wpcf7-form-control-wrap\" data-name=\"eu-address\"><input size=\"40\" maxlength=\"400\" class=\"wpcf7-form-control wpcf7-text wpcf7-validates-as-required\" aria-required=\"true\" aria-invalid=\"false\" placeholder=\"Lieferadresse in der EU\" value=\"\" type=\"text\" name=\"eu-address\" \/><\/span><\/label>\n\t\t<\/p>\n\t\t<p><label>Name der Kontaktperson<br \/>\n<span class=\"wpcf7-form-control-wrap\" data-name=\"person-name\"><input size=\"40\" maxlength=\"400\" class=\"wpcf7-form-control wpcf7-text wpcf7-validates-as-required\" aria-required=\"true\" aria-invalid=\"false\" placeholder=\"Name\" value=\"\" type=\"text\" name=\"person-name\" \/><\/span><\/label>\n\t\t<\/p>\n\t\t<p><label>Telefonnummer der Kontaktperson<br \/>\n<span class=\"wpcf7-form-control-wrap\" data-name=\"phone-number\"><input size=\"40\" maxlength=\"400\" class=\"wpcf7-form-control wpcf7-tel wpcf7-validates-as-required wpcf7-text wpcf7-validates-as-tel\" aria-required=\"true\" aria-invalid=\"false\" placeholder=\"Telefonnummer\" value=\"\" type=\"tel\" name=\"phone-number\" \/><\/span><\/label>\n\t\t<\/p>\n\t\t<p><label>Worum handelt es sich bei Ihrem Projekt??<span class=\"wpcf7-form-control-wrap\" data-name=\"know\"><textarea cols=\"40\" rows=\"10\" maxlength=\"2000\" class=\"wpcf7-form-control wpcf7-textarea\" aria-invalid=\"false\" placeholder=\"Bitte informieren Sie uns n\u00e4her \u00fcber Ihr geplantes Verpackungsprojekt, damit wir die f\u00fcr Sie relevantesten Muster ausw\u00e4hlen k\u00f6nnen.\" name=\"know\"><\/textarea><\/span><\/label>\n\t\t<\/p>\n\t\t<p><label> Datei hochladen<br \/>\n<span class=\"wpcf7-form-control-wrap\" data-name=\"file\"><input size=\"40\" class=\"wpcf7-form-control wpcf7-file\" accept=\"audio\/*,video\/*,image\/*\" aria-invalid=\"false\" type=\"file\" name=\"file\" \/><\/span><\/label>\n\t\t<\/p>\n\t<\/div>\n\t<div class=\"opt3\">\n\t\t<p><label>Gibt es noch etwas, das wir wissen sollten?<br \/>\n<span class=\"wpcf7-form-control-wrap\" data-name=\"message-last\"><textarea cols=\"40\" rows=\"10\" maxlength=\"2000\" class=\"wpcf7-form-control wpcf7-textarea wpcf7-validates-as-required\" aria-required=\"true\" aria-invalid=\"false\" placeholder=\"Nachricht\" name=\"message-last\"><\/textarea><\/span><\/label>\n\t\t<\/p>\n\t\t<p><label> Datei hochladen<br \/>\n<span class=\"wpcf7-form-control-wrap\" data-name=\"file\"><input size=\"40\" class=\"wpcf7-form-control wpcf7-file\" accept=\"audio\/*,video\/*,image\/*\" aria-invalid=\"false\" type=\"file\" name=\"file\" \/><\/span><\/label>\n\t\t<\/p>\n\t<\/div>\n\t<p><input class=\"wpcf7-form-control wpcf7-submit has-spinner\" type=\"submit\" value=\"Senden\" \/>\n\t<\/p>\n<\/div>\n<div class=\"complete\">\n\t<p>Ihre Nachricht wurde gesendet.\n\t<\/p>\n<\/div><p style=\"display: none !important;\" class=\"akismet-fields-container\" data-prefix=\"_wpcf7_ak_\"><label>&#916;<textarea name=\"_wpcf7_ak_hp_textarea\" cols=\"45\" rows=\"8\" maxlength=\"100\"><\/textarea><\/label><input type=\"hidden\" id=\"ak_js_1\" name=\"_wpcf7_ak_js\" value=\"234\"\/><script>document.getElementById( \"ak_js_1\" ).setAttribute( \"value\", ( new Date() ).getTime() );<\/script><\/p><div class=\"wpcf7-response-output\" aria-hidden=\"true\"><\/div>\n<\/form>\n<\/div>\n<\/div>\n<\/div><\/div><div class=\"w-iconbox us_custom_72fc42ef hide_on_default hide_on_laptops iconpos_left style_default color_primary align_left no_title\"><div class=\"w-iconbox-icon\" style=\"font-size:2rem;\"><i class=\"fas fa-map-marker-alt\"><\/i><\/div><div class=\"w-iconbox-meta\"><div class=\"w-iconbox-text\"><p><strong>MINIPAK s.r.o.<\/strong><br \/>\n<span style=\"color: #8c837a;\">Jozefa Hagaru 9<br \/>\n831 51 Bratislava<br \/>\nSlovakia<\/span><br \/>\n<a href=\"https:\/\/www.minipak.net\/de\/impressum\/\">Impressum<\/a> | <a href=\"https:\/\/maps.app.goo.gl\/oRGJvQtcRqj12bob9\" target=\"_blank\" rel=\"noopener\">Auf der Karte anzeigen<\/a><\/p>\n<\/div><\/div><\/div><\/div><\/div><\/div><\/div><\/div><\/div><\/div><\/section>\n","protected":false},"excerpt":{"rendered":"Kontakt Wir antworten in der Regel innerhalb eines Werktages. MINIPAK s.r.o. Jozefa Hagaru 9, 831 51 Bratislava, Slovakia Impressum | Auf der Karte anzeigen Kontakt Wir antworten in der Regel innerhalb eines Werktages. Name Arbeits-E-Mail Firmenname Wie k\u00f6nnen wir Ihnen helfen? Ich interessiere mich f\u00fcr das Preisangebot f\u00fcr Ihre Sachets-Verpackungen.Ich m\u00f6chte Ihr Probenpaket erhalten.Ich habe...","protected":false},"author":1,"featured_media":0,"parent":0,"menu_order":0,"comment_status":"closed","ping_status":"closed","template":"","meta":{"inline_featured_image":false,"footnotes":""},"class_list":["post-2077","page","type-page","status-publish","hentry"],"acf":[],"yoast_head":"<!-- This site is optimized with the Yoast SEO plugin v23.5 - https:\/\/yoast.com\/wordpress\/plugins\/seo\/ -->\n<title>Kontakt | MINIPAK<\/title>\n<meta name=\"robots\" content=\"index, follow, max-snippet:-1, max-image-preview:large, max-video-preview:-1\" \/>\n<link rel=\"canonical\" href=\"https:\/\/www.minipak.net\/de\/kontakt\/\" \/>\n<meta property=\"og:locale\" content=\"de_DE\" \/>\n<meta property=\"og:type\" content=\"article\" \/>\n<meta property=\"og:title\" content=\"Kontakt | MINIPAK\" \/>\n<meta property=\"og:url\" content=\"https:\/\/www.minipak.net\/de\/kontakt\/\" \/>\n<meta property=\"og:site_name\" content=\"minipak\" \/>\n<meta property=\"article:modified_time\" content=\"2024-08-16T13:18:40+00:00\" \/>\n<meta name=\"twitter:card\" content=\"summary_large_image\" \/>\n<meta name=\"twitter:label1\" content=\"Gesch\u00e4tzte Lesezeit\" \/>\n\t<meta name=\"twitter:data1\" content=\"1\u00a0Minute\" \/>\n<script type=\"application\/ld+json\" class=\"yoast-schema-graph\">{\"@context\":\"https:\/\/schema.org\",\"@graph\":[{\"@type\":\"WebPage\",\"@id\":\"https:\/\/www.minipak.net\/de\/kontakt\/\",\"url\":\"https:\/\/www.minipak.net\/de\/kontakt\/\",\"name\":\"Kontakt | MINIPAK\",\"isPartOf\":{\"@id\":\"https:\/\/www.minipak.net\/de\/#website\"},\"datePublished\":\"2022-12-12T15:29:39+00:00\",\"dateModified\":\"2024-08-16T13:18:40+00:00\",\"breadcrumb\":{\"@id\":\"https:\/\/www.minipak.net\/de\/kontakt\/#breadcrumb\"},\"inLanguage\":\"de\",\"potentialAction\":[{\"@type\":\"ReadAction\",\"target\":[\"https:\/\/www.minipak.net\/de\/kontakt\/\"]}]},{\"@type\":\"BreadcrumbList\",\"@id\":\"https:\/\/www.minipak.net\/de\/kontakt\/#breadcrumb\",\"itemListElement\":[{\"@type\":\"ListItem\",\"position\":1,\"name\":\"Domovsk\u00e1 str\u00e1nka\",\"item\":\"https:\/\/www.minipak.net\/de\/\"},{\"@type\":\"ListItem\",\"position\":2,\"name\":\"Kontakt\"}]},{\"@type\":\"WebSite\",\"@id\":\"https:\/\/www.minipak.net\/de\/#website\",\"url\":\"https:\/\/www.minipak.net\/de\/\",\"name\":\"MINIPAK - Sachet sample packaging\",\"description\":\"\",\"publisher\":{\"@id\":\"https:\/\/www.minipak.net\/de\/#organization\"},\"potentialAction\":[{\"@type\":\"SearchAction\",\"target\":{\"@type\":\"EntryPoint\",\"urlTemplate\":\"https:\/\/www.minipak.net\/de\/?s={search_term_string}\"},\"query-input\":{\"@type\":\"PropertyValueSpecification\",\"valueRequired\":true,\"valueName\":\"search_term_string\"}}],\"inLanguage\":\"de\"},{\"@type\":\"Organization\",\"@id\":\"https:\/\/www.minipak.net\/de\/#organization\",\"name\":\"MINIPAK\",\"url\":\"https:\/\/www.minipak.net\/de\/\",\"logo\":{\"@type\":\"ImageObject\",\"inLanguage\":\"de\",\"@id\":\"https:\/\/www.minipak.net\/de\/#\/schema\/logo\/image\/\",\"url\":\"https:\/\/www.minipak.net\/wp-content\/uploads\/2022\/12\/logo_minipak.svg\",\"contentUrl\":\"https:\/\/www.minipak.net\/wp-content\/uploads\/2022\/12\/logo_minipak.svg\",\"width\":119,\"height\":32,\"caption\":\"MINIPAK\"},\"image\":{\"@id\":\"https:\/\/www.minipak.net\/de\/#\/schema\/logo\/image\/\"}}]}<\/script>\n<!-- \/ Yoast SEO plugin. -->","yoast_head_json":{"title":"Kontakt | MINIPAK","robots":{"index":"index","follow":"follow","max-snippet":"max-snippet:-1","max-image-preview":"max-image-preview:large","max-video-preview":"max-video-preview:-1"},"canonical":"https:\/\/www.minipak.net\/de\/kontakt\/","og_locale":"de_DE","og_type":"article","og_title":"Kontakt | MINIPAK","og_url":"https:\/\/www.minipak.net\/de\/kontakt\/","og_site_name":"minipak","article_modified_time":"2024-08-16T13:18:40+00:00","twitter_card":"summary_large_image","twitter_misc":{"Gesch\u00e4tzte Lesezeit":"1\u00a0Minute"},"schema":{"@context":"https:\/\/schema.org","@graph":[{"@type":"WebPage","@id":"https:\/\/www.minipak.net\/de\/kontakt\/","url":"https:\/\/www.minipak.net\/de\/kontakt\/","name":"Kontakt | MINIPAK","isPartOf":{"@id":"https:\/\/www.minipak.net\/de\/#website"},"datePublished":"2022-12-12T15:29:39+00:00","dateModified":"2024-08-16T13:18:40+00:00","breadcrumb":{"@id":"https:\/\/www.minipak.net\/de\/kontakt\/#breadcrumb"},"inLanguage":"de","potentialAction":[{"@type":"ReadAction","target":["https:\/\/www.minipak.net\/de\/kontakt\/"]}]},{"@type":"BreadcrumbList","@id":"https:\/\/www.minipak.net\/de\/kontakt\/#breadcrumb","itemListElement":[{"@type":"ListItem","position":1,"name":"Domovsk\u00e1 str\u00e1nka","item":"https:\/\/www.minipak.net\/de\/"},{"@type":"ListItem","position":2,"name":"Kontakt"}]},{"@type":"WebSite","@id":"https:\/\/www.minipak.net\/de\/#website","url":"https:\/\/www.minipak.net\/de\/","name":"MINIPAK - Sachet sample packaging","description":"","publisher":{"@id":"https:\/\/www.minipak.net\/de\/#organization"},"potentialAction":[{"@type":"SearchAction","target":{"@type":"EntryPoint","urlTemplate":"https:\/\/www.minipak.net\/de\/?s={search_term_string}"},"query-input":{"@type":"PropertyValueSpecification","valueRequired":true,"valueName":"search_term_string"}}],"inLanguage":"de"},{"@type":"Organization","@id":"https:\/\/www.minipak.net\/de\/#organization","name":"MINIPAK","url":"https:\/\/www.minipak.net\/de\/","logo":{"@type":"ImageObject","inLanguage":"de","@id":"https:\/\/www.minipak.net\/de\/#\/schema\/logo\/image\/","url":"https:\/\/www.minipak.net\/wp-content\/uploads\/2022\/12\/logo_minipak.svg","contentUrl":"https:\/\/www.minipak.net\/wp-content\/uploads\/2022\/12\/logo_minipak.svg","width":119,"height":32,"caption":"MINIPAK"},"image":{"@id":"https:\/\/www.minipak.net\/de\/#\/schema\/logo\/image\/"}}]}},"_links":{"self":[{"href":"https:\/\/www.minipak.net\/de\/wp-json\/wp\/v2\/pages\/2077","targetHints":{"allow":["GET"]}}],"collection":[{"href":"https:\/\/www.minipak.net\/de\/wp-json\/wp\/v2\/pages"}],"about":[{"href":"https:\/\/www.minipak.net\/de\/wp-json\/wp\/v2\/types\/page"}],"author":[{"embeddable":true,"href":"https:\/\/www.minipak.net\/de\/wp-json\/wp\/v2\/users\/1"}],"replies":[{"embeddable":true,"href":"https:\/\/www.minipak.net\/de\/wp-json\/wp\/v2\/comments?post=2077"}],"version-history":[{"count":3,"href":"https:\/\/www.minipak.net\/de\/wp-json\/wp\/v2\/pages\/2077\/revisions"}],"predecessor-version":[{"id":2460,"href":"https:\/\/www.minipak.net\/de\/wp-json\/wp\/v2\/pages\/2077\/revisions\/2460"}],"wp:attachment":[{"href":"https:\/\/www.minipak.net\/de\/wp-json\/wp\/v2\/media?parent=2077"}],"curies":[{"name":"wp","href":"https:\/\/api.w.org\/{rel}","templated":true}]}}