{"id":3233,"date":"2022-12-11T15:50:49","date_gmt":"2022-12-11T15:50:49","guid":{"rendered":"https:\/\/www.minipak.net\/certification\/"},"modified":"2024-10-30T13:07:06","modified_gmt":"2024-10-30T13:07:06","slug":"kvalita","status":"publish","type":"page","link":"https:\/\/www.minipak.net\/cz\/kvalita\/","title":{"rendered":"Kvalita"},"content":{"rendered":"<section class=\"l-section wpb_row us_custom_08c77000 height_medium\"><div class=\"l-section-h i-cf\"><div class=\"g-cols vc_row via_grid cols_2 laptops-cols_inherit tablets-cols_inherit mobiles-cols_1 valign_top type_default stacking_default\"><div class=\"wpb_column vc_column_container\"><div class=\"vc_column-inner\"><div class=\"wpb_text_column us_custom_2aa4ebcf has_text_color\"><div class=\"wpb_wrapper\"><h1>Kvalita<\/h1>\n<\/div><\/div><div class=\"wpb_text_column us_custom_87328569 has_text_color\"><div class=\"wpb_wrapper\"><p>Na\u0161e procesy jsou nastaveny tak, aby spl\u0148ovaly p\u0159\u00edsn\u00e9 mezin\u00e1rodn\u00ed normy kvality, kter\u00e9 se vztahuj\u00ed na balen\u00ed kosmetick\u00fdch p\u0159\u00edpravk\u016f, potravin a dal\u0161\u00edch spot\u0159ebn\u00edch v\u00fdrobk\u016f. V\u0161echny na\u0161e procesy jsou certifikov\u00e1ny podle norem ISO 22716 (GMP) a ISO 9001. Na\u0161e spole\u010dnost je pravideln\u011b kontrolov\u00e1na nez\u00e1visl\u00fdm certifika\u010dn\u00edm org\u00e1nem T\u00dcV S\u00dcD.<\/p>\n<p>M\u00e1me v\u00edce ne\u017e 30 let zku\u0161enost\u00ed s balen\u00edm. Na po\u017e\u00e1d\u00e1n\u00ed zajist\u00edme mikrobiologick\u00e9 testy, testy stability a kompatibility v nez\u00e1visl\u00e9 akreditovan\u00e9 laborato\u0159i.<\/p>\n<\/div><\/div><div class=\"g-cols wpb_row us_custom_8f2ba1f4 us_animate_this via_grid cols_2 laptops-cols_inherit tablets-cols_inherit mobiles-cols_1 valign_top type_default stacking_default\" style=\"grid-gap:12px;\"><div class=\"wpb_column vc_column_container us_custom_035423ab tuv_box has_bg_color\"><div class=\"vc_column-inner\"><div class=\"w-hwrapper open_certification align_none valign_middle\" id=\"certification1\" style=\"--hwrapper-gap:24px\"><div class=\"w-image align_none\"><div class=\"w-image-h\"><img loading=\"lazy\" decoding=\"async\" width=\"79\" height=\"79\" src=\"https:\/\/www.minipak.net\/wp-content\/uploads\/2022\/12\/image-18.png\" class=\"attachment-full size-full\" alt=\"\" \/><\/div><\/div><div class=\"wpb_text_column us_custom_6aa51426 has_text_color\"><div class=\"wpb_wrapper\"><p>ISO 9001:2016.<\/p>\n<\/div><\/div><\/div><\/div><\/div><div class=\"wpb_column vc_column_container us_custom_035423ab tuv_box has_bg_color\"><div class=\"vc_column-inner\"><div class=\"w-hwrapper open_certification align_none valign_middle\" id=\"certification2\" style=\"--hwrapper-gap:24px\"><div class=\"w-image open_certification certification2_open align_none\"><div class=\"w-image-h\"><img loading=\"lazy\" decoding=\"async\" width=\"79\" height=\"79\" src=\"https:\/\/www.minipak.net\/wp-content\/uploads\/2022\/12\/image-18.png\" class=\"attachment-full size-full\" alt=\"\" \/><\/div><\/div><div class=\"wpb_text_column us_custom_6aa51426 has_text_color\"><div class=\"wpb_wrapper\"><p>ISO 22716:2008.<\/p>\n<\/div><\/div><\/div><\/div><\/div><\/div><\/div><\/div><div class=\"wpb_column vc_column_container\"><div class=\"vc_column-inner\"><\/div><\/div><\/div><\/div><\/section><section class=\"l-section wpb_row hidden height_medium\"><div class=\"l-section-h i-cf\"><div class=\"g-cols vc_row via_grid cols_1 laptops-cols_inherit tablets-cols_inherit mobiles-cols_1 valign_top type_default stacking_default\"><div class=\"wpb_column vc_column_container\"><div class=\"vc_column-inner\"><div class=\"w-image certification_popup certification1 align_none\"><a href=\"https:\/\/www.minipak.net\/wp-content\/uploads\/2024\/10\/MINIPAK_ISO-9001_EN_2023_2026-scaled.webp\" ref=\"magnificPopup\" aria-label=\"Link\" class=\"w-image-h\"><img loading=\"lazy\" decoding=\"async\" width=\"724\" height=\"1024\" src=\"https:\/\/www.minipak.net\/wp-content\/uploads\/2024\/10\/MINIPAK_ISO-9001_EN_2023_2026-724x1024.webp\" class=\"attachment-large size-large\" alt=\"\" srcset=\"https:\/\/www.minipak.net\/wp-content\/uploads\/2024\/10\/MINIPAK_ISO-9001_EN_2023_2026-724x1024.webp 724w, https:\/\/www.minipak.net\/wp-content\/uploads\/2024\/10\/MINIPAK_ISO-9001_EN_2023_2026-212x300.webp 212w, https:\/\/www.minipak.net\/wp-content\/uploads\/2024\/10\/MINIPAK_ISO-9001_EN_2023_2026-scaled.webp 1809w\" sizes=\"auto, (max-width: 724px) 100vw, 724px\" \/><\/a><\/div><div class=\"w-image certification_popup certification2 align_none\"><a href=\"https:\/\/www.minipak.net\/wp-content\/uploads\/2024\/01\/15.238.518_MINIPAK_EN_page-0001.jpg\" ref=\"magnificPopup\" aria-label=\"Link\" class=\"w-image-h\"><img loading=\"lazy\" decoding=\"async\" width=\"724\" height=\"1024\" src=\"https:\/\/www.minipak.net\/wp-content\/uploads\/2024\/01\/15.238.518_MINIPAK_EN_page-0001-724x1024.jpg\" class=\"attachment-large size-large\" alt=\"\" srcset=\"https:\/\/www.minipak.net\/wp-content\/uploads\/2024\/01\/15.238.518_MINIPAK_EN_page-0001-724x1024.jpg 724w, https:\/\/www.minipak.net\/wp-content\/uploads\/2024\/01\/15.238.518_MINIPAK_EN_page-0001-212x300.jpg 212w, https:\/\/www.minipak.net\/wp-content\/uploads\/2024\/01\/15.238.518_MINIPAK_EN_page-0001.jpg 1240w\" sizes=\"auto, (max-width: 724px) 100vw, 724px\" \/><\/a><\/div><\/div><\/div><\/div><\/div><\/section>\n","protected":false},"excerpt":{"rendered":"Kvalita Na\u0161e procesy jsou nastaveny tak, aby spl\u0148ovaly p\u0159\u00edsn\u00e9 mezin\u00e1rodn\u00ed normy kvality, kter\u00e9 se vztahuj\u00ed na balen\u00ed kosmetick\u00fdch p\u0159\u00edpravk\u016f, potravin a dal\u0161\u00edch spot\u0159ebn\u00edch v\u00fdrobk\u016f. V\u0161echny na\u0161e procesy jsou certifikov\u00e1ny podle norem ISO 22716 (GMP) a ISO 9001. Na\u0161e spole\u010dnost je pravideln\u011b kontrolov\u00e1na nez\u00e1visl\u00fdm certifika\u010dn\u00edm org\u00e1nem T\u00dcV S\u00dcD. M\u00e1me v\u00edce ne\u017e 30 let zku\u0161enost\u00ed s balen\u00edm....","protected":false},"author":1,"featured_media":0,"parent":0,"menu_order":0,"comment_status":"closed","ping_status":"closed","template":"","meta":{"inline_featured_image":false,"footnotes":""},"class_list":["post-3233","page","type-page","status-publish","hentry"],"acf":[],"yoast_head":"<!-- This site is optimized with the Yoast SEO plugin v23.5 - https:\/\/yoast.com\/wordpress\/plugins\/seo\/ -->\n<title>Quality certification | MINIPAK<\/title>\n<meta name=\"robots\" content=\"index, follow, max-snippet:-1, max-image-preview:large, max-video-preview:-1\" \/>\n<link rel=\"canonical\" href=\"https:\/\/www.minipak.net\/cz\/kvalita\/\" \/>\n<meta property=\"og:locale\" content=\"en_US\" \/>\n<meta property=\"og:type\" content=\"article\" \/>\n<meta property=\"og:title\" content=\"Quality certification | MINIPAK\" \/>\n<meta property=\"og:url\" content=\"https:\/\/www.minipak.net\/cz\/kvalita\/\" \/>\n<meta property=\"og:site_name\" content=\"minipak\" \/>\n<meta property=\"article:modified_time\" content=\"2024-10-30T13:07:06+00:00\" \/>\n<meta name=\"twitter:card\" content=\"summary_large_image\" \/>\n<meta name=\"twitter:label1\" content=\"Est. reading time\" \/>\n\t<meta name=\"twitter:data1\" content=\"2 minutes\" \/>\n<script type=\"application\/ld+json\" class=\"yoast-schema-graph\">{\"@context\":\"https:\/\/schema.org\",\"@graph\":[{\"@type\":\"WebPage\",\"@id\":\"https:\/\/www.minipak.net\/cz\/kvalita\/\",\"url\":\"https:\/\/www.minipak.net\/cz\/kvalita\/\",\"name\":\"Quality certification | MINIPAK\",\"isPartOf\":{\"@id\":\"https:\/\/www.minipak.net\/cz\/#website\"},\"datePublished\":\"2022-12-11T15:50:49+00:00\",\"dateModified\":\"2024-10-30T13:07:06+00:00\",\"breadcrumb\":{\"@id\":\"https:\/\/www.minipak.net\/cz\/kvalita\/#breadcrumb\"},\"inLanguage\":\"cz-CZ\",\"potentialAction\":[{\"@type\":\"ReadAction\",\"target\":[\"https:\/\/www.minipak.net\/cz\/kvalita\/\"]}]},{\"@type\":\"BreadcrumbList\",\"@id\":\"https:\/\/www.minipak.net\/cz\/kvalita\/#breadcrumb\",\"itemListElement\":[{\"@type\":\"ListItem\",\"position\":1,\"name\":\"Domovsk\u00e1 str\u00e1nka\",\"item\":\"https:\/\/www.minipak.net\/cz\/\"},{\"@type\":\"ListItem\",\"position\":2,\"name\":\"Kvalita\"}]},{\"@type\":\"WebSite\",\"@id\":\"https:\/\/www.minipak.net\/cz\/#website\",\"url\":\"https:\/\/www.minipak.net\/cz\/\",\"name\":\"MINIPAK - Sachet sample packaging\",\"description\":\"\",\"publisher\":{\"@id\":\"https:\/\/www.minipak.net\/cz\/#organization\"},\"potentialAction\":[{\"@type\":\"SearchAction\",\"target\":{\"@type\":\"EntryPoint\",\"urlTemplate\":\"https:\/\/www.minipak.net\/cz\/?s={search_term_string}\"},\"query-input\":{\"@type\":\"PropertyValueSpecification\",\"valueRequired\":true,\"valueName\":\"search_term_string\"}}],\"inLanguage\":\"cz-CZ\"},{\"@type\":\"Organization\",\"@id\":\"https:\/\/www.minipak.net\/cz\/#organization\",\"name\":\"MINIPAK\",\"url\":\"https:\/\/www.minipak.net\/cz\/\",\"logo\":{\"@type\":\"ImageObject\",\"inLanguage\":\"cz-CZ\",\"@id\":\"https:\/\/www.minipak.net\/cz\/#\/schema\/logo\/image\/\",\"url\":\"https:\/\/www.minipak.net\/wp-content\/uploads\/2022\/12\/logo_minipak.svg\",\"contentUrl\":\"https:\/\/www.minipak.net\/wp-content\/uploads\/2022\/12\/logo_minipak.svg\",\"width\":119,\"height\":32,\"caption\":\"MINIPAK\"},\"image\":{\"@id\":\"https:\/\/www.minipak.net\/cz\/#\/schema\/logo\/image\/\"}}]}<\/script>\n<!-- \/ Yoast SEO plugin. -->","yoast_head_json":{"title":"Quality certification | MINIPAK","robots":{"index":"index","follow":"follow","max-snippet":"max-snippet:-1","max-image-preview":"max-image-preview:large","max-video-preview":"max-video-preview:-1"},"canonical":"https:\/\/www.minipak.net\/cz\/kvalita\/","og_locale":"en_US","og_type":"article","og_title":"Quality certification | MINIPAK","og_url":"https:\/\/www.minipak.net\/cz\/kvalita\/","og_site_name":"minipak","article_modified_time":"2024-10-30T13:07:06+00:00","twitter_card":"summary_large_image","twitter_misc":{"Est. reading time":"2 minutes"},"schema":{"@context":"https:\/\/schema.org","@graph":[{"@type":"WebPage","@id":"https:\/\/www.minipak.net\/cz\/kvalita\/","url":"https:\/\/www.minipak.net\/cz\/kvalita\/","name":"Quality certification | MINIPAK","isPartOf":{"@id":"https:\/\/www.minipak.net\/cz\/#website"},"datePublished":"2022-12-11T15:50:49+00:00","dateModified":"2024-10-30T13:07:06+00:00","breadcrumb":{"@id":"https:\/\/www.minipak.net\/cz\/kvalita\/#breadcrumb"},"inLanguage":"cz-CZ","potentialAction":[{"@type":"ReadAction","target":["https:\/\/www.minipak.net\/cz\/kvalita\/"]}]},{"@type":"BreadcrumbList","@id":"https:\/\/www.minipak.net\/cz\/kvalita\/#breadcrumb","itemListElement":[{"@type":"ListItem","position":1,"name":"Domovsk\u00e1 str\u00e1nka","item":"https:\/\/www.minipak.net\/cz\/"},{"@type":"ListItem","position":2,"name":"Kvalita"}]},{"@type":"WebSite","@id":"https:\/\/www.minipak.net\/cz\/#website","url":"https:\/\/www.minipak.net\/cz\/","name":"MINIPAK - Sachet sample packaging","description":"","publisher":{"@id":"https:\/\/www.minipak.net\/cz\/#organization"},"potentialAction":[{"@type":"SearchAction","target":{"@type":"EntryPoint","urlTemplate":"https:\/\/www.minipak.net\/cz\/?s={search_term_string}"},"query-input":{"@type":"PropertyValueSpecification","valueRequired":true,"valueName":"search_term_string"}}],"inLanguage":"cz-CZ"},{"@type":"Organization","@id":"https:\/\/www.minipak.net\/cz\/#organization","name":"MINIPAK","url":"https:\/\/www.minipak.net\/cz\/","logo":{"@type":"ImageObject","inLanguage":"cz-CZ","@id":"https:\/\/www.minipak.net\/cz\/#\/schema\/logo\/image\/","url":"https:\/\/www.minipak.net\/wp-content\/uploads\/2022\/12\/logo_minipak.svg","contentUrl":"https:\/\/www.minipak.net\/wp-content\/uploads\/2022\/12\/logo_minipak.svg","width":119,"height":32,"caption":"MINIPAK"},"image":{"@id":"https:\/\/www.minipak.net\/cz\/#\/schema\/logo\/image\/"}}]}},"_links":{"self":[{"href":"https:\/\/www.minipak.net\/cz\/wp-json\/wp\/v2\/pages\/3233","targetHints":{"allow":["GET"]}}],"collection":[{"href":"https:\/\/www.minipak.net\/cz\/wp-json\/wp\/v2\/pages"}],"about":[{"href":"https:\/\/www.minipak.net\/cz\/wp-json\/wp\/v2\/types\/page"}],"author":[{"embeddable":true,"href":"https:\/\/www.minipak.net\/cz\/wp-json\/wp\/v2\/users\/1"}],"replies":[{"embeddable":true,"href":"https:\/\/www.minipak.net\/cz\/wp-json\/wp\/v2\/comments?post=3233"}],"version-history":[{"count":4,"href":"https:\/\/www.minipak.net\/cz\/wp-json\/wp\/v2\/pages\/3233\/revisions"}],"predecessor-version":[{"id":4335,"href":"https:\/\/www.minipak.net\/cz\/wp-json\/wp\/v2\/pages\/3233\/revisions\/4335"}],"wp:attachment":[{"href":"https:\/\/www.minipak.net\/cz\/wp-json\/wp\/v2\/media?parent=3233"}],"curies":[{"name":"wp","href":"https:\/\/api.w.org\/{rel}","templated":true}]}}